{"id":121709,"date":"2026-03-14T00:00:00","date_gmt":"2026-03-14T05:00:00","guid":{"rendered":"https:\/\/gpl-love.com\/es\/producto\/wpdata-tables\/"},"modified":"2026-03-14T17:16:03","modified_gmt":"2026-03-14T22:16:03","slug":"wpdata-tables","status":"publish","type":"product","link":"https:\/\/gpl-love.com\/es\/producto\/wpdata-tables\/","title":{"rendered":"wpDataTables 7.3.4"},"content":{"rendered":"<h3>wpDataTables Caracteristicas<\/h3>\n<p>Las tablas WPData, una herramienta incre\u00edblemente potente, proporciona a los usuarios la capacidad perfecta para crear y administrar sin esfuerzo las tablas dentro de WordPress. Esta herramienta excepcional cuenta con una interfaz intuitiva, junto con una amplia gama de caracter\u00edsticas, lo que permite a los usuarios generar tablas r\u00e1pidamente completas con campos personalizados, clasificar y filtrar datos sin esfuerzo, incorporar gr\u00e1ficos y gr\u00e1ficos visualmente atractivos, y mucho m\u00e1s. Independientemente de si su objetivo implica construir un cat\u00e1logo integral de productos, una tabla de precios bien estructurada o incluso una base de datos compleja, tenga la seguridad de que las tablas WPData poseen todas las capacidades necesarias esenciales para lograr sus objetivos de manera eficiente y efectiva. Adem\u00e1s, este complemento excepcional no solo ofrece un dise\u00f1o receptivo, sino que tambi\u00e9n ofrece opciones de estilo personalizables, asegurando que sus tablas posean una representaci\u00f3n visual inmaculada en todos los dispositivos y se combinen sin problemas con la est\u00e9tica de dise\u00f1o general de su sitio web. En consecuencia, se hace evidente que las tablas WPData se destacan como una herramienta indispensable para cualquier usuario de WordPress que busque optimizar y optimizar sus esfuerzos de gesti\u00f3n y presentaci\u00f3n de datos.<\/p>\n<ul>\n<li>Crea tablas flexibles y f\u00e1ciles de usar para sitios web de WordPress<\/li>\n<li>Opciones de dise\u00f1o f\u00e1cilmente personalizables para cada mesa individual<\/li>\n<li>Capacidad para importar datos de los archivos CSV o Excel<\/li>\n<li>Compatible con varios constructores y temas<\/li>\n<li>Presenta un dise\u00f1o receptivo para una visualizaci\u00f3n \u00f3ptima en cualquier dispositivo<\/li>\n<li>Proporciona varias opciones de clasificaci\u00f3n, filtrado y paginaci\u00f3n<\/li>\n<li>Permite la edici\u00f3n en vivo de tablas y actualizaciones en tiempo real en el sitio web<\/li>\n<li>Admite m\u00faltiples tipos de datos, incluidos n\u00fameros, fechas e im\u00e1genes.<\/li>\n<li>Incluye opciones de formato condicional para resaltar puntos de datos espec\u00edficos<\/li>\n<li>Ofrece caracter\u00edsticas avanzadas como columnas calculadas y estilo CSS personalizado<\/li>\n<\/ul>\n","protected":false},"excerpt":{"rendered":"<p>Las tablas WPData, un complemento de WordPress altamente eficiente y robusto, ofrece la conveniencia de generar y administrar tablas ordenables, de b\u00fasqueda y receptivas sin esfuerzo. A trav\u00e9s de su interfaz f\u00e1cil y f\u00e1cil de usar, los usuarios pueden importar a la perfecci\u00f3n los datos de los archivos CSV o Excel, construir tablas sin esfuerzo a trav\u00e9s de un editor de arrastrar y soltar, y personalizar el dise\u00f1o y la funcionalidad de su tabla con una gran cantidad de configuraciones y caracter\u00edsticas. Si el objetivo de uno implica exhibir listas de productos, tablas de comparaci\u00f3n, tablas de precios, horarios de eventos o cualquier otra variante de datos tabulares, las tablas WPData sirven como la soluci\u00f3n definitiva. Priorizando el rendimiento y la optimizaci\u00f3n de motores de b\u00fasqueda, este complemento facilita los tiempos de carga r\u00e1pida y el c\u00f3digo optimizado, que posteriormente contribuyen a una mejor clasificaci\u00f3n de motores de b\u00fasqueda. Da un paso hacia la mejora del potencial de su sitio de WordPress aprovechando las poderosas capacidades de gesti\u00f3n de datos presentadas por las tablas WPData.<\/p>\n","protected":false},"featured_media":168472,"comment_status":"open","ping_status":"open","template":"","meta":[],"product_brand":[2339],"product_cat":[1214,1206,1211],"product_tag":[1256],"class_list":{"0":"post-121709","1":"product","2":"type-product","3":"status-publish","4":"has-post-thumbnail","6":"product_brand-codecanyon","7":"product_cat-personalizacion","8":"product_cat-plugins","9":"product_cat-wordpress-plugins","10":"product_tag-codecanyon","11":"member-discount","12":"discount-restricted","14":"first","15":"instock","16":"sale","17":"downloadable","18":"virtual","19":"sold-individually","20":"purchasable","21":"product-type-simple"},"_links":{"self":[{"href":"https:\/\/gpl-love.com\/es\/wp-json\/wp\/v2\/product\/121709","targetHints":{"allow":["GET"]}}],"collection":[{"href":"https:\/\/gpl-love.com\/es\/wp-json\/wp\/v2\/product"}],"about":[{"href":"https:\/\/gpl-love.com\/es\/wp-json\/wp\/v2\/types\/product"}],"replies":[{"embeddable":true,"href":"https:\/\/gpl-love.com\/es\/wp-json\/wp\/v2\/comments?post=121709"}],"wp:featuredmedia":[{"embeddable":true,"href":"https:\/\/gpl-love.com\/es\/wp-json\/wp\/v2\/media\/168472"}],"wp:attachment":[{"href":"https:\/\/gpl-love.com\/es\/wp-json\/wp\/v2\/media?parent=121709"}],"wp:term":[{"taxonomy":"product_brand","embeddable":true,"href":"https:\/\/gpl-love.com\/es\/wp-json\/wp\/v2\/product_brand?post=121709"},{"taxonomy":"product_cat","embeddable":true,"href":"https:\/\/gpl-love.com\/es\/wp-json\/wp\/v2\/product_cat?post=121709"},{"taxonomy":"product_tag","embeddable":true,"href":"https:\/\/gpl-love.com\/es\/wp-json\/wp\/v2\/product_tag?post=121709"}],"curies":[{"name":"wp","href":"https:\/\/api.w.org\/{rel}","templated":true}]}}