{"id":121707,"date":"2026-04-08T00:00:00","date_gmt":"2026-04-08T05:00:00","guid":{"rendered":"https:\/\/gpl-love.com\/es\/producto\/wp-user-frontend-pro-business\/"},"modified":"2026-04-08T17:16:23","modified_gmt":"2026-04-08T22:16:23","slug":"wp-user-frontend-pro-business","status":"publish","type":"product","link":"https:\/\/gpl-love.com\/es\/producto\/wp-user-frontend-pro-business\/","title":{"rendered":"WP User Frontend Pro Business 4.2.12"},"content":{"rendered":"<h3>WP User Frontend Pro Business Caracteristicas<\/h3>\n<p>WP User Frontend Pro Business es un complemento de WordPress incre\u00edblemente potente que otorga a las empresas la capacidad de generar formularios front-end personalizados para sus sitios web. Este notable complemento permite a los usuarios construir sin esfuerzo una variedad de formularios que abarcan el registro, las encuestas, el pedido de productos y m\u00e1s, todo sin necesidad de ninguna experiencia de codificaci\u00f3n. Adem\u00e1s, el complemento est\u00e1 equipado con una extensa selecci\u00f3n de plantillas predise\u00f1adas que permiten a las empresas comenzar r\u00e1pidamente sus esfuerzos de creaci\u00f3n de formulario. Alternativamente, las empresas tienen la opci\u00f3n de dise\u00f1ar sus propios formularios a medida desde cero. Adem\u00e1s, el complemento cuenta con una multitud de funcionalidades avanzadas, incluida la capacidad de restringir el acceso a formularios espec\u00edficos basados \u200b\u200ben roles de usuario, facilitar los pagos a trav\u00e9s de pasarelas de pago ampliamente utilizadas e integrarse sin problemas con servicios de terceros como MailChimp y Zapier. En consecuencia, WP User Frontend Pro Business es una herramienta indispensable para cualquier empresa que busque elevar su presencia en l\u00ednea y optimizar su proceso de creaci\u00f3n de formularios.<\/p>\n<ul>\n<li>Un poderoso complemento para sitios web de WordPress que le permite crear formularios de registro personalizados y perfiles de usuario.<\/li>\n<li>Le permite administrar y moderar f\u00e1cilmente el contenido enviado por el usuario, como publicaciones y cargas de medios.<\/li>\n<li>Proporciona caracter\u00edsticas avanzadas de gesti\u00f3n de usuarios, incluida la capacidad de establecer permisos y restricciones para diferentes roles de usuario.<\/li>\n<li>Ofrece una integraci\u00f3n perfecta con pasarelas de pago populares, lo que le permite vender f\u00e1cilmente productos o servicios en su sitio web a trav\u00e9s de formularios front-end.<\/li>\n<li>Incluye una variedad de complementos \u00fatiles, como integraciones con plataformas de marketing por correo electr\u00f3nico y formularios de varios pasos.<\/li>\n<li>Viene con notificaciones y plantillas de correo electr\u00f3nico personalizables para diversas acciones y eventos del usuario.<\/li>\n<li>Ofrece herramientas detalladas de informes y an\u00e1lisis, lo que le permite rastrear la actividad del usuario y la participaci\u00f3n en su sitio web.<\/li>\n<li>Proporciona caracter\u00edsticas de seguridad robustas, incluido el soporte de Google Recaptcha y el bloqueo de IP para usuarios sospechosos o maliciosos.<\/li>\n<li>Ofrece un dise\u00f1o receptivo y amigable para los dispositivos m\u00f3viles, asegurando que sus formularios front-end se vean y funcionen perfectamente en cualquier dispositivo.<\/li>\n<\/ul>\n","protected":false},"excerpt":{"rendered":"<p>WP User Frontend Pro Business es un complemento de WordPress notablemente robusto y altamente influyente que tiene la capacidad de convertir sin esfuerzo su sitio web en una plataforma comercial incre\u00edblemente sofisticada y extremadamente profesional. Al emplear esta herramienta extraordinaria, se le otorga la notable capacidad de generar y establecer formularios de registro de usuarios, informes financieros meticulosamente adaptados, as\u00ed como opciones de pago excepcionalmente avanzadas, todos los cuales son componentes inequ\u00edvocamente imperativos para la operaci\u00f3n suave y eficiente de un pr\u00f3spero empresa comercial en l\u00ednea. Adem\u00e1s, tambi\u00e9n se le proporciona la conveniencia excepcional y la facilidad de poder administrar y supervisar de manera efectiva una variedad diversa de roles y permisos de los usuarios, por lo tanto, racionalizando y acelerando sustancialmente el proceso altamente crucial de delegar tareas y facilitar la colaboraci\u00f3n con sus colegas estimadas. Independientemente de si usted es un indivisual que se est\u00e1 embarcando en su viaje digital o un veterano experimentado que cuenta con una historia extensa e ilustre de la propiedad del sitio web, est\u00e1 muy claro que el usuario de WP Frontend Pro Representa sin duda la soluci\u00f3n definitiva e incomparable para la soluci\u00f3n de astucia y sin igual Gesti\u00f3n de manera competente las complejidades multifac\u00e9ticas de sus estimados esfuerzos comerciales en l\u00ednea.<\/p>\n","protected":false},"featured_media":168469,"comment_status":"open","ping_status":"open","template":"","meta":[],"product_brand":[2643],"product_cat":[1214,1206,1211],"product_tag":[2223],"class_list":{"0":"post-121707","1":"product","2":"type-product","3":"status-publish","4":"has-post-thumbnail","6":"product_brand-webdevs","7":"product_cat-personalizacion","8":"product_cat-plugins","9":"product_cat-wordpress-plugins","10":"product_tag-webdevs","11":"member-discount","12":"discount-restricted","14":"first","15":"instock","16":"sale","17":"downloadable","18":"virtual","19":"sold-individually","20":"purchasable","21":"product-type-simple"},"_links":{"self":[{"href":"https:\/\/gpl-love.com\/es\/wp-json\/wp\/v2\/product\/121707","targetHints":{"allow":["GET"]}}],"collection":[{"href":"https:\/\/gpl-love.com\/es\/wp-json\/wp\/v2\/product"}],"about":[{"href":"https:\/\/gpl-love.com\/es\/wp-json\/wp\/v2\/types\/product"}],"replies":[{"embeddable":true,"href":"https:\/\/gpl-love.com\/es\/wp-json\/wp\/v2\/comments?post=121707"}],"wp:featuredmedia":[{"embeddable":true,"href":"https:\/\/gpl-love.com\/es\/wp-json\/wp\/v2\/media\/168469"}],"wp:attachment":[{"href":"https:\/\/gpl-love.com\/es\/wp-json\/wp\/v2\/media?parent=121707"}],"wp:term":[{"taxonomy":"product_brand","embeddable":true,"href":"https:\/\/gpl-love.com\/es\/wp-json\/wp\/v2\/product_brand?post=121707"},{"taxonomy":"product_cat","embeddable":true,"href":"https:\/\/gpl-love.com\/es\/wp-json\/wp\/v2\/product_cat?post=121707"},{"taxonomy":"product_tag","embeddable":true,"href":"https:\/\/gpl-love.com\/es\/wp-json\/wp\/v2\/product_tag?post=121707"}],"curies":[{"name":"wp","href":"https:\/\/api.w.org\/{rel}","templated":true}]}}