{"id":121705,"date":"2026-03-26T00:00:00","date_gmt":"2026-03-26T05:00:00","guid":{"rendered":"https:\/\/gpl-love.com\/es\/producto\/wp-staging-pro\/"},"modified":"2026-03-26T17:16:32","modified_gmt":"2026-03-26T22:16:32","slug":"wp-staging-pro","status":"publish","type":"product","link":"https:\/\/gpl-love.com\/es\/producto\/wp-staging-pro\/","title":{"rendered":"WP Staging Pro 6.7.2"},"content":{"rendered":"<h3>WP Staging Pro Caracteristicas<\/h3>\n<p>WP Staging Pro, un impresionante complemento de WordPress, ha sido meticulosamente dise\u00f1ado para facilitar el proceso de establecer un entorno de puesta en escena para el sitio web de uno. Al utilizar este complemento notable, las personas pueden generar sin esfuerzo una r\u00e9plica integral de su sitio web, que abarca todo su contenido, temas y complementos. En consecuencia, esta caracter\u00edstica invaluable permite a los usuarios probar meticulosamente las modificaciones deseadas en su sitio web, asegurando que se perfeccione antes de que se ponga a disposici\u00f3n del p\u00fablico. WP Staging Pro proporciona adem\u00e1s un m\u00e9todo r\u00e1pido y sin esfuerzo para transferir sin problemas el sitio de preparaci\u00f3n al sitio en vivo, lo que permite a los usuarios implementar cambios en su sitio web con garant\u00eda inquebrantable. En esencia, WP Staging Pro es una herramienta excepcional que otorga una sensaci\u00f3n de facilidad y confianza en las personas que buscan desarrollar o mantener un sitio de WordPress.<\/p>\n<ul>\n<li>Le permite crear un entorno de puesta en escena para su sitio de WordPress con solo un clic<\/li>\n<li>Le permite probar las actualizaciones de complementos, tema y WordPress antes de aplicarlas a su sitio en vivo<\/li>\n<li>Copia su sitio en vivo al sitio de puesta en escena, incluidos todos los archivos, base de datos y medios de comunicaci\u00f3n<\/li>\n<li>Proporciona un entorno seguro para experimentar con el dise\u00f1o y la funcionalidad de su sitio.<\/li>\n<li>Le permite obtener una vista previa de los cambios en tiempo real y colaborar con otros antes de presionarlos en vivo<\/li>\n<li>Le ahorra tiempo y reduce el tiempo de inactividad del sitio eliminando la necesidad de recrear manualmente un sitio de puesta en escena<\/li>\n<li>Se integra con proveedores de alojamiento populares como Kinsta, SiteGround y WP Engine<\/li>\n<li>Ofrece caracter\u00edsticas adicionales, como copias de seguridad multisitio e incrementales para mejorar a\u00fan m\u00e1s la seguridad y el rendimiento de su sitio.<\/li>\n<li>Proporciona una interfaz f\u00e1cil de usar instrucciones f\u00e1ciles de seguir para que incluso los principiantes creen sitios de estadificaci\u00f3n con facilidad.<\/li>\n<\/ul>\n","protected":false},"excerpt":{"rendered":"<p>WP Staging Pro, un complemento de WordPress notablemente potente, proporciona a los usuarios la capacidad de generar sin esfuerzo un sitio de preparaci\u00f3n desde su sitio en vivo existente, un proceso que se puede lograr con solo unos pocos clics. Esta invaluable herramienta sirve para facilitar las pruebas, el desarrollo y la redise\u00f1o de los sitios web sin causar ninguna interrupci\u00f3n en el sitio en vivo, asegurando as\u00ed su seguridad y estabilidad continuas mientras los usuarios participan en sus esfuerzos creativos. Al aprovechar las innumerables ventajas ofrecidas por WP Staging Pro, uno gana la capacidad de clonar sin problemas su sitio original, efectuar modificaciones, introducir caracter\u00edsticas novedosas, determinar problemas de compatibilidad y las alteraciones previas antes de la implementaci\u00f3n final en el sitio en vivo. En consecuencia, es un recurso indispensable para todos los desarrolladores de WordPress, dise\u00f1adores y propietarios de sitios que albergan un deseo de aumentar sus capacidades de gesti\u00f3n de sitios y optimizar sus flujos de trabajo operativos.<\/p>\n","protected":false},"featured_media":168461,"comment_status":"open","ping_status":"open","template":"","meta":[],"product_brand":[2639],"product_cat":[1212,1206,1211],"product_tag":[1499],"class_list":{"0":"post-121705","1":"product","2":"type-product","3":"status-publish","4":"has-post-thumbnail","6":"product_brand-wp-staging","7":"product_cat-administracion-wordpress-plugins","8":"product_cat-plugins","9":"product_cat-wordpress-plugins","10":"product_tag-wp-staging","11":"member-discount","12":"discount-restricted","14":"first","15":"instock","16":"sale","17":"downloadable","18":"virtual","19":"sold-individually","20":"purchasable","21":"product-type-simple"},"_links":{"self":[{"href":"https:\/\/gpl-love.com\/es\/wp-json\/wp\/v2\/product\/121705","targetHints":{"allow":["GET"]}}],"collection":[{"href":"https:\/\/gpl-love.com\/es\/wp-json\/wp\/v2\/product"}],"about":[{"href":"https:\/\/gpl-love.com\/es\/wp-json\/wp\/v2\/types\/product"}],"replies":[{"embeddable":true,"href":"https:\/\/gpl-love.com\/es\/wp-json\/wp\/v2\/comments?post=121705"}],"wp:featuredmedia":[{"embeddable":true,"href":"https:\/\/gpl-love.com\/es\/wp-json\/wp\/v2\/media\/168461"}],"wp:attachment":[{"href":"https:\/\/gpl-love.com\/es\/wp-json\/wp\/v2\/media?parent=121705"}],"wp:term":[{"taxonomy":"product_brand","embeddable":true,"href":"https:\/\/gpl-love.com\/es\/wp-json\/wp\/v2\/product_brand?post=121705"},{"taxonomy":"product_cat","embeddable":true,"href":"https:\/\/gpl-love.com\/es\/wp-json\/wp\/v2\/product_cat?post=121705"},{"taxonomy":"product_tag","embeddable":true,"href":"https:\/\/gpl-love.com\/es\/wp-json\/wp\/v2\/product_tag?post=121705"}],"curies":[{"name":"wp","href":"https:\/\/api.w.org\/{rel}","templated":true}]}}