{"id":121703,"date":"2026-01-10T00:00:00","date_gmt":"2026-01-10T05:00:00","guid":{"rendered":"https:\/\/gpl-love.com\/es\/producto\/wp-sheet-editor-edd-downloads-pro\/"},"modified":"2026-03-09T08:29:49","modified_gmt":"2026-03-09T13:29:49","slug":"wp-sheet-editor-edd-downloads-pro","status":"publish","type":"product","link":"https:\/\/gpl-love.com\/es\/producto\/wp-sheet-editor-edd-downloads-pro\/","title":{"rendered":"WP Sheet Editor EDD Downloads Pro 1.0.78"},"content":{"rendered":"<h3>WP Sheet Editor EDD Downloads Pro Caracteristicas<\/h3>\n<p>WP Sheet Editor Edd Descargas Pro es un complemento incre\u00edblemente robusto que est\u00e1 espec\u00edficamente dise\u00f1ado para optimizar y mejorar el proceso de administraci\u00f3n y edici\u00f3n de sus descargas en WordPress. Al aprovechar su interfaz incre\u00edblemente intuitiva y f\u00e1cil de usar, puede modificar y actualizar sin esfuerzo sus productos de descarga a granel, ahorr\u00e1ndole efectivamente una cantidad significativa de tiempo y esfuerzo valiosos. Adem\u00e1s de su notable eficiencia, este complemento tambi\u00e9n cuenta con una variedad de caracter\u00edsticas avanzadas, como mapeo de campo personalizado, capacidades de filtrado y funcionalidades de clasificaci\u00f3n, todas las cuales se combinan para facilitar la organizaci\u00f3n perfecta de sus descargas y garantizar el funcionamiento suave y eficiente de su p\u00e1gina web. Adem\u00e1s, vale la pena se\u00f1alar que el editor de la hoja de WP Edd descarga Pro se integra sin problemas con descargas digitales f\u00e1ciles, una plataforma de comercio electr\u00f3nico altamente aclamada y ampliamente utilizada que atiende espec\u00edficamente a la venta de productos digitales en l\u00ednea. Por lo tanto, independientemente de si posee una amplia experiencia en la utilizaci\u00f3n de WordPress o simplemente se est\u00e1 embarcando en su viaje con este sistema de gesti\u00f3n de contenido excepcional, adquirir WP Hood Editor Edd Descargas Pro es una necesidad absoluta si aspira a administrar sus descargas de manera efectiva con una facilidad \u00f3ptima y una facilidad \u00f3ptima. eficiencia.<\/p>\n<ul>\n<li>Una herramienta poderosa para administrar y editar datos f\u00e1ciles de descargas digitales dentro de WordPress.<\/li>\n<li>Agiliza el proceso de gesti\u00f3n de productos digitales como libros electr\u00f3nicos, m\u00fasica, software y m\u00e1s.<\/li>\n<li>Ofrece una interfaz perfecta e intuitiva para administrar productos, precios, inventario y otros datos cruciales.<\/li>\n<li>Permite a los usuarios ser f\u00e1cilmente editar precios, inventario y otra informaci\u00f3n del producto utilizando una interfaz de hoja de c\u00e1lculo.<\/li>\n<li>Proporciona opciones avanzadas de b\u00fasqueda y filtrado para encontrar y actualizar r\u00e1pidamente productos espec\u00edficos.<\/li>\n<li>Ofrece capacidades flexibles de importaci\u00f3n\/exportaci\u00f3n para transferir f\u00e1cilmente datos entre el editor de la hoja WP y las fuentes externas.<\/li>\n<li>Incluye caracter\u00edsticas de seguridad robustas para proteger la informaci\u00f3n confidencial del producto y evitar el acceso no autorizado.<\/li>\n<li>Ahorra tiempo y mejora la productividad al eliminar la necesidad de entrada manual de datos y actualizaciones tediosas.<\/li>\n<\/ul>\n","protected":false},"excerpt":{"rendered":"<p>El editor de hojas de WP Edd Descargas Pro es un complemento incre\u00edblemente robusto y potente que ha sido elaborado por expertos para simplificar sin esfuerzo el proceso a menudo complicado de administrar de manera efectiva los productos de descarga. Esta ingeniosa herramienta le otorga la capacidad \u00fanica de editar, importar, exportar e incluso ejecutar actualizaciones masivas para todas sus descargas de WordPress EDD utilizando una interfaz de hoja de c\u00e1lculo incre\u00edblemente f\u00e1cil y directa de usuarios. Con esta capacidad excepcional para manejar y manipular sin esfuerzo incluso las cantidades de datos m\u00e1s significativas y voluminosas, puede racionalizar sin esfuerzo y optimizar su estrategia de gesti\u00f3n de descargas EDD, ahorrando as\u00ed efectivamente una cantidad invaluable de su precioso tiempo. Es crucial tener en cuenta que este complemento verdaderamente excepcional tambi\u00e9n llega acompa\u00f1ado de una extensa gama de caracter\u00edsticas avanzadas y altamente sofisticadas, por ejemplo, la capacidad incomparable para crear y gestionar de manera variable de forma variable y un altamente descuentos altamente titulados, as\u00ed como para obtener descuentos, as\u00ed como para sin costura. Habilitar o deshabilitar archivos de descarga, entre una variedad de otras funcionalidades incre\u00edblemente \u00fatiles y facilitativas. En consecuencia, si actualmente est\u00e1 buscando un m\u00e9todo incre\u00edblemente eficiente e inmensamente efectivo para administrar de manera exitosa y eficiente todas sus descargas de EDD, entonces es con la m\u00e1xima certeza que el editor de l\u00e1mina de WP Edd Descargas Pro es la soluci\u00f3n definitiva e inequ\u00edvoca que tiene ha estado buscando fervientemente y requer\u00eda genuinamente.<\/p>\n","protected":false},"featured_media":168451,"comment_status":"open","ping_status":"open","template":"","meta":[],"product_brand":[2637],"product_cat":[1212,1206,1211],"product_tag":[1566],"class_list":{"0":"post-121703","1":"product","2":"type-product","3":"status-publish","4":"has-post-thumbnail","6":"product_brand-wp-sheet-editor","7":"product_cat-administracion-wordpress-plugins","8":"product_cat-plugins","9":"product_cat-wordpress-plugins","10":"product_tag-wp-sheet-editor","11":"member-discount","12":"discount-restricted","14":"first","15":"instock","16":"sale","17":"downloadable","18":"virtual","19":"sold-individually","20":"purchasable","21":"product-type-simple"},"_links":{"self":[{"href":"https:\/\/gpl-love.com\/es\/wp-json\/wp\/v2\/product\/121703","targetHints":{"allow":["GET"]}}],"collection":[{"href":"https:\/\/gpl-love.com\/es\/wp-json\/wp\/v2\/product"}],"about":[{"href":"https:\/\/gpl-love.com\/es\/wp-json\/wp\/v2\/types\/product"}],"replies":[{"embeddable":true,"href":"https:\/\/gpl-love.com\/es\/wp-json\/wp\/v2\/comments?post=121703"}],"wp:featuredmedia":[{"embeddable":true,"href":"https:\/\/gpl-love.com\/es\/wp-json\/wp\/v2\/media\/168451"}],"wp:attachment":[{"href":"https:\/\/gpl-love.com\/es\/wp-json\/wp\/v2\/media?parent=121703"}],"wp:term":[{"taxonomy":"product_brand","embeddable":true,"href":"https:\/\/gpl-love.com\/es\/wp-json\/wp\/v2\/product_brand?post=121703"},{"taxonomy":"product_cat","embeddable":true,"href":"https:\/\/gpl-love.com\/es\/wp-json\/wp\/v2\/product_cat?post=121703"},{"taxonomy":"product_tag","embeddable":true,"href":"https:\/\/gpl-love.com\/es\/wp-json\/wp\/v2\/product_tag?post=121703"}],"curies":[{"name":"wp","href":"https:\/\/api.w.org\/{rel}","templated":true}]}}