{"id":121701,"date":"2026-03-18T00:00:00","date_gmt":"2026-03-18T05:00:00","guid":{"rendered":"https:\/\/gpl-love.com\/es\/producto\/wp-schema-pro-plugin\/"},"modified":"2026-03-18T11:16:47","modified_gmt":"2026-03-18T16:16:47","slug":"wp-schema-pro-plugin","status":"publish","type":"product","link":"https:\/\/gpl-love.com\/es\/producto\/wp-schema-pro-plugin\/","title":{"rendered":"WP Schema Pro Plugin 2.11.0"},"content":{"rendered":"<h3>WP Schema Pro Plugin Caracteristicas<\/h3>\n<p>El complemento WP Schema Pro es una herramienta incre\u00edblemente robusta y efectiva que brinda asistencia invaluable a los propietarios de sitios web para incorporar a la perfecci\u00f3n datos estructurados en su contenido, reforzando significativamente su visibilidad y posicionamiento dentro de los resultados del motor de b\u00fasqueda. Al utilizar el complemento WP Schema Pro, a los usuarios se les otorga la notable capacidad de generar esquemas para una amplia gama de tipos de contenido, que van desde art\u00edculos y eventos hasta productos y m\u00e1s all\u00e1. Adem\u00e1s, este notable complemento cuenta con una interfaz excepcionalmente f\u00e1cil de usar, facilitando la configuraci\u00f3n y administraci\u00f3n de esquemas sin esfuerzo, repleto de la provisi\u00f3n de opciones personalizables para cada tipo de esquema espec\u00edfico. En \u00faltima instancia, el complemento WP Schema Pro surge como una necesidad absoluta para que cualquier propietario del sitio web busque activamente optimizar sus esfuerzos de SEO y aumentar su prominencia general en l\u00ednea.<\/p>\n<ul>\n<li>Optimice su sitio web con un marcado de esquema rico para mejorar la visibilidad del motor de b\u00fasqueda y la experiencia del usuario.<\/li>\n<li>Automatice el proceso de agregar marcado de esquema a su sitio web con herramientas f\u00e1ciles de usar y opciones de personalizaci\u00f3n.<\/li>\n<li>Mejore las tarifas de clic y obtenga tr\u00e1fico org\u00e1nico m\u00e1s calificado con una mejor pantalla de resultados de los motores de b\u00fasqueda.<\/li>\n<li>Mant\u00e9ngase actualizado con los \u00faltimos est\u00e1ndares y pautas de marcado de esquema para el m\u00e1ximo impacto en los resultados de b\u00fasqueda.<\/li>\n<li>Ahorre tiempo y recursos utilizando el complemento WP Schema Pro en lugar de confiar en los esfuerzos de marcado manual.<\/li>\n<li>Disfrute de caracter\u00edsticas premium como campos personalizados, plantillas e integraciones con otros complementos populares de WordPress.<\/li>\n<li>Personalice su marcado de esquema para que coincida con sus necesidades \u00fanicas y su identidad de marca, y realice f\u00e1cilmente los cambios seg\u00fan sea necesario.<\/li>\n<li>Definir y administrar m\u00faltiples tipos de esquemas en su sitio web en una ubicaci\u00f3n central para una eficiencia \u00f3ptima.<\/li>\n<li>Aumente la relevancia y confiabilidad de su sitio web con un marcado de esquema f\u00e1cil de implementar que ayude a los motores de b\u00fasqueda a comprender su contenido.<\/li>\n<li>Eleve su presencia en l\u00ednea y obtenga los beneficios de una mayor visibilidad, tr\u00e1fico y conversiones con el complemento WP Schema Pro.<\/li>\n<\/ul>\n","protected":false},"excerpt":{"rendered":"<p>WP Schema Pro Plugin es una herramienta incre\u00edblemente robusta y altamente efectiva que le permite integrar perfectamente el marcado de esquemas en su sitio web de WordPress. Al incorporar el marcado de esquema, mejora en gran medida la comprensi\u00f3n del motor de b\u00fasqueda de su contenido, mejorando significativamente la clasificaci\u00f3n de sus motores de b\u00fasqueda y elevando especialmente las tasas de clics. La notable funcionalidad del complemento WP Schema Pro le permite infundir el marcado de esquema sin esfuerzo en sus publicaciones, p\u00e1ginas e incluso tipos de publicaciones personalizadas, asegurando as\u00ed una optimizaci\u00f3n integral. Adem\u00e1s, este complemento excepcional ofrece una amplia gama de tipos de esquemas, que incluyen, entre otros, art\u00edculo, receta y producto, garantizando que su contenido est\u00e9 meticulosamente optimizado. Con las notables capacidades del complemento WP Schema Pro a su disposici\u00f3n, puede otorgar sin esfuerzo a su sitio web la ventaja competitiva que necesita para sobresalir realmente dentro de los resultados del motor de b\u00fasqueda.<\/p>\n","protected":false},"featured_media":168445,"comment_status":"open","ping_status":"open","template":"","meta":[],"product_brand":[2366],"product_cat":[1206,1360,1211],"product_tag":[2296],"class_list":{"0":"post-121701","1":"product","2":"type-product","3":"status-publish","4":"has-post-thumbnail","6":"product_brand-brainstorm-force","7":"product_cat-plugins","8":"product_cat-seo","9":"product_cat-wordpress-plugins","10":"product_tag-brainstorm-force","11":"member-discount","12":"discount-restricted","14":"first","15":"instock","16":"sale","17":"downloadable","18":"virtual","19":"sold-individually","20":"purchasable","21":"product-type-simple"},"_links":{"self":[{"href":"https:\/\/gpl-love.com\/es\/wp-json\/wp\/v2\/product\/121701","targetHints":{"allow":["GET"]}}],"collection":[{"href":"https:\/\/gpl-love.com\/es\/wp-json\/wp\/v2\/product"}],"about":[{"href":"https:\/\/gpl-love.com\/es\/wp-json\/wp\/v2\/types\/product"}],"replies":[{"embeddable":true,"href":"https:\/\/gpl-love.com\/es\/wp-json\/wp\/v2\/comments?post=121701"}],"wp:featuredmedia":[{"embeddable":true,"href":"https:\/\/gpl-love.com\/es\/wp-json\/wp\/v2\/media\/168445"}],"wp:attachment":[{"href":"https:\/\/gpl-love.com\/es\/wp-json\/wp\/v2\/media?parent=121701"}],"wp:term":[{"taxonomy":"product_brand","embeddable":true,"href":"https:\/\/gpl-love.com\/es\/wp-json\/wp\/v2\/product_brand?post=121701"},{"taxonomy":"product_cat","embeddable":true,"href":"https:\/\/gpl-love.com\/es\/wp-json\/wp\/v2\/product_cat?post=121701"},{"taxonomy":"product_tag","embeddable":true,"href":"https:\/\/gpl-love.com\/es\/wp-json\/wp\/v2\/product_tag?post=121701"}],"curies":[{"name":"wp","href":"https:\/\/api.w.org\/{rel}","templated":true}]}}