{"id":121697,"date":"2021-02-09T00:00:00","date_gmt":"2021-02-09T05:00:00","guid":{"rendered":"https:\/\/gpl-love.com\/es\/producto\/wp-rich-snippets-display-rating\/"},"modified":"2026-03-09T08:29:26","modified_gmt":"2026-03-09T13:29:26","slug":"wp-rich-snippets-display-rating","status":"publish","type":"product","link":"https:\/\/gpl-love.com\/es\/producto\/wp-rich-snippets-display-rating\/","title":{"rendered":"WP Rich Snippets Display Rating 1.1"},"content":{"rendered":"<h3>WP Rich Snippets Display Rating Caracteristicas<\/h3>\n<p>La calificaci\u00f3n de pantalla de fragmentos ricos en WP es una herramienta incre\u00edblemente potente e influyente que otorga a los propietarios de sitios web la capacidad de exhibir sus calificaciones de productos o servicios de una manera extremadamente cautivadora. Mediante este ingenioso complemento, los usuarios pueden mostrar las calificaciones sin esfuerzo en forma de estrellas o bares, as\u00ed como otros estilos de adaptaci\u00f3n \u00fanicas para su variedad de productos. Adem\u00e1s, este complemento cuenta con un nivel excepcional de personalizaci\u00f3n y un impresionante grado de facilidad de uso de usuarios, lo que lo convierte en un recurso notablemente accesible y f\u00e1cilmente navegable para los usuarios de todos los niveles de competencia en el \u00e1mbito de la experiencia t\u00e9cnica. La calificaci\u00f3n de visualizaci\u00f3n de fragmentos ricos en WP no solo sirve para mejorar el encanto visual de un sitio web, sino que tambi\u00e9n tiene la notable capacidad de aumentar las tasas de conversi\u00f3n al proporcionar a los clientes potenciales una prueba social tangible que atestigua la calidad encomiable de un producto o servicio en particular. A la luz de estos diversos m\u00e9ritos, uno puede discernir f\u00e1cilmente que la calificaci\u00f3n de la pantalla de fragmentos ricos en WP es, sin duda, un instrumento indispensable y crucial para cualquier propietario de un sitio web exigente que busca elevar su presencia en l\u00ednea y fomentar un aumento en las ventas e ingresos.<\/p>\n<ul>\n<li>Muestra fragmentos ricos calificaci\u00f3n en publicaciones y p\u00e1ginas de WordPress<\/li>\n<li>Proporciona visualizaci\u00f3n visual de calificaciones en los resultados del motor de b\u00fasqueda<\/li>\n<li>Admite varios tipos de calificaci\u00f3n, incluidas estrellas, porcentaje, votos y m\u00e1s<\/li>\n<li>Personalice los colores y los estilos de calificaci\u00f3n para que coincida con el tema de su sitio web<\/li>\n<li>Asegura un marcado de esquema v\u00e1lido para la indexaci\u00f3n de motores de b\u00fasqueda<\/li>\n<li>Se integra f\u00e1cilmente con temas y complementos populares de WordPress<\/li>\n<li>Aumenta las tarifas de clics y el tr\u00e1fico del sitio web al mostrar calificaciones en los resultados de b\u00fasqueda<\/li>\n<li>Mejora la experiencia general del usuario al proporcionar informaci\u00f3n valiosa y capacidades de toma de decisiones r\u00e1pidas.<\/li>\n<\/ul>\n","protected":false},"excerpt":{"rendered":"<p>El complemento de calificaci\u00f3n de pantalla de fragmentos ricos en WP ofrece una soluci\u00f3n espl\u00e9ndida para presentar las calificaciones y revisiones de su sitio web de manera visualmente atractiva, asegurando que su presencia en la web se distingue en medio de los resultados de los motores de b\u00fasqueda, obteniendo as\u00ed una mayor afluencia de visitantes. Al aprovechar la eficacia de los fragmentos ricos, este complemento le permite manifestar la individualidad y el atractivo en la representaci\u00f3n de su sitio web. Adem\u00e1s, le otorga una interfaz f\u00e1cilmente navegable, que permite la personalizaci\u00f3n perfecta de las pantallas de calificaci\u00f3n, basada en una variedad de criterios como estrellas, porcentaje o escala de puntos. Adem\u00e1s, su compatibilidad se extiende a una extensa gama de temas de WordPress, lo que lo hace vers\u00e1til y adaptable a varios g\u00e9neros de sitios web que abarcan sitios de comercio electr\u00f3nico, blogs y sitios web comerciales. Por lo tanto, obtenga el complemento de clasificaci\u00f3n de la pantalla de fragmentos ricos en WP sin demora, y comience a mostrar las calificaciones de su sitio web de manera inherentemente elegante y cautivadora, \u00a1aumentando as\u00ed su atractivo y magnetismo!<\/p>\n","protected":false},"featured_media":168435,"comment_status":"open","ping_status":"open","template":"","meta":[],"product_brand":[2633],"product_cat":[1206,1360,1211],"product_tag":[1446],"class_list":{"0":"post-121697","1":"product","2":"type-product","3":"status-publish","4":"has-post-thumbnail","6":"product_brand-wp-rich-snippets","7":"product_cat-plugins","8":"product_cat-seo","9":"product_cat-wordpress-plugins","10":"product_tag-wp-rich-snippets","11":"member-discount","12":"discount-restricted","14":"first","15":"instock","16":"sale","17":"downloadable","18":"virtual","19":"sold-individually","20":"purchasable","21":"product-type-simple"},"_links":{"self":[{"href":"https:\/\/gpl-love.com\/es\/wp-json\/wp\/v2\/product\/121697","targetHints":{"allow":["GET"]}}],"collection":[{"href":"https:\/\/gpl-love.com\/es\/wp-json\/wp\/v2\/product"}],"about":[{"href":"https:\/\/gpl-love.com\/es\/wp-json\/wp\/v2\/types\/product"}],"replies":[{"embeddable":true,"href":"https:\/\/gpl-love.com\/es\/wp-json\/wp\/v2\/comments?post=121697"}],"wp:featuredmedia":[{"embeddable":true,"href":"https:\/\/gpl-love.com\/es\/wp-json\/wp\/v2\/media\/168435"}],"wp:attachment":[{"href":"https:\/\/gpl-love.com\/es\/wp-json\/wp\/v2\/media?parent=121697"}],"wp:term":[{"taxonomy":"product_brand","embeddable":true,"href":"https:\/\/gpl-love.com\/es\/wp-json\/wp\/v2\/product_brand?post=121697"},{"taxonomy":"product_cat","embeddable":true,"href":"https:\/\/gpl-love.com\/es\/wp-json\/wp\/v2\/product_cat?post=121697"},{"taxonomy":"product_tag","embeddable":true,"href":"https:\/\/gpl-love.com\/es\/wp-json\/wp\/v2\/product_tag?post=121697"}],"curies":[{"name":"wp","href":"https:\/\/api.w.org\/{rel}","templated":true}]}}