{"id":121695,"date":"2021-02-09T00:00:00","date_gmt":"2021-02-09T05:00:00","guid":{"rendered":"https:\/\/gpl-love.com\/es\/producto\/wp-rich-snippets-call-to-action\/"},"modified":"2026-03-09T08:29:24","modified_gmt":"2026-03-09T13:29:24","slug":"wp-rich-snippets-call-to-action","status":"publish","type":"product","link":"https:\/\/gpl-love.com\/es\/producto\/wp-rich-snippets-call-to-action\/","title":{"rendered":"WP Rich Snippets Call To Action 1.9.2"},"content":{"rendered":"<h3>WP Rich Snippets Call To Action Caracteristicas<\/h3>\n<p>El WP Rich Snippets Call to Action es una herramienta incre\u00edblemente robusta y efectiva que se ha creado meticulosamente con el objetivo principal de ayudar a los propietarios de sitios web a mejorar significativamente sus tasas de conversi\u00f3n. Al incorporar a la perfecci\u00f3n las llamadas persuasivas a la acci\u00f3n en su contenido, los usuarios pueden utilizar este complemento con su m\u00e1ximo potencial. La belleza de este complemento radica en su provisi\u00f3n de plantillas CTA personalizables, que se mezclan sin esfuerzo en cualquier publicaci\u00f3n o p\u00e1gina. Esto, a su vez, permite a los propietarios de sitios web que soliciten expertos a sus valiosos visitantes a participar en acciones espec\u00edficas que conduzcan para lograr sus objetivos comerciales, ya sea que se registre para un bolet\u00edn, acceder a un recurso complementario o incluso hacer una compra. The Cherry On Flow es la inclusi\u00f3n de capacidades de seguimiento de conversi\u00f3n y monitoreo de an\u00e1lisis robusto, lo que hace que los fragmentos ricos en WP llamen a la acci\u00f3n una necesidad absoluta para cualquier negocio en l\u00ednea que anhele mejorar profundamente su participaci\u00f3n de la audiencia e impulsar las ventas de manera efectiva.<\/p>\n<ul>\n<li>Proporciona botones personalizables de llamada a acci\u00f3n para su complemento de fragmentos ricos en WP<\/li>\n<li>Permite a los usuarios crear f\u00e1cilmente llamadas \u00fanicas a la acci\u00f3n para cada fragmento en su sitio web.<\/li>\n<li>Proporciona una gama de plantillas y opciones de dise\u00f1o, asegurando una coincidencia perfecta para la apariencia de su sitio web<\/li>\n<li>Aumenta la participaci\u00f3n del usuario y las tarifas de clics al solicitar a los visitantes que tomen medidas sobre los fragmentos ricos que se muestran en su sitio<\/li>\n<li>Se puede integrar f\u00e1cilmente con su complemento de fragmentos ricos en WP existentes, no requiere experiencia t\u00e9cnica o conocimiento de codificaci\u00f3n<\/li>\n<li>Es totalmente receptivo y amigable con los dispositivos m\u00f3viles, asegurando que sus botones de llamada a la acci\u00f3n se vean geniales y funcionen perfectamente en todos los dispositivos<\/li>\n<li>Incluye documentaci\u00f3n detallada y soporte del equipo de fragmentos ricos en WP para garantizar una integraci\u00f3n perfecta y un rendimiento impecable.<\/li>\n<\/ul>\n","protected":false},"excerpt":{"rendered":"<p>Maximice el compromiso y optimice las conversiones en su sitio web aprovechando las capacidades notables de los fragmentos ricos en WP Llamado a la acci\u00f3n. Esta herramienta incre\u00edblemente potente le permite fabricar sin esfuerzo cajas de llamadas a la acci\u00f3n, despleg\u00e1ndolas estrat\u00e9gicamente en sus publicaciones o p\u00e1ginas, lo que obliga y motivando a sus estimados visitantes a emprender las acciones deseadas. Capitalice la versatilidad incomparable proporcionada por esta herramienta, lo que le permite personalizar meticulosamente la apariencia y la sustancia de estas cajas, aline\u00e1ndolas armoniosamente con su identidad de marca distintiva y atiende a las preferencias y requisitos \u00fanicos de su estimado audiencia. Ya sea que su objetivo gire en torno a cultivar una base de datos integral de direcciones de correo electr\u00f3nico, redirigir h\u00e1bilmente a los usuarios a una p\u00e1gina de destino meticulosamente seleccionada o estimularlos para difundir activamente su contenido sin precedentes en varias plataformas de redes sociales, los fragmentos ricos en WP llaman a la acci\u00f3n facilitan y agilizan estos procesos, estos procesos, Renderiz\u00e1ndolos sin esfuerzo manejables y excepcionalmente eficaces. \u00a1No pierdas tiempo en embarcarse en este viaje transformador y experimentar personalmente los resultados sin precedentes que te esperan!<\/p>\n","protected":false},"featured_media":168434,"comment_status":"open","ping_status":"open","template":"","meta":[],"product_brand":[2633],"product_cat":[1232,1206,1211],"product_tag":[1446],"class_list":{"0":"post-121695","1":"product","2":"type-product","3":"status-publish","4":"has-post-thumbnail","6":"product_brand-wp-rich-snippets","7":"product_cat-marketing-wordpress-plugins","8":"product_cat-plugins","9":"product_cat-wordpress-plugins","10":"product_tag-wp-rich-snippets","11":"member-discount","12":"discount-restricted","14":"first","15":"instock","16":"sale","17":"downloadable","18":"virtual","19":"sold-individually","20":"purchasable","21":"product-type-simple"},"_links":{"self":[{"href":"https:\/\/gpl-love.com\/es\/wp-json\/wp\/v2\/product\/121695","targetHints":{"allow":["GET"]}}],"collection":[{"href":"https:\/\/gpl-love.com\/es\/wp-json\/wp\/v2\/product"}],"about":[{"href":"https:\/\/gpl-love.com\/es\/wp-json\/wp\/v2\/types\/product"}],"replies":[{"embeddable":true,"href":"https:\/\/gpl-love.com\/es\/wp-json\/wp\/v2\/comments?post=121695"}],"wp:featuredmedia":[{"embeddable":true,"href":"https:\/\/gpl-love.com\/es\/wp-json\/wp\/v2\/media\/168434"}],"wp:attachment":[{"href":"https:\/\/gpl-love.com\/es\/wp-json\/wp\/v2\/media?parent=121695"}],"wp:term":[{"taxonomy":"product_brand","embeddable":true,"href":"https:\/\/gpl-love.com\/es\/wp-json\/wp\/v2\/product_brand?post=121695"},{"taxonomy":"product_cat","embeddable":true,"href":"https:\/\/gpl-love.com\/es\/wp-json\/wp\/v2\/product_cat?post=121695"},{"taxonomy":"product_tag","embeddable":true,"href":"https:\/\/gpl-love.com\/es\/wp-json\/wp\/v2\/product_tag?post=121695"}],"curies":[{"name":"wp","href":"https:\/\/api.w.org\/{rel}","templated":true}]}}