{"id":121693,"date":"2021-02-09T00:00:00","date_gmt":"2021-02-09T05:00:00","guid":{"rendered":"https:\/\/gpl-love.com\/es\/producto\/wp-rich-snippets\/"},"modified":"2026-03-09T08:29:23","modified_gmt":"2026-03-09T13:29:23","slug":"wp-rich-snippets","status":"publish","type":"product","link":"https:\/\/gpl-love.com\/es\/producto\/wp-rich-snippets\/","title":{"rendered":"WP Rich Snippets 1.4.9"},"content":{"rendered":"<h3>WP Rich Snippets Caracteristicas<\/h3>\n<p>WP Rich Snippets es un complemento de WordPress incre\u00edblemente robusto y din\u00e1mico que permite a los usuarios la capacidad de incorporar a la perfecci\u00f3n fragmentos ricos en el contenido de su sitio web, reforzando as\u00ed la visibilidad y la funcionalidad de su plataforma en l\u00ednea. Este notable complemento ofrece a los usuarios la oportunidad sin precedentes de generar fragmentos ricos en una amplia gama de tipos de contenido, abarcando, pero no se limita a productos, revisiones, recetas, eventos y muchas otras categor\u00edas. Adem\u00e1s, los fragmentos de WP Rich se distinguen de sus competidores en virtud de su proceso de instalaci\u00f3n f\u00e1cil de usar e interfaz intuitiva, asegurando que incluso aquellos con competencia t\u00e9cnica limitada puedan navegar y aprovechar el inmenso potencial de esta herramienta notable. Adem\u00e1s, este complemento extraordinario ofrece una mir\u00edada de opciones de personalizaci\u00f3n, lo que permite a los usuarios adaptar meticulosamente sus fragmentos ricos a sus especificaciones y requisitos precisos. En consecuencia, ya sea que su objetivo final es elevar la clasificaci\u00f3n de los motores de b\u00fasqueda de su sitio web, aumentar los niveles de participaci\u00f3n del usuario o simplemente facilitar la accesibilidad perfecta de su valioso contenido, es evidente que los fragmentos ricos en WP es inequ\u00edvocamente una opci\u00f3n excepcional para cualquier usuario de WordPress m\u00e1s exigente.<\/p>\n<ul>\n<li>Permite a los usuarios mostrar fragmentos ricos, como revisiones, calificaciones e informaci\u00f3n de precios en los resultados de los motores de b\u00fasqueda.<\/li>\n<li>Ayuda a mejorar la visibilidad del sitio web y las tarifas de clics<\/li>\n<li>Ofrece plantillas personalizables y opciones de estilo<\/li>\n<li>Compatible con la mayor\u00eda de los temas y complementos de WordPress<\/li>\n<li>Admite m\u00faltiples idiomas<\/li>\n<li>Proporciona c\u00f3digos cortos f\u00e1ciles de usar para una f\u00e1cil implementaci\u00f3n<\/li>\n<li>Incluye varios tipos de marcado de esquema para diferentes tipos de contenido.<\/li>\n<li>Actualizado regularmente con nuevas funciones y mejoras<\/li>\n<li>Ofrece soporte y documentaci\u00f3n dedicados para los usuarios.<\/li>\n<\/ul>\n","protected":false},"excerpt":{"rendered":"<p>WP Rich Snippets es una herramienta incre\u00edblemente potente e influyente que sirve para generar fragmentos ricos. Estas descripciones mejoradas tienen la notable capacidad de materializarse en los resultados de b\u00fasqueda, lo que brinda a los usuarios una gran cantidad de informaci\u00f3n adicional relacionada con el contenido de un sitio web. Al incorporar fragmentos ricos en WP en su sitio, puede integrar sin esfuerzo el marcado de esquemas, asegurando la estructuraci\u00f3n y optimizaci\u00f3n adecuadas de su contenido para los motores de b\u00fasqueda. Como resultado, el potencial de tasas de clics m\u00e1s altas y un volumen amplificado de tr\u00e1fico para su sitio se mejora enormemente. Adem\u00e1s, los fragmentos ricos de WP presenta una variedad de caracter\u00edsticas personalizables, lo que le permite adaptar sus fragmentos ricos para alinearse sin problemas con sus necesidades y objetivos espec\u00edficos.<\/p>\n","protected":false},"featured_media":168433,"comment_status":"open","ping_status":"open","template":"","meta":[],"product_brand":[2633],"product_cat":[1206,1360,1211],"product_tag":[1446],"class_list":{"0":"post-121693","1":"product","2":"type-product","3":"status-publish","4":"has-post-thumbnail","6":"product_brand-wp-rich-snippets","7":"product_cat-plugins","8":"product_cat-seo","9":"product_cat-wordpress-plugins","10":"product_tag-wp-rich-snippets","11":"member-discount","12":"discount-restricted","14":"first","15":"instock","16":"sale","17":"downloadable","18":"virtual","19":"sold-individually","20":"purchasable","21":"product-type-simple"},"_links":{"self":[{"href":"https:\/\/gpl-love.com\/es\/wp-json\/wp\/v2\/product\/121693","targetHints":{"allow":["GET"]}}],"collection":[{"href":"https:\/\/gpl-love.com\/es\/wp-json\/wp\/v2\/product"}],"about":[{"href":"https:\/\/gpl-love.com\/es\/wp-json\/wp\/v2\/types\/product"}],"replies":[{"embeddable":true,"href":"https:\/\/gpl-love.com\/es\/wp-json\/wp\/v2\/comments?post=121693"}],"wp:featuredmedia":[{"embeddable":true,"href":"https:\/\/gpl-love.com\/es\/wp-json\/wp\/v2\/media\/168433"}],"wp:attachment":[{"href":"https:\/\/gpl-love.com\/es\/wp-json\/wp\/v2\/media?parent=121693"}],"wp:term":[{"taxonomy":"product_brand","embeddable":true,"href":"https:\/\/gpl-love.com\/es\/wp-json\/wp\/v2\/product_brand?post=121693"},{"taxonomy":"product_cat","embeddable":true,"href":"https:\/\/gpl-love.com\/es\/wp-json\/wp\/v2\/product_cat?post=121693"},{"taxonomy":"product_tag","embeddable":true,"href":"https:\/\/gpl-love.com\/es\/wp-json\/wp\/v2\/product_tag?post=121693"}],"curies":[{"name":"wp","href":"https:\/\/api.w.org\/{rel}","templated":true}]}}