{"id":121691,"date":"2021-02-09T00:00:00","date_gmt":"2021-02-09T05:00:00","guid":{"rendered":"https:\/\/gpl-love.com\/es\/producto\/wp-review-pro\/"},"modified":"2026-03-09T08:29:21","modified_gmt":"2026-03-09T13:29:21","slug":"wp-review-pro","status":"publish","type":"product","link":"https:\/\/gpl-love.com\/es\/producto\/wp-review-pro\/","title":{"rendered":"WP Review Pro 3.4.11"},"content":{"rendered":"<h3>WP Review Pro Caracteristicas<\/h3>\n<p>WP Review Pro, un poderoso complemento de WordPress, ha sido meticulosamente dise\u00f1ado para ayudar a los propietarios de sitios web a elaborar revisiones profesionales y visualmente cautivadoras para su variedad de productos o servicios. Al ofrecer una amplia selecci\u00f3n de plantillas personalizables y opciones de estilo, este complemento facilita sin problemas la creaci\u00f3n de revisiones integrales e esclarecedoras que seguramente cautivan e iluminar\u00e1n a su p\u00fablico objetivo. Independientemente de si se encuentra inmerso en el \u00e1mbito del marketing de afiliaci\u00f3n, los blogs o la operaci\u00f3n de una tienda de comercio electr\u00f3nico, WP Review Pro est\u00e1 listo para elevar sus tasas de conversi\u00f3n y amplificar la afluencia de tr\u00e1fico a su sitio web. Jactando caracter\u00edsticas como calificaciones de estrellas, revisiones de usuarios y fragmentos ricos, se hace evidente que este complemento sirve como la soluci\u00f3n de revisi\u00f3n definitiva para los usuarios de WordPress que anhelan establecer una presencia en l\u00ednea indeleble. Por lo tanto, si est\u00e1 buscando fervientemente una v\u00eda directa y eficaz para generar revisiones de alta calidad que generan resultados tangibles, no busque m\u00e1s que WP Review Pro.<\/p>\n<ul>\n<li>WP Review Pro es un complemento de WordPress que permite a los usuarios agregar f\u00e1cilmente revisiones hermosas y personalizables a su sitio web.<\/li>\n<li>Con un proceso de instalaci\u00f3n simple y una interfaz f\u00e1cil de usar, WP Review Pro facilita a los usuarios agregar revisiones a su sitio sin ning\u00fan conocimiento de codificaci\u00f3n.<\/li>\n<li>El complemento ofrece m\u00faltiples tipos de revisi\u00f3n, incluidos los sistemas de calificaci\u00f3n STAR, Point, porcentaje y pulgares, para adaptarse a cualquier tipo de sitio web o producto.<\/li>\n<li>Las opciones de dise\u00f1o personalizables de WP Review Pro permiten a los usuarios hacer coincidir sus revisiones con la marca y el dise\u00f1o de su sitio web.<\/li>\n<li>WP Review Pro tambi\u00e9n ofrece soporte de esquema, lo que permite a los usuarios agregar fragmentos ricos y mejorar la visibilidad del motor de b\u00fasqueda de su sitio web.<\/li>\n<li>El complemento incluye funciones incorporadas, como env\u00edos de revisi\u00f3n del usuario, revisiones basadas en la ubicaci\u00f3n y la capacidad de incrustar revisiones de otras plataformas.<\/li>\n<li>Los usuarios tambi\u00e9n pueden mostrar res\u00famenes de revisi\u00f3n en widgets, lo que permite a los visitantes ver r\u00e1pidamente la calificaci\u00f3n general de un producto o servicio.<\/li>\n<li>WP Review Pro se actualiza constantemente y proporciona una excelente atenci\u00f3n al cliente, asegurando que los usuarios siempre tengan las \u00faltimas caracter\u00edsticas y cualquier problema se resuelva r\u00e1pidamente.<\/li>\n<\/ul>\n","protected":false},"excerpt":{"rendered":"<p>WP Review Pro es un complemento robusto de WordPress que ha sido meticulosamente dise\u00f1ado para aumentar la participaci\u00f3n del usuario y proporcionar a los propietarios de sitios web con ideas invaluables. Cuenta con una variedad de plantillas de revisi\u00f3n personalizables, soporte integral para fragmentos ricos y una variedad de funcionalidades avanzadas, incluidas tablas de comparaci\u00f3n y calificaciones de usuarios. Al aprovechar estas impresionantes caracter\u00edsticas, WP Review Pro le permite mostrar efectivamente sus productos y servicios de una manera altamente profesional y cautivadora. Sorprendentemente vers\u00e1til, este complemento atiende a una amplia gama de tipos de sitios web, que van desde blogs y portales de noticias hasta plataformas de comercio electr\u00f3nico y marketing de afiliaci\u00f3n. Adem\u00e1s, se integra perfectamente con temas prominentes de WordPress y constructores de p\u00e1ginas al tiempo que exhibe una amigable excepcional de SEO. No pierda el tiempo en aprovechar la oportunidad de probar WP Review Pro hoy, y contemplar el notable enriquecimiento que imparte en su sitio web y la experiencia general del usuario.<\/p>\n","protected":false},"featured_media":168432,"comment_status":"open","ping_status":"open","template":"","meta":[],"product_brand":[2505],"product_cat":[1214,1206,1211],"product_tag":[1334],"class_list":{"0":"post-121691","1":"product","2":"type-product","3":"status-publish","4":"has-post-thumbnail","6":"product_brand-my-theme-shop","7":"product_cat-personalizacion","8":"product_cat-plugins","9":"product_cat-wordpress-plugins","10":"product_tag-my-theme-shop","11":"member-discount","12":"discount-restricted","14":"first","15":"instock","16":"sale","17":"downloadable","18":"virtual","19":"sold-individually","20":"purchasable","21":"product-type-simple"},"_links":{"self":[{"href":"https:\/\/gpl-love.com\/es\/wp-json\/wp\/v2\/product\/121691","targetHints":{"allow":["GET"]}}],"collection":[{"href":"https:\/\/gpl-love.com\/es\/wp-json\/wp\/v2\/product"}],"about":[{"href":"https:\/\/gpl-love.com\/es\/wp-json\/wp\/v2\/types\/product"}],"replies":[{"embeddable":true,"href":"https:\/\/gpl-love.com\/es\/wp-json\/wp\/v2\/comments?post=121691"}],"wp:featuredmedia":[{"embeddable":true,"href":"https:\/\/gpl-love.com\/es\/wp-json\/wp\/v2\/media\/168432"}],"wp:attachment":[{"href":"https:\/\/gpl-love.com\/es\/wp-json\/wp\/v2\/media?parent=121691"}],"wp:term":[{"taxonomy":"product_brand","embeddable":true,"href":"https:\/\/gpl-love.com\/es\/wp-json\/wp\/v2\/product_brand?post=121691"},{"taxonomy":"product_cat","embeddable":true,"href":"https:\/\/gpl-love.com\/es\/wp-json\/wp\/v2\/product_cat?post=121691"},{"taxonomy":"product_tag","embeddable":true,"href":"https:\/\/gpl-love.com\/es\/wp-json\/wp\/v2\/product_tag?post=121691"}],"curies":[{"name":"wp","href":"https:\/\/api.w.org\/{rel}","templated":true}]}}