{"id":121689,"date":"2025-10-24T00:00:00","date_gmt":"2025-10-24T05:00:00","guid":{"rendered":"https:\/\/gpl-love.com\/es\/producto\/wp-reset-pro-wordpress-development-y-debugging-tool\/"},"modified":"2026-03-09T08:29:19","modified_gmt":"2026-03-09T13:29:19","slug":"wp-reset-pro-wordpress-development-y-debugging-tool","status":"publish","type":"product","link":"https:\/\/gpl-love.com\/es\/producto\/wp-reset-pro-wordpress-development-y-debugging-tool\/","title":{"rendered":"WP Reset Pro WordPress Development y Debugging Tool 6.18"},"content":{"rendered":"<h3>WP Reset Pro WordPress Development y Debugging Tool Caracteristicas<\/h3>\n<p>WP Reset Pro es una herramienta incre\u00edblemente robusta y altamente efectiva dise\u00f1ada espec\u00edficamente para fines de desarrollo y depuraci\u00f3n de WordPress. Su funci\u00f3n principal es mejorar la eficiencia y la productividad de los desarrolladores al acelerar su flujo de trabajo y facilitar la restauraci\u00f3n perfecta de sus sitios web de WordPress a su estado predeterminado. Esta notable herramienta ofrece a los desarrolladores la capacidad de establecer r\u00e1pidamente un lienzo en blanco dentro de su entorno de desarrollo, lo que les brinda la oportunidad de analizar meticulosamente y rectificar cualquier problema que pueda surgir, as\u00ed como para probar y evaluar a fondo las caracter\u00edsticas novedosas, todo sin los m\u00e1s m\u00ednimos inconvenientes. . Adem\u00e1s, WP RESET Pro cuenta con una impresionante variedad de caracter\u00edsticas adicionales, que incluyen instant\u00e1neas de bases de datos, capacidades de eliminaci\u00f3n de publicaciones y de usuario, la capacidad de manipular tablas personalizadas, copias de seguridad autom\u00e1ticas y mucho m\u00e1s, todas contribuyen colectivamente a su estado como un activo indispensable para un activo indispensable Cualquier desarrollador de WordPress exigente. Adem\u00e1s, la interfaz f\u00e1cil de usar y el dise\u00f1o intuitivamente elaborado de WP RESET Pro renderizan a las personas sin esfuerzo y navegables, acomodantes en todos los niveles de habilidad, incluidos novatos y veteranos experimentados por igual. En resumen, est\u00e1 muy claro que WP RESET Pro representa una soluci\u00f3n excepcional que agiliza efectivamente el arduo proceso de desarrollo de WordPress, lo que permite a los desarrolladores construir sitios web superiores en una fracci\u00f3n del tiempo.<\/p>\n<ul>\n<li>Restablezca r\u00e1pidamente cualquier sitio de WordPress a su estado predeterminado con solo un clic<\/li>\n<li>Cree instant\u00e1neas de su sitio antes y despu\u00e9s de cambios significativos para una f\u00e1cil restauraci\u00f3n<\/li>\n<li>Depurar y solucionar problemas sin causar da\u00f1os permanentes a su sitio<\/li>\n<li>Acceso de un solo clic a herramientas \u00fatiles como la reinstalaci\u00f3n autom\u00e1tica de los archivos de WordPress b\u00e1sicos y la reactivaci\u00f3n del tema y el complemento<\/li>\n<li>Soporte de usuarios m\u00faltiples con roles y permisos de usuario personalizados<\/li>\n<li>Gesti\u00f3n remota de m\u00faltiples sitios desde una ubicaci\u00f3n central<\/li>\n<li>Opciones de marcado y marcado para el uso de la agencia<\/li>\n<li>Documentaci\u00f3n y soporte extenso para una f\u00e1cil configuraci\u00f3n y uso<\/li>\n<\/ul>\n","protected":false},"excerpt":{"rendered":"<p>WP Reset Pro es una herramienta excepcionalmente poderosa para el desarrollo y la depuraci\u00f3n de WordPress, que ofrece una amplia gama de caracter\u00edsticas que sirven para optimizar las pruebas y los procesos de desarrollo del sitio web. Sus capacidades abarcan una funci\u00f3n integral de restablecimiento del sitio, la capacidad de crear instant\u00e1neas de bases de datos, funcionalidad de copia de seguridad automatizada y capacidades de depuraci\u00f3n aceleradas. En virtud de estas caracter\u00edsticas notables, WP RESET pro evita efectivamente la necesidad de los esfuerzos de restauraci\u00f3n del sitio manual laborioso, reduciendo as\u00ed significativamente el esfuerzo temporal y f\u00edsico gastado por los desarrolladores. En consecuencia, esta herramienta multifac\u00e9tica surge como la soluci\u00f3n por excelencia para los desarrolladores que buscan aumentar su productividad y trascender los l\u00edmites de sus competencias de desarrollo de WordPress.<\/p>\n","protected":false},"featured_media":168431,"comment_status":"open","ping_status":"open","template":"","meta":[],"product_brand":[2632],"product_cat":[1212,1206,1211],"product_tag":[1460],"class_list":{"0":"post-121689","1":"product","2":"type-product","3":"status-publish","4":"has-post-thumbnail","6":"product_brand-wp-reset","7":"product_cat-administracion-wordpress-plugins","8":"product_cat-plugins","9":"product_cat-wordpress-plugins","10":"product_tag-wp-reset","11":"member-discount","12":"discount-restricted","14":"first","15":"instock","16":"sale","17":"downloadable","18":"virtual","19":"sold-individually","20":"purchasable","21":"product-type-simple"},"_links":{"self":[{"href":"https:\/\/gpl-love.com\/es\/wp-json\/wp\/v2\/product\/121689","targetHints":{"allow":["GET"]}}],"collection":[{"href":"https:\/\/gpl-love.com\/es\/wp-json\/wp\/v2\/product"}],"about":[{"href":"https:\/\/gpl-love.com\/es\/wp-json\/wp\/v2\/types\/product"}],"replies":[{"embeddable":true,"href":"https:\/\/gpl-love.com\/es\/wp-json\/wp\/v2\/comments?post=121689"}],"wp:featuredmedia":[{"embeddable":true,"href":"https:\/\/gpl-love.com\/es\/wp-json\/wp\/v2\/media\/168431"}],"wp:attachment":[{"href":"https:\/\/gpl-love.com\/es\/wp-json\/wp\/v2\/media?parent=121689"}],"wp:term":[{"taxonomy":"product_brand","embeddable":true,"href":"https:\/\/gpl-love.com\/es\/wp-json\/wp\/v2\/product_brand?post=121689"},{"taxonomy":"product_cat","embeddable":true,"href":"https:\/\/gpl-love.com\/es\/wp-json\/wp\/v2\/product_cat?post=121689"},{"taxonomy":"product_tag","embeddable":true,"href":"https:\/\/gpl-love.com\/es\/wp-json\/wp\/v2\/product_tag?post=121689"}],"curies":[{"name":"wp","href":"https:\/\/api.w.org\/{rel}","templated":true}]}}