{"id":121687,"date":"2026-03-27T00:00:00","date_gmt":"2026-03-27T05:00:00","guid":{"rendered":"https:\/\/gpl-love.com\/es\/producto\/wp-real-media-library\/"},"modified":"2026-03-27T11:16:30","modified_gmt":"2026-03-27T16:16:30","slug":"wp-real-media-library","status":"publish","type":"product","link":"https:\/\/gpl-love.com\/es\/producto\/wp-real-media-library\/","title":{"rendered":"WP Real Media Library 4.22.72"},"content":{"rendered":"<h3>WP Real Media Library Caracteristicas<\/h3>\n<p>WP Real Media Library es un complemento de biblioteca de medios incre\u00edblemente sofisticado y rico en funciones dise\u00f1ado espec\u00edficamente para WordPress. Su funci\u00f3n principal es proporcionar a los usuarios la capacidad de organizar efectivamente sus archivos multimedia de manera organizada y l\u00f3gica. Al ofrecer la capacidad de crear carpetas, subcarpetas e incluso colecciones, este complemento permite a los usuarios clasificar sin esfuerzo sus archivos multimedia, mejorando as\u00ed la accesibilidad general y la facilidad de uso. Adem\u00e1s, WP Real Media Library cuenta con funcionalidades avanzadas de b\u00fasqueda y filtrado, lo que permite a los usuarios ubicar de manera r\u00e1pida y conveniente archivos espec\u00edficos, incluso dentro de colecciones extensas. Uno de los aspectos m\u00e1s impresionantes de este complemento es su excepcional personalizaci\u00f3n, ya que ofrece a los usuarios una gran cantidad de opciones de dise\u00f1o y configuraciones para elegir. Esto no solo permite a los usuarios adaptar la apariencia y la funcionalidad de su biblioteca de medios para satisfacer sus necesidades y preferencias espec\u00edficas, sino que tambi\u00e9n garantiza una integraci\u00f3n perfecta con los constructores de p\u00e1ginas populares. Adem\u00e1s, el soporte de WP Real Media Library para m\u00faltiples idiomas mejora a\u00fan m\u00e1s su versatilidad y accesibilidad. En conclusi\u00f3n, WP Real Media Library es una herramienta indispensable para los usuarios de WordPress que se encuentran lidiando con la administraci\u00f3n y la organizaci\u00f3n de una colecci\u00f3n sustancial de archivos de medios.<\/p>\n<ul>\n<li>Un poderoso complemento de biblioteca de medios para sitios web de WordPress<\/li>\n<li>Proporciona una interfaz intuitiva para organizar y administrar todo tipo de archivos multimedia (im\u00e1genes, videos, audio y documentos)<\/li>\n<li>Viene con una gama de caracter\u00edsticas, como la clasificaci\u00f3n de archivos de arrastrar y soltar, la b\u00fasqueda r\u00e1pida y las opciones de edici\u00f3n masiva<\/li>\n<li>Permite a los usuarios crear carpetas y subcarpetas personalizadas para clasificar sus archivos multimedia.<\/li>\n<li>Ofrece una integraci\u00f3n perfecta con la biblioteca de medios nativa de WordPress y los constructores y complementos de p\u00e1gina de terceros<\/li>\n<li>Ayuda a mejorar el rendimiento del sitio web al reducir la cantidad de solicitudes HTTP hechas por archivos multimedia<\/li>\n<li>Proporciona opciones de filtrado avanzadas, lo que permite a los usuarios refinar su b\u00fasqueda de medios por tipo de archivo, tama\u00f1o, fecha y otros criterios<\/li>\n<li>Ofrece compatibilidad completa con la \u00faltima versi\u00f3n de WordPress y se actualiza regularmente con nuevas caracter\u00edsticas y correcciones de errores<\/li>\n<li>Incluye documentaci\u00f3n \u00fatil y atenci\u00f3n al cliente para ayudar a los usuarios a configurar y usar el complemento de manera efectiva.<\/li>\n<\/ul>\n","protected":false},"excerpt":{"rendered":"<p>WP Real Media Library es un complemento excepcional de WordPress que se ha desarrollado para ayudarlo a organizar y administrar sus archivos multimedia sin esfuerzo. Esta notable herramienta le permite establecer carpetas, subcarpetas y colecciones, facilitando as\u00ed la disposici\u00f3n perfecta de todas sus fotos, videos y documentos. Se desprende del caos y el desorden que afectan a sus bibliotecas de medios, ya que WP Real Media Library garantiza un enfoque simplificado para localizar y recuperar sus archivos siempre que surja la necesidad. Adem\u00e1s, sus filtros de vanguardia y funcionalidades de b\u00fasqueda permiten una identificaci\u00f3n r\u00e1pida de elementos de medios espec\u00edficos basados \u200b\u200ben una variedad de criterios, incluidas palabras clave, tipos de archivos y fechas. Eleve la experiencia de su biblioteca de medios a alturas sin precedentes adoptando las notables capacidades de la Biblioteca de Medios Real WP sin demora.<\/p>\n","protected":false},"featured_media":168429,"comment_status":"open","ping_status":"open","template":"","meta":[],"product_brand":[2612],"product_cat":[1212,1206,1211],"product_tag":[1364],"class_list":{"0":"post-121687","1":"product","2":"type-product","3":"status-publish","4":"has-post-thumbnail","6":"product_brand-real","7":"product_cat-administracion-wordpress-plugins","8":"product_cat-plugins","9":"product_cat-wordpress-plugins","10":"product_tag-real","11":"member-discount","12":"discount-restricted","14":"first","15":"instock","16":"sale","17":"downloadable","18":"virtual","19":"sold-individually","20":"purchasable","21":"product-type-simple"},"_links":{"self":[{"href":"https:\/\/gpl-love.com\/es\/wp-json\/wp\/v2\/product\/121687","targetHints":{"allow":["GET"]}}],"collection":[{"href":"https:\/\/gpl-love.com\/es\/wp-json\/wp\/v2\/product"}],"about":[{"href":"https:\/\/gpl-love.com\/es\/wp-json\/wp\/v2\/types\/product"}],"replies":[{"embeddable":true,"href":"https:\/\/gpl-love.com\/es\/wp-json\/wp\/v2\/comments?post=121687"}],"wp:featuredmedia":[{"embeddable":true,"href":"https:\/\/gpl-love.com\/es\/wp-json\/wp\/v2\/media\/168429"}],"wp:attachment":[{"href":"https:\/\/gpl-love.com\/es\/wp-json\/wp\/v2\/media?parent=121687"}],"wp:term":[{"taxonomy":"product_brand","embeddable":true,"href":"https:\/\/gpl-love.com\/es\/wp-json\/wp\/v2\/product_brand?post=121687"},{"taxonomy":"product_cat","embeddable":true,"href":"https:\/\/gpl-love.com\/es\/wp-json\/wp\/v2\/product_cat?post=121687"},{"taxonomy":"product_tag","embeddable":true,"href":"https:\/\/gpl-love.com\/es\/wp-json\/wp\/v2\/product_tag?post=121687"}],"curies":[{"name":"wp","href":"https:\/\/api.w.org\/{rel}","templated":true}]}}