{"id":121685,"date":"2026-03-18T00:00:00","date_gmt":"2026-03-18T05:00:00","guid":{"rendered":"https:\/\/gpl-love.com\/es\/producto\/wp-project-manager-pro\/"},"modified":"2026-03-18T11:16:46","modified_gmt":"2026-03-18T16:16:46","slug":"wp-project-manager-pro","status":"publish","type":"product","link":"https:\/\/gpl-love.com\/es\/producto\/wp-project-manager-pro\/","title":{"rendered":"WP Project Manager Pro 3.0.2"},"content":{"rendered":"<h3>WP Project Manager Pro Caracteristicas<\/h3>\n<p>WP Project Manager Pro es una herramienta de gesti\u00f3n de proyectos altamente completa con una variedad de funcionalidades que facilitan la gesti\u00f3n eficiente de proyectos y mejoran la optimizaci\u00f3n del flujo de trabajo dentro de las empresas. Dise\u00f1ado espec\u00edficamente como un complemento para WordPress, esta notable herramienta cuenta con una interfaz f\u00e1cil de usar que facilita sin esfuerzo una colaboraci\u00f3n y comunicaci\u00f3n perfecta entre los equipos. La gesti\u00f3n de tareas, el seguimiento de tiempo y el intercambio de archivos son solo algunas de las caracter\u00edsticas impresionantes que ofrecen WP Project Manager Pro, lo que permite a los equipos mantener un alto nivel de organizaci\u00f3n y permanecer en el camino durante todo el ciclo de vida del proyecto. Adem\u00e1s, esta poderosa herramienta proporciona opciones de personalizaci\u00f3n, como la inclusi\u00f3n de campos personalizados y listas de tareas, que se pueden adaptar para cumplir con los requisitos espec\u00edficos de las empresas individuales. Adem\u00e1s, las capacidades avanzadas de informes y an\u00e1lisis permiten a las empresas monitorear de cerca el progreso del proyecto y permanecer constantemente informados sobre el estado actual de cada empresa. En consecuencia, WP Project Manager Pro surge como un activo indispensable para las empresas que tienen como objetivo mejorar los niveles de productividad y, en \u00faltima instancia, revolucionar sus pr\u00e1cticas de gesti\u00f3n de proyectos.<\/p>\n<ul>\n<li>Gesti\u00f3n de proyectos optimizada con caracter\u00edsticas robustas para una colaboraci\u00f3n eficiente<\/li>\n<li>Panel de control personalizable para una descripci\u00f3n y seguimiento f\u00e1cil de proyectos<\/li>\n<li>Asignar tareas, establecer plazos y colaborar con los miembros del equipo en tiempo real<\/li>\n<li>Vista de gr\u00e1fico Gantt para la planificaci\u00f3n y programaci\u00f3n de proyectos visuales<\/li>\n<li>Rastreador de tiempo para monitoreo preciso de la hora de trabajo<\/li>\n<li>Administraci\u00f3n de archivos con control de versiones para compartir documentos organizados y seguros<\/li>\n<li>Seguimiento de hitos para medir el progreso contra los objetivos del proyecto<\/li>\n<li>Notificaciones por correo electr\u00f3nico para mantener a todos informados y actualizados<\/li>\n<li>Integraci\u00f3n con herramientas populares como Slack y Zapier para una mayor productividad<\/li>\n<li>Informes avanzados para an\u00e1lisis e ideas integrales de proyectos.<\/li>\n<\/ul>\n","protected":false},"excerpt":{"rendered":"<p>WP Project Manager Pro es un complemento de gesti\u00f3n de proyectos incre\u00edblemente potente dise\u00f1ado espec\u00edficamente para usuarios de WordPress. Esta herramienta extraordinaria le permite supervisar y gobernar de manera eficiente sus proyectos, clientes y miembros del equipo de una manera incre\u00edblemente efectiva. La interfaz f\u00e1cil de usar e intuitiva le permite generar y administrar sin esfuerzo tareas, monitorear de cerca el progreso del proyecto, colaborar sin esfuerzo con los estimados miembros del equipo y establecer l\u00edneas de comunicaci\u00f3n perfecta con sus valiosos clientes. Al aprovechar las caracter\u00edsticas avanzadas y de vanguardia, como gr\u00e1ficos Gantt, capacidades de seguimiento de tiempo, funcionalidad de gesti\u00f3n de archivos y la capacidad de crear informes altamente personalizables e informativos, puede afirmar con confianza su control sobre cada faceta de sus proyectos y garantizar su triunfante terminaci\u00f3n. WP Project Manager Pro es, sin duda, la soluci\u00f3n por excelencia tanto para empresas como para personas que buscan fervientemente racionalizar su proceso de gesti\u00f3n de proyectos y se esfuerzan por lograr sus objetivos estimados de una manera m\u00e1s conveniente y eficiente.<\/p>\n","protected":false},"featured_media":168427,"comment_status":"open","ping_status":"open","template":"","meta":[],"product_brand":[2593],"product_cat":[1214,1206,1211],"product_tag":[1522],"class_list":{"0":"post-121685","1":"product","2":"type-product","3":"status-publish","4":"has-post-thumbnail","6":"product_brand-wedevs","7":"product_cat-personalizacion","8":"product_cat-plugins","9":"product_cat-wordpress-plugins","10":"product_tag-wedevs","11":"member-discount","12":"discount-restricted","14":"first","15":"instock","16":"sale","17":"downloadable","18":"virtual","19":"sold-individually","20":"purchasable","21":"product-type-simple"},"_links":{"self":[{"href":"https:\/\/gpl-love.com\/es\/wp-json\/wp\/v2\/product\/121685","targetHints":{"allow":["GET"]}}],"collection":[{"href":"https:\/\/gpl-love.com\/es\/wp-json\/wp\/v2\/product"}],"about":[{"href":"https:\/\/gpl-love.com\/es\/wp-json\/wp\/v2\/types\/product"}],"replies":[{"embeddable":true,"href":"https:\/\/gpl-love.com\/es\/wp-json\/wp\/v2\/comments?post=121685"}],"wp:featuredmedia":[{"embeddable":true,"href":"https:\/\/gpl-love.com\/es\/wp-json\/wp\/v2\/media\/168427"}],"wp:attachment":[{"href":"https:\/\/gpl-love.com\/es\/wp-json\/wp\/v2\/media?parent=121685"}],"wp:term":[{"taxonomy":"product_brand","embeddable":true,"href":"https:\/\/gpl-love.com\/es\/wp-json\/wp\/v2\/product_brand?post=121685"},{"taxonomy":"product_cat","embeddable":true,"href":"https:\/\/gpl-love.com\/es\/wp-json\/wp\/v2\/product_cat?post=121685"},{"taxonomy":"product_tag","embeddable":true,"href":"https:\/\/gpl-love.com\/es\/wp-json\/wp\/v2\/product_tag?post=121685"}],"curies":[{"name":"wp","href":"https:\/\/api.w.org\/{rel}","templated":true}]}}