{"id":121683,"date":"2025-07-23T00:00:00","date_gmt":"2025-07-23T05:00:00","guid":{"rendered":"https:\/\/gpl-love.com\/es\/producto\/wp-media-folder-gallery-addon\/"},"modified":"2026-03-09T08:28:54","modified_gmt":"2026-03-09T13:28:54","slug":"wp-media-folder-gallery-addon","status":"publish","type":"product","link":"https:\/\/gpl-love.com\/es\/producto\/wp-media-folder-gallery-addon\/","title":{"rendered":"WP Media Folder Gallery Addon 2.6.11"},"content":{"rendered":"<h3>WP Media Folder Gallery Addon Caracteristicas<\/h3>\n<p>El complemento de la galer\u00eda de carpetas WP Media es una herramienta extremadamente formidable que mejora significativamente la biblioteca de medios de su sitio web de WordPress. Este notable complemento le proporciona la capacidad sin precedentes para crear galer\u00edas impresionantes sin esfuerzo mediante la utilizaci\u00f3n de una amplia gama de im\u00e1genes y videos obtenidos directamente desde su biblioteca de medios. El complemento de la galer\u00eda de carpetas WP Media cuenta con una interfaz impresionantemente f\u00e1cil de usar, y ofrece una amplia gama de opciones de personalizaci\u00f3n que abarcan una variedad de dise\u00f1os de galer\u00eda, efectos cautivadores de desplazamiento y cautivadores filtros de im\u00e1genes. Al emplear este ingenioso complemento, se le otorga la notable capacidad de exhibir sus medios de manera visualmente cautivadora, cautivando y absorbiendo efectivamente a su estimada audiencia. Adem\u00e1s, es de suma importancia tener en cuenta que el complemento de la galer\u00eda de la carpeta de medios WP est\u00e1 meticulosamente dise\u00f1ado y desarrollado para ser completamente receptivo, asegurando as\u00ed que sus galer\u00edas meticulosamente elaboradas exuden un sentido incomparable de excelencia est\u00e9tica, independientemente del dispositivo en el que se encuentren. visto. Independientemente de si es un blogger experimentado, un fot\u00f3grafo profesional o un due\u00f1o de un negocio distinguido, es evidente que el complemento de la galer\u00eda de carpetas de WP Media demostrar\u00eda ser una opci\u00f3n extremadamente astuta para elevar y refinar la gesti\u00f3n de los medios y la presentaci\u00f3n de su estimado sitio web.<\/p>\n<ul>\n<li>Organizar y administrar eficientemente sus archivos multimedia en la Galer\u00eda de carpetas de medios de WP<\/li>\n<li>Cree f\u00e1cilmente galer\u00edas utilizando archivos almacenados en la galer\u00eda de carpetas WP Media<\/li>\n<li>Personalice la visualizaci\u00f3n de sus galer\u00edas con varios dise\u00f1os y opciones de dise\u00f1o<\/li>\n<li>Interfaz intuitiva de arrastrar y soltar para agregar y reorganizar im\u00e1genes en sus galer\u00edas<\/li>\n<li>El dise\u00f1o receptivo asegura que sus galer\u00edas se vean muy bien en todos los dispositivos<\/li>\n<li>Integrado con WP Media Folder Gallery, por lo que todos los archivos multimedia son f\u00e1cilmente accesibles<\/li>\n<li>Rendimiento mejorado y tiempos de carga m\u00e1s r\u00e1pidos en comparaci\u00f3n con otros complementos de la galer\u00eda<\/li>\n<li>Opciones amigables con SEO para ayudar a aumentar las clasificaciones de motores de b\u00fasqueda de su sitio web<\/li>\n<li>Compatible con temas y complementos populares de WordPress<\/li>\n<li>Soporte t\u00e9cnico confiable y actualizaciones peri\u00f3dicas para garantizar la compatibilidad con los nuevos lanzamientos de WordPress.<\/li>\n<\/ul>\n","protected":false},"excerpt":{"rendered":"<p>El complemento de la galer\u00eda de carpetas WP Media es una herramienta indispensable que se recomienda muy recomendable para cada propietario del sitio web de WordPress con el objetivo de crear galer\u00edas de im\u00e1genes visualmente cautivadoras. Este complemento proporciona una interfaz f\u00e1cil de usar, una funcionalidad sin costuras de arrastrar y soltar, y una amplia selecci\u00f3n de opciones de personalizaci\u00f3n, lo que le permite organizar y mostrar de manera efectiva sus archivos multimedia de una manera que se alinea perfectamente con su estilo de sitio web \u00fanico y su identidad de marca. Despedirse de las galer\u00edas de im\u00e1genes engorrosas y anticuadas, y lleve el encanto visual de su sitio web a nuevas alturas integrando el complemento de la galer\u00eda de carpetas WP Media.<\/p>\n","protected":false},"featured_media":168414,"comment_status":"open","ping_status":"open","template":"","meta":[],"product_brand":[2622],"product_cat":[1212,1206,1211],"product_tag":[1493],"class_list":{"0":"post-121683","1":"product","2":"type-product","3":"status-publish","4":"has-post-thumbnail","6":"product_brand-joomunited","7":"product_cat-administracion-wordpress-plugins","8":"product_cat-plugins","9":"product_cat-wordpress-plugins","10":"product_tag-joomunited","11":"member-discount","12":"discount-restricted","14":"first","15":"instock","16":"sale","17":"downloadable","18":"virtual","19":"sold-individually","20":"purchasable","21":"product-type-simple"},"_links":{"self":[{"href":"https:\/\/gpl-love.com\/es\/wp-json\/wp\/v2\/product\/121683","targetHints":{"allow":["GET"]}}],"collection":[{"href":"https:\/\/gpl-love.com\/es\/wp-json\/wp\/v2\/product"}],"about":[{"href":"https:\/\/gpl-love.com\/es\/wp-json\/wp\/v2\/types\/product"}],"replies":[{"embeddable":true,"href":"https:\/\/gpl-love.com\/es\/wp-json\/wp\/v2\/comments?post=121683"}],"wp:featuredmedia":[{"embeddable":true,"href":"https:\/\/gpl-love.com\/es\/wp-json\/wp\/v2\/media\/168414"}],"wp:attachment":[{"href":"https:\/\/gpl-love.com\/es\/wp-json\/wp\/v2\/media?parent=121683"}],"wp:term":[{"taxonomy":"product_brand","embeddable":true,"href":"https:\/\/gpl-love.com\/es\/wp-json\/wp\/v2\/product_brand?post=121683"},{"taxonomy":"product_cat","embeddable":true,"href":"https:\/\/gpl-love.com\/es\/wp-json\/wp\/v2\/product_cat?post=121683"},{"taxonomy":"product_tag","embeddable":true,"href":"https:\/\/gpl-love.com\/es\/wp-json\/wp\/v2\/product_tag?post=121683"}],"curies":[{"name":"wp","href":"https:\/\/api.w.org\/{rel}","templated":true}]}}