{"id":121681,"date":"2026-04-18T00:00:00","date_gmt":"2026-04-18T05:00:00","guid":{"rendered":"https:\/\/gpl-love.com\/es\/producto\/wp-mail-smtp-pro\/"},"modified":"2026-04-18T17:16:55","modified_gmt":"2026-04-18T22:16:55","slug":"wpmail-smtp-pro","status":"publish","type":"product","link":"https:\/\/gpl-love.com\/es\/producto\/wpmail-smtp-pro\/","title":{"rendered":"WP Mail SMTP Pro 4.8.0"},"content":{"rendered":"<h3>WP Mail SMTP Pro Caracteristicas<\/h3>\n<p>Para los propietarios de sitios web que utilizan WordPress, WP Mail SMTP Pro es un complemento esencial que proporciona una soluci\u00f3n confiable y altamente segura para la transmisi\u00f3n de correo electr\u00f3nico. Al emplear este complemento robusto, se puede establecer sin esfuerzo la utilizaci\u00f3n de un servidor SMTP, en lugar de confiar \u00fanicamente en la funci\u00f3n de correo de WordPress predeterminada, garantizando as\u00ed la entrega consistente y confiable de los correos electr\u00f3nicos a las bandejas de entrada de los destinatarios, al tiempo que evita el etiquetado desafortunado de los desafortunados etiquetado de Dicho correos electr\u00f3nicos como spam. Con una variedad de funcionalidades avanzadas, que incluyen registro de correo electr\u00f3nico, soporte para m\u00faltiples proveedores de SMTP e incluso una prueba SMTP integrada para determinar la configuraci\u00f3n precisa de la configuraci\u00f3n de correo electr\u00f3nico de uno, WP Mail SMTP Pro es una inversi\u00f3n excepcional para aquellos que buscan mejorar la capacidad de entrega mencionada de los correos electr\u00f3nicos de su sitio web.<\/p>\n<ul>\n<li>Le permite enviar correos electr\u00f3nicos desde su sitio de WordPress utilizando el protocolo SMTP para una mejor capacidad de entrega<\/li>\n<li>Admite proveedores de SMTP populares como Gmail, Yahoo, Outlook y m\u00e1s<\/li>\n<li>Ofrece registro de correo electr\u00f3nico avanzado e informes de errores para una resoluci\u00f3n de problemas m\u00e1s f\u00e1cil<\/li>\n<li>Configuraci\u00f3n y configuraci\u00f3n f\u00e1cil con instrucciones paso a paso y un asistente de configuraci\u00f3n<\/li>\n<li>Incluye un probador de correo electr\u00f3nico incorporado para asegurarse de que sus correos electr\u00f3nicos est\u00e9n llegando a sus destinatarios previstos<\/li>\n<li>Ofrece opciones para personalizar los encabezados de correo electr\u00f3nico y las direcciones de respuesta<\/li>\n<li>Proporciona soporte para enviar correos electr\u00f3nicos transaccionales, como reinicios de contrase\u00f1a y confirmaciones de pedido, directamente desde su sitio de WordPress<\/li>\n<\/ul>\n","protected":false},"excerpt":{"rendered":"<p>WP Mail SMTP Pro, un complemento de WordPress altamente efectivo, ofrece una soluci\u00f3n integral para garantizar la entrega exitosa de correos electr\u00f3nicos en su sitio web. Esta notable herramienta le permite configurar sin esfuerzo la compleja configuraci\u00f3n de correo electr\u00f3nico de su sitio web, asegurando as\u00ed que cada correo electr\u00f3nico enviado alcanza las bandejas de entrada de sus destinatarios previstas sin falta. Equipado con WP Mail SMTP Pro, obtiene la capacidad de enviar correos electr\u00f3nicos a trav\u00e9s de proveedores de SMTP de terceros, establecer registros de correo electr\u00f3nico para el monitoreo meticuloso de las actividades de correo electr\u00f3nico, as\u00ed como activar notificaciones por correo electr\u00f3nico tanto para usted como para sus estimados usuarios. Adem\u00e1s, este complemento es reconocido por su proceso de instalaci\u00f3n f\u00e1cil de usar y su naturaleza personalizable, lo que le permite adaptar sus estrategias de marketing por correo electr\u00f3nico a la perfecci\u00f3n. Adem\u00e1s, el soporte inigualable proporcionado por WP Mail SMTP Pro garantiza que reciba una asistencia incomparable para optimizar sus esfuerzos de marketing por correo electr\u00f3nico para lograr un \u00e9xito sin precedentes.<\/p>\n","protected":false},"featured_media":168412,"comment_status":"open","ping_status":"closed","template":"","meta":[],"product_brand":[2628],"product_cat":[1212,1206,1211],"product_tag":[1440],"class_list":{"0":"post-121681","1":"product","2":"type-product","3":"status-publish","4":"has-post-thumbnail","6":"product_brand-wp-forms","7":"product_cat-administracion-wordpress-plugins","8":"product_cat-plugins","9":"product_cat-wordpress-plugins","10":"product_tag-wp-forms","11":"member-discount","12":"discount-restricted","14":"first","15":"instock","16":"sale","17":"downloadable","18":"virtual","19":"sold-individually","20":"purchasable","21":"product-type-simple"},"_links":{"self":[{"href":"https:\/\/gpl-love.com\/es\/wp-json\/wp\/v2\/product\/121681","targetHints":{"allow":["GET"]}}],"collection":[{"href":"https:\/\/gpl-love.com\/es\/wp-json\/wp\/v2\/product"}],"about":[{"href":"https:\/\/gpl-love.com\/es\/wp-json\/wp\/v2\/types\/product"}],"replies":[{"embeddable":true,"href":"https:\/\/gpl-love.com\/es\/wp-json\/wp\/v2\/comments?post=121681"}],"wp:featuredmedia":[{"embeddable":true,"href":"https:\/\/gpl-love.com\/es\/wp-json\/wp\/v2\/media\/168412"}],"wp:attachment":[{"href":"https:\/\/gpl-love.com\/es\/wp-json\/wp\/v2\/media?parent=121681"}],"wp:term":[{"taxonomy":"product_brand","embeddable":true,"href":"https:\/\/gpl-love.com\/es\/wp-json\/wp\/v2\/product_brand?post=121681"},{"taxonomy":"product_cat","embeddable":true,"href":"https:\/\/gpl-love.com\/es\/wp-json\/wp\/v2\/product_cat?post=121681"},{"taxonomy":"product_tag","embeddable":true,"href":"https:\/\/gpl-love.com\/es\/wp-json\/wp\/v2\/product_tag?post=121681"}],"curies":[{"name":"wp","href":"https:\/\/api.w.org\/{rel}","templated":true}]}}