{"id":121679,"date":"2022-04-05T00:00:00","date_gmt":"2022-04-05T05:00:00","guid":{"rendered":"https:\/\/gpl-love.com\/es\/producto\/wp-kit-for-elementor\/"},"modified":"2026-03-09T08:28:47","modified_gmt":"2026-03-09T13:28:47","slug":"wp-kit-for-elementor","status":"publish","type":"product","link":"https:\/\/gpl-love.com\/es\/producto\/wp-kit-for-elementor\/","title":{"rendered":"WP Kit For Elementor 1.1.0"},"content":{"rendered":"<h3>WP Kit For Elementor Caracteristicas<\/h3>\n<p>El kit WP para Elementor es un complemento incre\u00edblemente robusto que sirve para mejorar la eficacia de los desarrolladores de sitios web al otorgarles la capacidad de economizar el tiempo y optimizar su flujo de trabajo. Con la implementaci\u00f3n de este complemento, se puede generar sitios web sin esfuerzo que son est\u00e9ticamente agradables y exudan un sentido de profesionalismo a trav\u00e9s de la utilizaci\u00f3n de Elementor. Esta ingeniosa herramienta suministra una amplia gama de plantillas, widgets y bloques predise\u00f1ados, todos los cuales poseen la capacidad inherente de ser personalizado para armonizar sin problemas con la marca y el estilo espec\u00edficos del sitio web. El kit WP para Elementor ha sido ingeniosamente dise\u00f1ado para ser f\u00e1cil de usar y f\u00e1cilmente navegable, lo que lo convierte en un activo ideal para personas de diferentes niveles de experiencia, que abarca tanto ne\u00f3fitos como desarrolladores experimentados. Entre su extensa lista de caracter\u00edsticas, los usuarios pueden disfrutar de las ventajas de un dise\u00f1o receptivo, widgets personalizables y una biblioteca rebosante de dise\u00f1os listos. En \u00faltima instancia, el kit WP para Elementor es una herramienta superlativa, capaz de capacitar a los usuarios para erigir sitios web visualmente impresionantes y ricos en funciones, todo sin necesidad de un iota de destreza de codificaci\u00f3n.<\/p>\n<ul>\n<li>WP Kit para Elementor es un poderoso conjunto de herramientas dise\u00f1ado espec\u00edficamente para usuarios del creador de sitios web de Elementor.<\/li>\n<li>Con el kit WP, puede crear f\u00e1cilmente tipos de publicaciones personalizados, formularios avanzados y galer\u00edas din\u00e1micas.<\/li>\n<li>El complemento viene con m\u00e1s de 60 plantillas preconstruidas y m\u00e1s de 100 widgets, lo que le permite crear f\u00e1cilmente sitios web impresionantes sin ning\u00fan conocimiento de codificaci\u00f3n.<\/li>\n<li>WP Kit tambi\u00e9n incluye un poderoso constructor de temas, lo que le permite personalizar el dise\u00f1o de su sitio seg\u00fan sus especificaciones exactas.<\/li>\n<li>Con su interfaz f\u00e1cil de usar y su editor intuitivo de arrastrar y soltar, WP Kit es perfecto para principiantes y usuarios avanzados por igual.<\/li>\n<li>Adem\u00e1s, el complemento es extremadamente liviano y ofrece tiempos de carga de la p\u00e1gina de Lightning-Fast, lo que lo convierte en la opci\u00f3n perfecta para cualquier sitio web.<\/li>\n<li>Con sus potentes caracter\u00edsticas e interfaz f\u00e1cil de usar, el kit WP para Elementor es el mejor kit de herramientas para todas las necesidades de creaci\u00f3n de sitios web.<\/li>\n<\/ul>\n","protected":false},"excerpt":{"rendered":"<p>WP Kit para Elementor, una herramienta robusta y multifac\u00e9tica, sirve como un recurso invaluable para elaborar sitios web visuales sin esfuerzo. Con una extensa variedad de widgets y plantillas meticulosamente dise\u00f1adas, este kit lo equipa con todos los componentes esenciales necesarios para construir un sitio web en plena operaci\u00f3n utilizando Elementor. Ya sea que sea un ne\u00f3fito en el \u00e1mbito del dise\u00f1o web o un profesional experimentado, WP Kit para Elementor optimiza el proceso de creaci\u00f3n del sitio web, minimizando efectivamente el gasto de tiempo y energ\u00eda. \u00a1Eleve la destreza de dise\u00f1o de su sitio web integrando el kit WP para Elementor en su repertorio sin demora!<\/p>\n","protected":false},"featured_media":168409,"comment_status":"open","ping_status":"open","template":"","meta":[],"product_brand":[2339],"product_cat":[1214,1206,1211],"product_tag":[1256],"class_list":{"0":"post-121679","1":"product","2":"type-product","3":"status-publish","4":"has-post-thumbnail","6":"product_brand-codecanyon","7":"product_cat-personalizacion","8":"product_cat-plugins","9":"product_cat-wordpress-plugins","10":"product_tag-codecanyon","11":"member-discount","12":"discount-restricted","14":"first","15":"instock","16":"sale","17":"downloadable","18":"virtual","19":"sold-individually","20":"purchasable","21":"product-type-simple"},"_links":{"self":[{"href":"https:\/\/gpl-love.com\/es\/wp-json\/wp\/v2\/product\/121679","targetHints":{"allow":["GET"]}}],"collection":[{"href":"https:\/\/gpl-love.com\/es\/wp-json\/wp\/v2\/product"}],"about":[{"href":"https:\/\/gpl-love.com\/es\/wp-json\/wp\/v2\/types\/product"}],"replies":[{"embeddable":true,"href":"https:\/\/gpl-love.com\/es\/wp-json\/wp\/v2\/comments?post=121679"}],"wp:featuredmedia":[{"embeddable":true,"href":"https:\/\/gpl-love.com\/es\/wp-json\/wp\/v2\/media\/168409"}],"wp:attachment":[{"href":"https:\/\/gpl-love.com\/es\/wp-json\/wp\/v2\/media?parent=121679"}],"wp:term":[{"taxonomy":"product_brand","embeddable":true,"href":"https:\/\/gpl-love.com\/es\/wp-json\/wp\/v2\/product_brand?post=121679"},{"taxonomy":"product_cat","embeddable":true,"href":"https:\/\/gpl-love.com\/es\/wp-json\/wp\/v2\/product_cat?post=121679"},{"taxonomy":"product_tag","embeddable":true,"href":"https:\/\/gpl-love.com\/es\/wp-json\/wp\/v2\/product_tag?post=121679"}],"curies":[{"name":"wp","href":"https:\/\/api.w.org\/{rel}","templated":true}]}}