{"id":121677,"date":"2024-05-04T00:00:00","date_gmt":"2024-05-04T05:00:00","guid":{"rendered":"https:\/\/gpl-love.com\/es\/producto\/wp-job-manager-resume-manager-addon\/"},"modified":"2026-03-09T08:28:45","modified_gmt":"2026-03-09T13:28:45","slug":"wp-job-manager-resume-manager-addon","status":"publish","type":"product","link":"https:\/\/gpl-love.com\/es\/producto\/wp-job-manager-resume-manager-addon\/","title":{"rendered":"WP Job Manager Resume Manager Addon 2.2.0"},"content":{"rendered":"<h3>WP Job Manager Resume Manager Addon Caracteristicas<\/h3>\n<p>El Addon del gerente de curr\u00edculums de WP Gerente de trabajo, una herramienta robusta meticulosamente dise\u00f1ada para facilitar la gesti\u00f3n perfecta de los curr\u00edculums para solicitantes de empleo y empleadores, demuestra ser un activo invaluable. Este formidable complemento faculta a los solicitantes de empleo para generar y cargar sin esfuerzo sus curr\u00edculums en una mir\u00edada de formatos vers\u00e1tiles que incluyen, entre otros, PDF o documentos de Word, lo que mejora sus perspectivas de empleabilidad. Adem\u00e1s, los empleadores se otorgan la capacidad de leer y examinar sin esfuerzo curr\u00edculums, ejerciendo el poder de filtrar meticulosamente su b\u00fasqueda en funci\u00f3n de una gran cantidad de criterios espec\u00edficos, como el conjunto de habilidades de un individuo o la experiencia previa. Las capacidades multifac\u00e9ticas de este notable complemento se extienden m\u00e1s all\u00e1 de estas funciones rudimentarias, que abarcan la provisi\u00f3n de caracter\u00edsticas indispensables, como notificaciones por correo electr\u00f3nico, vistas previas y formularios de env\u00edo personalizables, lo que hace que la totalidad del proceso de reclutamiento sea notablemente expedito y racionalizado. It is unequivocally evident that with the incorporation of the WP Job Manager Resume Manager Addon into their arsenal, both job seekers and employers stand to gain the invaluable advantages of saving substantial time and effort in their endeavors to efficiently manage resumes and procure ideal candidates, thereby fortificar la vitalidad y la prosperidad de sus respectivas organizaciones.<\/p>\n<ul>\n<li>Permite a los usuarios cargar y administrar curr\u00edculums directamente en su sitio web de listado de trabajo<\/li>\n<li>Proporciona formularios de env\u00edo de curr\u00edculums personalizables para solicitantes de empleo<\/li>\n<li>Permite a los empleadores buscar y ver f\u00e1cilmente curr\u00edculums dentro de la plataforma WP Job Manager<\/li>\n<li>Ofrece la capacidad de filtrar curr\u00edculums por t\u00edtulo de trabajo, ubicaci\u00f3n y palabras clave para una contrataci\u00f3n eficiente<\/li>\n<li>Se integra a la perfecci\u00f3n con el complemento y el tema del administrador de trabajo de WP existente<\/li>\n<li>Proporciona documentaci\u00f3n detallada y apoyo de desarrolladores experimentados<\/li>\n<li>Mantiene curr\u00edculums y listados de trabajo seguros con el control de acceso al usuario y el cifrado SSL<\/li>\n<li>Ahorra tiempo y mejora el flujo de trabajo tanto para los solicitantes de empleo como para los empleadores.<\/li>\n<\/ul>\n","protected":false},"excerpt":{"rendered":"<p>El Addon del gerente de curr\u00edculums de WP Gerente de trabajo es una herramienta altamente indispensable que satisface las necesidades de las empresas y los solicitantes de empleo en igual medida. Este notable complemento ofrece a los solicitantes de empleo la conveniencia de cargar sin esfuerzo sus curr\u00edculums y administrarlos de manera eficiente a trav\u00e9s de su tablero de usuarios. A su vez, a los empleadores se les otorga la capacidad sin esfuerzo para ver convenientemente y descargar directamente los curr\u00edculums de los listados de trabajo. La presencia del complemento del gerente de curr\u00edculum permite que los gerentes de contrataci\u00f3n identifiquen de manera r\u00e1pida y efectiva candidatos excepcionales, por lo que racionalizar considerablemente su proceso de contrataci\u00f3n general. Adem\u00e1s, este complemento incre\u00edblemente vers\u00e1til cuenta con opciones de personalizaci\u00f3n completas, brind\u00e1ndole la oportunidad de crear una experiencia de contrataci\u00f3n y contrataci\u00f3n totalmente perfecta y a medida para su estimado negocio.<\/p>\n","protected":false},"featured_media":168407,"comment_status":"open","ping_status":"open","template":"","meta":[],"product_brand":[2626],"product_cat":[1212,1206,1211],"product_tag":[1444],"class_list":{"0":"post-121677","1":"product","2":"type-product","3":"status-publish","4":"has-post-thumbnail","6":"product_brand-wp-job-manager","7":"product_cat-administracion-wordpress-plugins","8":"product_cat-plugins","9":"product_cat-wordpress-plugins","10":"product_tag-wp-job-manager","11":"member-discount","12":"discount-restricted","14":"first","15":"instock","16":"sale","17":"downloadable","18":"virtual","19":"sold-individually","20":"purchasable","21":"product-type-simple"},"_links":{"self":[{"href":"https:\/\/gpl-love.com\/es\/wp-json\/wp\/v2\/product\/121677","targetHints":{"allow":["GET"]}}],"collection":[{"href":"https:\/\/gpl-love.com\/es\/wp-json\/wp\/v2\/product"}],"about":[{"href":"https:\/\/gpl-love.com\/es\/wp-json\/wp\/v2\/types\/product"}],"replies":[{"embeddable":true,"href":"https:\/\/gpl-love.com\/es\/wp-json\/wp\/v2\/comments?post=121677"}],"wp:featuredmedia":[{"embeddable":true,"href":"https:\/\/gpl-love.com\/es\/wp-json\/wp\/v2\/media\/168407"}],"wp:attachment":[{"href":"https:\/\/gpl-love.com\/es\/wp-json\/wp\/v2\/media?parent=121677"}],"wp:term":[{"taxonomy":"product_brand","embeddable":true,"href":"https:\/\/gpl-love.com\/es\/wp-json\/wp\/v2\/product_brand?post=121677"},{"taxonomy":"product_cat","embeddable":true,"href":"https:\/\/gpl-love.com\/es\/wp-json\/wp\/v2\/product_cat?post=121677"},{"taxonomy":"product_tag","embeddable":true,"href":"https:\/\/gpl-love.com\/es\/wp-json\/wp\/v2\/product_tag?post=121677"}],"curies":[{"name":"wp","href":"https:\/\/api.w.org\/{rel}","templated":true}]}}