{"id":121675,"date":"2023-12-19T00:00:00","date_gmt":"2023-12-19T05:00:00","guid":{"rendered":"https:\/\/gpl-love.com\/es\/producto\/wp-job-manager-extended-location-addon\/"},"modified":"2026-03-09T08:28:36","modified_gmt":"2026-03-09T13:28:36","slug":"wp-job-manager-extended-location-addon","status":"publish","type":"product","link":"https:\/\/gpl-love.com\/es\/producto\/wp-job-manager-extended-location-addon\/","title":{"rendered":"WP Job Manager Extended Location Addon 3.5.4"},"content":{"rendered":"<h3>WP Job Manager Extended Location Addon Caracteristicas<\/h3>\n<p>El complemento de ubicaci\u00f3n extendida de WP Manager ofrece una gran cantidad de caracter\u00edsticas y funcionalidades que mejoran en gran medida las capacidades de b\u00fasqueda de empleo de su sitio web. Al incorporar este complemento en su sitio web, los solicitantes de empleo est\u00e1n facultados con la capacidad de localizar sin esfuerzo y solicitar trabajos que se alineen con su ubicaci\u00f3n geogr\u00e1fica deseada, simplificando as\u00ed el proceso de b\u00fasqueda de empleo y aumentando significativamente la eficiencia. Adem\u00e1s, los empleadores est\u00e1n equipados con los medios para dirigir espec\u00edficamente listados de trabajo a regiones geogr\u00e1ficas particulares, asegurando una visibilidad y exposici\u00f3n \u00f3ptimas a los candidatos m\u00e1s adecuados. La instalaci\u00f3n y la utilizaci\u00f3n del complemento de ubicaci\u00f3n extendida son notablemente sencillos y f\u00e1ciles de usar, se integran sin problemas con el complemento WP Job Manager para proporcionar una soluci\u00f3n integral y abarrotable para su sitio web. Al adoptar este complemento, puede elevar su funcionalidad de b\u00fasqueda de empleo a alturas sin precedentes y ofrecer una experiencia de b\u00fasqueda de trabajo sumamente suave y centrada en la ubicaci\u00f3n a sus valiosos usuarios.<\/p>\n<ul>\n<li>Agrega opciones de ubicaci\u00f3n extendida al complemento WP Job Manager<\/li>\n<li>Permite a los usuarios especificar ubicaciones precisas a trav\u00e9s de la entrada de mapa o direcci\u00f3n<\/li>\n<li>Incluye sugerencias de autocompletar para una entrada de ubicaci\u00f3n m\u00e1s r\u00e1pida y precisa<\/li>\n<li>Proporciona opciones de filtrado avanzadas basadas en la ubicaci\u00f3n, como el radio de distancia<\/li>\n<li>Habilita las listas de trabajo basadas en la ubicaci\u00f3n y las b\u00fasquedas para una relevancia mejorada<\/li>\n<li>Admite m\u00faltiples campos de ubicaci\u00f3n para publicaciones de trabajo m\u00e1s espec\u00edficas<\/li>\n<li>Se integra a la perfecci\u00f3n con WP Job Manager y otros complementos populares<\/li>\n<li>Ofrece etiquetas y configuraciones de ubicaci\u00f3n personalizables para una marca f\u00e1cil<\/li>\n<li>Incluye documentaci\u00f3n y soporte integral para la instalaci\u00f3n y uso sin problemas.<\/li>\n<li>Actualizado continuamente con nuevas caracter\u00edsticas y mejoras para satisfacer las necesidades de los usuarios.<\/li>\n<\/ul>\n","protected":false},"excerpt":{"rendered":"<p>El complemento de ubicaci\u00f3n extendida de WP Manager Extended es una herramienta incre\u00edblemente robusta que se integra perfectamente con WP Job Manager, mejorando y aumentando sus funciones basadas en la ubicaci\u00f3n. Al incorporar este complemento en su plataforma de b\u00fasqueda de empleo, los solicitantes de empleo reciben acceso simplificado y sin esfuerzo a oportunidades de empleo relevantes que se alinean con sus ubicaciones preferidas. Simult\u00e1neamente, los empleadores pueden atraer y conectarse con candidatos excepcionalmente calificados provenientes de regiones espec\u00edficas. Este complemento invaluable sirve para simplificar y optimizar el proceso general de b\u00fasqueda de empleo, asegurando que tanto los solicitantes de empleo como los empleadores puedan disfrutar en una experiencia sin problemas y sin problemas. No se pierda las tremendas ventajas que este complemento tiene para ofrecer: adquiere el complemento de ubicaci\u00f3n extendida de WP Gerente extendida hoy y desbloquee el potencial completo de su plataforma de b\u00fasqueda de empleo.<\/p>\n","protected":false},"featured_media":168401,"comment_status":"open","ping_status":"open","template":"","meta":[],"product_brand":[2626],"product_cat":[1212,1206,1211],"product_tag":[1444],"class_list":{"0":"post-121675","1":"product","2":"type-product","3":"status-publish","4":"has-post-thumbnail","6":"product_brand-wp-job-manager","7":"product_cat-administracion-wordpress-plugins","8":"product_cat-plugins","9":"product_cat-wordpress-plugins","10":"product_tag-wp-job-manager","11":"member-discount","12":"discount-restricted","14":"first","15":"instock","16":"sale","17":"downloadable","18":"virtual","19":"sold-individually","20":"purchasable","21":"product-type-simple"},"_links":{"self":[{"href":"https:\/\/gpl-love.com\/es\/wp-json\/wp\/v2\/product\/121675","targetHints":{"allow":["GET"]}}],"collection":[{"href":"https:\/\/gpl-love.com\/es\/wp-json\/wp\/v2\/product"}],"about":[{"href":"https:\/\/gpl-love.com\/es\/wp-json\/wp\/v2\/types\/product"}],"replies":[{"embeddable":true,"href":"https:\/\/gpl-love.com\/es\/wp-json\/wp\/v2\/comments?post=121675"}],"wp:featuredmedia":[{"embeddable":true,"href":"https:\/\/gpl-love.com\/es\/wp-json\/wp\/v2\/media\/168401"}],"wp:attachment":[{"href":"https:\/\/gpl-love.com\/es\/wp-json\/wp\/v2\/media?parent=121675"}],"wp:term":[{"taxonomy":"product_brand","embeddable":true,"href":"https:\/\/gpl-love.com\/es\/wp-json\/wp\/v2\/product_brand?post=121675"},{"taxonomy":"product_cat","embeddable":true,"href":"https:\/\/gpl-love.com\/es\/wp-json\/wp\/v2\/product_cat?post=121675"},{"taxonomy":"product_tag","embeddable":true,"href":"https:\/\/gpl-love.com\/es\/wp-json\/wp\/v2\/product_tag?post=121675"}],"curies":[{"name":"wp","href":"https:\/\/api.w.org\/{rel}","templated":true}]}}