{"id":121674,"date":"2022-06-21T00:00:00","date_gmt":"2022-06-21T05:00:00","guid":{"rendered":"https:\/\/gpl-love.com\/es\/producto\/wp-import-export\/"},"modified":"2026-03-09T08:28:24","modified_gmt":"2026-03-09T13:28:24","slug":"wp-import-export","status":"publish","type":"product","link":"https:\/\/gpl-love.com\/es\/producto\/wp-import-export\/","title":{"rendered":"WP Import Export 3.9.22"},"content":{"rendered":"<h3>WP Import Export Caracteristicas<\/h3>\n<p>WP Import Export es una herramienta muy robusta y formidable espec\u00edficamente dise\u00f1ada para facilitar la gesti\u00f3n perfecta de los datos para los propietarios de sitios web de WordPress. Este complemento excepcional permite a los usuarios la capacidad sin esfuerzo para importar y exportar una extensa gama de datos de su sitio de WordPress, que abarca elementos fundamentales como publicaciones, p\u00e1ginas, categor\u00edas, etiquetas, campos personalizados y otros componentes. WP Import Export cuenta con una interfaz intuitiva dise\u00f1ada que hace que el proceso de exportar datos en diversos formatos, incluidos CSV, XML y JSON, una brisa absoluta. Adem\u00e1s, este complemento permite la posterior importaci\u00f3n de dichos datos en WordPress, asegurando as\u00ed una experiencia integral y cohesiva de gesti\u00f3n de datos. Si uno busca transferir datos de un sitio de WordPress a otro o simplemente est\u00e1 buscando generar copias de seguridad confiables de los datos de su sitio web, WP Import Export demuestra ser un activo indispensable. Al optimizar sin problemas el proceso de gesti\u00f3n de datos, este complemento excepcional surge inequ\u00edvocamente como una herramienta muy preciada para cualquier propietario del sitio web de WordPress exigente.<\/p>\n<ul>\n<li>Importar y exportar datos de WordPress con facilidad<\/li>\n<li>Soporte incorporado para complementos populares de WordPress<\/li>\n<li>Capacidad para programar importaciones y exportaciones automatizadas<\/li>\n<li>Migraci\u00f3n sin problemas de un sitio de WordPress a otro<\/li>\n<li>Interfaz f\u00e1cil de usar con navegaci\u00f3n intuitiva<\/li>\n<li>Proporciona registros detallados para rastrear importaciones y exportaciones<\/li>\n<li>Opciones de filtrado avanzadas para personalizar las importaciones y exportaciones<\/li>\n<li>Compatible con varios formatos de archivo como CSV, XML y JSON<\/li>\n<li>Restauraci\u00f3n r\u00e1pida de copias de seguridad o contenido eliminado<\/li>\n<li>Equipo de apoyo dedicado para una resoluci\u00f3n r\u00e1pida de problemas.<\/li>\n<\/ul>\n","protected":false},"excerpt":{"rendered":"<p>WP Import Export es un complemento altamente funcional y f\u00e1cil de usar dise\u00f1ado espec\u00edficamente para sitios web de WordPress. Sirve como una herramienta valiosa para los usuarios que buscan importar y exportar contenido sin esfuerzo. A trav\u00e9s de la utilizaci\u00f3n de este complemento innovador, las personas pueden transferir sin problemas varios tipos de contenido, incluidas publicaciones, p\u00e1ginas y tipos de publicaciones personalizadas, entre otros, no solo entre diferentes sitios de WordPress sino tambi\u00e9n entre diferentes cuentas en el mismo sitio web. Adem\u00e1s de su notable versatilidad, el complemento cuenta con la capacidad de importar y exportar archivos CSV y XML, lo que lo hace particularmente adecuado para aquellos que requieren migraci\u00f3n acelerada y optimizada de vol\u00famenes sustanciales de datos. Independientemente de si uno es un blogger dedicado, un propietario de un negocio visionario o un desarrollador competente, el complemento de exportaci\u00f3n de importaci\u00f3n WP sirve como un recurso indispensable, facilitando efectivamente la gesti\u00f3n eficiente del contenido de WordPress.<\/p>\n","protected":false},"featured_media":168393,"comment_status":"open","ping_status":"open","template":"","meta":[],"product_brand":[2339],"product_cat":[1212,1206,1211],"product_tag":[1256],"class_list":{"0":"post-121674","1":"product","2":"type-product","3":"status-publish","4":"has-post-thumbnail","6":"product_brand-codecanyon","7":"product_cat-administracion-wordpress-plugins","8":"product_cat-plugins","9":"product_cat-wordpress-plugins","10":"product_tag-codecanyon","11":"member-discount","12":"discount-restricted","14":"first","15":"instock","16":"sale","17":"downloadable","18":"virtual","19":"sold-individually","20":"purchasable","21":"product-type-simple"},"_links":{"self":[{"href":"https:\/\/gpl-love.com\/es\/wp-json\/wp\/v2\/product\/121674","targetHints":{"allow":["GET"]}}],"collection":[{"href":"https:\/\/gpl-love.com\/es\/wp-json\/wp\/v2\/product"}],"about":[{"href":"https:\/\/gpl-love.com\/es\/wp-json\/wp\/v2\/types\/product"}],"replies":[{"embeddable":true,"href":"https:\/\/gpl-love.com\/es\/wp-json\/wp\/v2\/comments?post=121674"}],"wp:featuredmedia":[{"embeddable":true,"href":"https:\/\/gpl-love.com\/es\/wp-json\/wp\/v2\/media\/168393"}],"wp:attachment":[{"href":"https:\/\/gpl-love.com\/es\/wp-json\/wp\/v2\/media?parent=121674"}],"wp:term":[{"taxonomy":"product_brand","embeddable":true,"href":"https:\/\/gpl-love.com\/es\/wp-json\/wp\/v2\/product_brand?post=121674"},{"taxonomy":"product_cat","embeddable":true,"href":"https:\/\/gpl-love.com\/es\/wp-json\/wp\/v2\/product_cat?post=121674"},{"taxonomy":"product_tag","embeddable":true,"href":"https:\/\/gpl-love.com\/es\/wp-json\/wp\/v2\/product_tag?post=121674"}],"curies":[{"name":"wp","href":"https:\/\/api.w.org\/{rel}","templated":true}]}}