{"id":121672,"date":"2025-10-01T00:00:00","date_gmt":"2025-10-01T05:00:00","guid":{"rendered":"https:\/\/gpl-love.com\/es\/producto\/wp-fusion-marketing-automation-para-wordpress-plugin\/"},"modified":"2026-03-09T08:28:18","modified_gmt":"2026-03-09T13:28:18","slug":"wp-fusion-marketing-automation-para-wordpress-plugin","status":"publish","type":"product","link":"https:\/\/gpl-love.com\/es\/producto\/wp-fusion-marketing-automation-para-wordpress-plugin\/","title":{"rendered":"WP Fusion Marketing Automation para WordPress Plugin 3.46.2"},"content":{"rendered":"<h3>WP Fusion Marketing Automation para WordPress Plugin Caracteristicas<\/h3>\n<p>La automatizaci\u00f3n de marketing de WP Fusion para el complemento de WordPress es una herramienta incre\u00edblemente robusta y din\u00e1mica que proporciona una integraci\u00f3n perfecta y sin esfuerzo entre su sitio web de WordPress y una amplia gama de CRMS y plataformas de automatizaci\u00f3n de marketing muy populares. Este notable complemento le permite automatizar sus campa\u00f1as de marketing, administrar efectivamente sus valiosos clientes potenciales y clientes estimados, rastrear meticulosamente todas sus actividades en su sitio web y, en \u00faltima instancia, personalizar toda su experiencia en funci\u00f3n de sus patrones de comportamiento \u00fanicos y preferencias individuales. Adem\u00e1s, este complemento extraordinario le otorga el poder de crear e implementar potentes automatizaciones de marketing sin necesitar ninguna codificaci\u00f3n intrincada o habilidades t\u00e9cnicas especializadas. Adem\u00e1s, se acompa\u00f1a de una interfaz incre\u00edblemente f\u00e1cil de usar que simplifica el proceso de configuraci\u00f3n y personalizaci\u00f3n de sus intrincados flujos de trabajo. En consecuencia, independientemente de si su objetivo principal es aumentar significativamente sus cifras de ventas, mejorar notablemente los niveles de participaci\u00f3n de sus clientes, o incluso racionalizar y optimizar sus esfuerzos de marketing generales, WP Fusion ofrece sin esfuerzo una abundancia de caracter\u00edsticas notables y una funcionalidad incomparable que invariable facilitar\u00e1 el Realizaci\u00f3n exitosa de sus objetivos ambiciosos.<\/p>\n<ul>\n<li>Integra sin problemas su sitio web de WordPress con plataformas de automatizaci\u00f3n de marketing l\u00edderes como InfusionionSoft, ActiveCampaign y Convertkit<\/li>\n<li>Le permite personalizar sus esfuerzos de marketing en funci\u00f3n del comportamiento e intereses de sus usuarios<\/li>\n<li>Automatice su proceso de captura de clientes potenciales, para que pueda concentrarse en fomentar esos clientes potenciales en los clientes<\/li>\n<li>Proporciona informes detallados y an\u00e1lisis en los esfuerzos de desempe\u00f1o y marketing de su sitio web<\/li>\n<li>Ofrece una variedad de caracter\u00edsticas personalizables para adaptarse a sus necesidades comerciales \u00fanicas, como opciones avanzadas de etiquetado y segmentaci\u00f3n.<\/li>\n<li>Le ahorra tiempo y dinero al racionalizar sus procesos de marketing y ventas en una plataforma f\u00e1cil de usar<\/li>\n<li>Proporciona soporte y documentaci\u00f3n integrales para garantizar una implementaci\u00f3n exitosa y el uso del complemento<\/li>\n<li>Actualizado continuamente con nuevas caracter\u00edsticas e integraciones para mantenerse al d\u00eda con el panorama de marketing en constante cambio.<\/li>\n<\/ul>\n","protected":false},"excerpt":{"rendered":"<p>WP Fusion Marketing Automation for WordPress Plugin es una soluci\u00f3n integral que satisface las necesidades de las empresas con el objetivo de mejorar y optimizar sus esfuerzos de marketing. Al aprovechar el inmenso poder de este complemento, puede integrar sin esfuerzo su sitio de WordPress con una multitud de CRMS de renombre y plataformas de automatizaci\u00f3n de marketing, como InfusionionSoft, Hubspot, Activecampaign y muchas m\u00e1s. Esta capacidad invaluable le capacita a automatizar y personalizar efectivamente sus campa\u00f1as de marketing sincronizar los datos de los usuarios, etiquetas y campos personalizados en tiempo real, forjando una conexi\u00f3n perfecta entre su sitio web y estas plataformas. Adem\u00e1s, WP Fusion ofrece la capacidad de monitorear diligentemente la actividad del sitio web, activar acciones automatizadas y construir flujos de trabajo intrincados basados \u200b\u200ben el comportamiento del usuario. El proceso de instalaci\u00f3n y configuraci\u00f3n sin problemas de WP Fusion solidifica a\u00fan m\u00e1s su posici\u00f3n como la soluci\u00f3n definitiva para empresas de diversas escalas que buscan elevar sus esfuerzos de marketing a alturas sin precedentes.<\/p>\n","protected":false},"featured_media":168389,"comment_status":"open","ping_status":"open","template":"","meta":[],"product_brand":[2624],"product_cat":[1232,1206,1211],"product_tag":[1449],"class_list":{"0":"post-121672","1":"product","2":"type-product","3":"status-publish","4":"has-post-thumbnail","6":"product_brand-wp-fusion","7":"product_cat-marketing-wordpress-plugins","8":"product_cat-plugins","9":"product_cat-wordpress-plugins","10":"product_tag-wp-fusion","11":"member-discount","12":"discount-restricted","14":"first","15":"instock","16":"sale","17":"downloadable","18":"virtual","19":"sold-individually","20":"purchasable","21":"product-type-simple"},"_links":{"self":[{"href":"https:\/\/gpl-love.com\/es\/wp-json\/wp\/v2\/product\/121672","targetHints":{"allow":["GET"]}}],"collection":[{"href":"https:\/\/gpl-love.com\/es\/wp-json\/wp\/v2\/product"}],"about":[{"href":"https:\/\/gpl-love.com\/es\/wp-json\/wp\/v2\/types\/product"}],"replies":[{"embeddable":true,"href":"https:\/\/gpl-love.com\/es\/wp-json\/wp\/v2\/comments?post=121672"}],"wp:featuredmedia":[{"embeddable":true,"href":"https:\/\/gpl-love.com\/es\/wp-json\/wp\/v2\/media\/168389"}],"wp:attachment":[{"href":"https:\/\/gpl-love.com\/es\/wp-json\/wp\/v2\/media?parent=121672"}],"wp:term":[{"taxonomy":"product_brand","embeddable":true,"href":"https:\/\/gpl-love.com\/es\/wp-json\/wp\/v2\/product_brand?post=121672"},{"taxonomy":"product_cat","embeddable":true,"href":"https:\/\/gpl-love.com\/es\/wp-json\/wp\/v2\/product_cat?post=121672"},{"taxonomy":"product_tag","embeddable":true,"href":"https:\/\/gpl-love.com\/es\/wp-json\/wp\/v2\/product_tag?post=121672"}],"curies":[{"name":"wp","href":"https:\/\/api.w.org\/{rel}","templated":true}]}}