{"id":121670,"date":"2022-10-21T00:00:00","date_gmt":"2022-10-21T05:00:00","guid":{"rendered":"https:\/\/gpl-love.com\/es\/producto\/wp-amp-accelerated-mobile-pages-para-wordpress-y-woocommerce\/"},"modified":"2026-03-09T08:27:53","modified_gmt":"2026-03-09T13:27:53","slug":"wp-amp-accelerated-mobile-pages-para-wordpress-y-woocommerce","status":"publish","type":"product","link":"https:\/\/gpl-love.com\/es\/producto\/wp-amp-accelerated-mobile-pages-para-wordpress-y-woocommerce\/","title":{"rendered":"WP AMP Accelerated Mobile Pages para WordPress y WooCommerce 9.3.35"},"content":{"rendered":"<h3>WP AMP Accelerated Mobile Pages para WordPress y WooCommerce Caracteristicas<\/h3>\n<p>Las p\u00e1ginas m\u00f3viles aceleradas de WP AMP son un complemento excepcional para WordPress y WooCommerce que mejora efectivamente la velocidad de carga y la capacidad de respuesta m\u00f3vil de los sitios web. Su interfaz es incre\u00edblemente f\u00e1cil de usar, proporcionando a los propietarios de sitios web la conveniencia de crear y optimizar sin esfuerzo p\u00e1ginas m\u00f3viles aceleradas (AMP), que est\u00e1n dise\u00f1adas espec\u00edficamente para cargar expediciones en dispositivos m\u00f3viles. Adem\u00e1s, WP AMP AMP ofrece una variedad de opciones de personalizaci\u00f3n, que abarca una amplia gama de temas flexibles y elementos de dise\u00f1o, al tiempo que proporciona soporte para Google Analytics y Adsense. Al utilizar el amplificador de AMP de WP, los propietarios de sitios web tienen la capacidad de establecer una experiencia m\u00f3vil m\u00e1s cautivadora y centrada en el usuario para sus visitantes, lo que resulta en una mayor participaci\u00f3n, SEO mejorada y, en \u00faltima instancia, amplific\u00f3 conversiones.<\/p>\n<ul>\n<li>Complemento de p\u00e1ginas m\u00f3viles aceleradas dise\u00f1adas espec\u00edficamente para WordPress y WooCommerce<\/li>\n<li>Disminuye el tiempo de carga de las p\u00e1ginas m\u00f3viles hasta en un 85%<\/li>\n<li>Experiencia de usuario mejorada en dispositivos m\u00f3viles<\/li>\n<li>Cumple con el proyecto AMP de Google y aumenta las clasificaciones de motores de b\u00fasqueda<\/li>\n<li>F\u00e1cil de instalar y configurar con documentaci\u00f3n detallada<\/li>\n<li>Admite todo tipo de contenido, incluidas im\u00e1genes, videos y elementos interactivos.<\/li>\n<li>Compatible con todos los temas y complementos de WordPress<\/li>\n<li>Actualizaciones gratuitas y atenci\u00f3n al cliente dedicada<\/li>\n<li>Opciones de personalizaci\u00f3n avanzada para desarrolladores<\/li>\n<li>Aumenta las tasas de tr\u00e1fico y conversi\u00f3n del sitio web en dispositivos m\u00f3viles<\/li>\n<\/ul>\n","protected":false},"excerpt":{"rendered":"<p>Las p\u00e1ginas m\u00f3viles aceleradas de WP AMP son un complemento notablemente robusto y efectivo que est\u00e1 dise\u00f1ado para ayudar a los usuarios en la creaci\u00f3n de p\u00e1ginas m\u00f3viles que son ligeras y se cargan r\u00e1pidamente en su sitio web de WordPress, as\u00ed como en su tienda WooCommerce. En particular, este complemento se integra perfectamente con la tecnolog\u00eda revolucionaria de Google AMP (p\u00e1ginas m\u00f3viles aceleradas), que garantiza que su sitio web cargue con una velocidad notable y proporcione una experiencia \u00f3ptima y altamente satisfactoria para los usuarios que acceden a \u00e9l a trav\u00e9s de dispositivos m\u00f3viles. Adem\u00e1s, las p\u00e1ginas m\u00f3viles aceleradas de WP AMP est\u00e1n equipadas con una gama de caracter\u00edsticas de personalizaci\u00f3n f\u00e1cilmente accesibles que permiten a los usuarios optimizar sin esfuerzo sus sitios web para el tr\u00e1fico m\u00f3vil, lo que a su vez sirve para mejorar las clasificaciones de SEO y reforzar significativamente las tasas de conversi\u00f3n. Ya sea que sea un blogger dedicado o un propietario diligente de la tienda de comercio electr\u00f3nico, est\u00e1 muy claro que las p\u00e1ginas m\u00f3viles aceleradas de WP AMP es una herramienta indispensable y vital que sin duda le permitir\u00e1 alcanzar e involucrar efectivamente a su p\u00fablico objetivo en varios dispositivos m\u00f3viles.<\/p>\n","protected":false},"featured_media":168372,"comment_status":"open","ping_status":"open","template":"","meta":[],"product_brand":[2339],"product_cat":[1206,1579,1211],"product_tag":[1256],"class_list":{"0":"post-121670","1":"product","2":"type-product","3":"status-publish","4":"has-post-thumbnail","6":"product_brand-codecanyon","7":"product_cat-plugins","8":"product_cat-rendimiento","9":"product_cat-wordpress-plugins","10":"product_tag-codecanyon","11":"member-discount","12":"discount-restricted","14":"first","15":"instock","16":"sale","17":"downloadable","18":"virtual","19":"sold-individually","20":"purchasable","21":"product-type-simple"},"_links":{"self":[{"href":"https:\/\/gpl-love.com\/es\/wp-json\/wp\/v2\/product\/121670","targetHints":{"allow":["GET"]}}],"collection":[{"href":"https:\/\/gpl-love.com\/es\/wp-json\/wp\/v2\/product"}],"about":[{"href":"https:\/\/gpl-love.com\/es\/wp-json\/wp\/v2\/types\/product"}],"replies":[{"embeddable":true,"href":"https:\/\/gpl-love.com\/es\/wp-json\/wp\/v2\/comments?post=121670"}],"wp:featuredmedia":[{"embeddable":true,"href":"https:\/\/gpl-love.com\/es\/wp-json\/wp\/v2\/media\/168372"}],"wp:attachment":[{"href":"https:\/\/gpl-love.com\/es\/wp-json\/wp\/v2\/media?parent=121670"}],"wp:term":[{"taxonomy":"product_brand","embeddable":true,"href":"https:\/\/gpl-love.com\/es\/wp-json\/wp\/v2\/product_brand?post=121670"},{"taxonomy":"product_cat","embeddable":true,"href":"https:\/\/gpl-love.com\/es\/wp-json\/wp\/v2\/product_cat?post=121670"},{"taxonomy":"product_tag","embeddable":true,"href":"https:\/\/gpl-love.com\/es\/wp-json\/wp\/v2\/product_tag?post=121670"}],"curies":[{"name":"wp","href":"https:\/\/api.w.org\/{rel}","templated":true}]}}