{"id":121668,"date":"2025-10-29T00:00:00","date_gmt":"2025-10-29T05:00:00","guid":{"rendered":"https:\/\/gpl-love.com\/es\/producto\/wp-all-import-pro-woocommerce-addon\/"},"modified":"2026-03-09T08:27:52","modified_gmt":"2026-03-09T13:27:52","slug":"wp-all-import-pro-woocommerce-addon","status":"publish","type":"product","link":"https:\/\/gpl-love.com\/es\/producto\/wp-all-import-pro-woocommerce-addon\/","title":{"rendered":"WP All Import WooCommerce Addon 4.0.6"},"content":{"rendered":"<h3>WP All Import WooCommerce Addon Caracteristicas<\/h3>\n<p>El complemento WP All Import WooCommerce es una herramienta robusta y altamente eficiente que satisface las necesidades de las empresas que buscan importar datos cruciales en su tienda WooCommerce. Este complemento incre\u00edblemente conveniente otorga a los usuarios la capacidad perfecta para importar sin esfuerzo los datos del producto de una amplia gama de formatos de archivo, incluidos los archivos CSV, XML y Excel. Adem\u00e1s, permite a los usuarios mapear sin esfuerzo estos datos importados a los campos apropiados dentro de su almac\u00e9n de WooCommerce, asegurando as\u00ed un proceso de integraci\u00f3n de datos preciso y preciso.<\/p>\n<p>Lo que establece el complemento WP All Import WooCommerce es su notable capacidad para importar no solo datos de productos, sino tambi\u00e9n im\u00e1genes, variaciones y atributos del producto. Esta caracter\u00edstica integral permite a las empresas optimizar todo su proceso de importaci\u00f3n de productos, lo que finalmente resulta en un ahorro significativo de tiempo y recursos. Adem\u00e1s, la interfaz de Addon es incre\u00edblemente f\u00e1cil de usar e intuitiva, lo que lo hace f\u00e1cilmente accesible para los usuarios de diferentes entornos t\u00e9cnicos.<\/p>\n<p>Adem\u00e1s, el complemento WP de WP All Import WooCommerce ofrece una gran cantidad de opciones personalizables que permiten a las empresas adaptar su sistema de gesti\u00f3n de productos de acuerdo con sus requisitos \u00fanicos. Esta flexibilidad incomparable asegura que las empresas puedan optimizar sus ventas en l\u00ednea y aumentar su productividad general. A la luz de estas caracter\u00edsticas notables, es evidente que el complemento WP de WP All Import WooCommerce es una herramienta indispensable para que cualquier negocio se esfuerce por mejorar sus ventas en l\u00ednea y establecer un sistema de gesti\u00f3n de productos m\u00e1s eficiente.<\/p>\n<ul>\n<li>Integra WP All Import con WooCommerce para importar productos y atributos de productos<\/li>\n<li>Admite la importaci\u00f3n de variaciones de productos, atributos, categor\u00edas y etiquetas<\/li>\n<li>Le permite asignar campos de productos de WooCommerce a su archivo CSV o XML<\/li>\n<li>Le permite crear nuevos productos o actualizar los existentes durante el proceso de importaci\u00f3n<\/li>\n<li>Establece autom\u00e1ticamente el tipo de producto correcto durante la importaci\u00f3n<\/li>\n<li>Soporte de varios idiomas con compatibilidad WPML<\/li>\n<li>Admite campos de productos personalizados agregados por otros complementos o temas<\/li>\n<li>Proporciona informes de errores detallados y registros para ayudar a solucionar problemas de importaci\u00f3n<\/li>\n<li>Viene con soporte dedicado y actualizaciones regulares de los desarrolladores<\/li>\n<\/ul>\n","protected":false},"excerpt":{"rendered":"<p>El complemento WP de WP TODO de importaci\u00f3n, que cuenta con una cantidad considerable de potencia, sirve como una herramienta notable capaz de facilitar la importaci\u00f3n y exportaci\u00f3n de productos sin esfuerzo desde su tienda WooCommerce. Al emplear este notable complemento, puede cargar r\u00e1pidamente productos novedosos, modificar los preexistentes y supervisar efectivamente los atributos cruciales de productos como im\u00e1genes, descripciones detalladas y precios. Esta herramienta incre\u00edblemente vers\u00e1til es un regalo del cielo absoluto para las personas que desean racionalizar su proceso de gesti\u00f3n de productos y, en consecuencia, liberar tiempo valioso. Ya sea que sea un propietario de una empresa de tama\u00f1o modesto o un magnate que comience a una corporaci\u00f3n colosal, el complemento WP de WP TODS de importaci\u00f3n es inequ\u00edvocamente su soluci\u00f3n final para administrar sin esfuerzo su tienda en l\u00ednea.<\/p>\n","protected":false},"featured_media":168371,"comment_status":"open","ping_status":"open","template":"","meta":[],"product_brand":[2340],"product_cat":[1212,1206,1211],"product_tag":[1436],"class_list":{"0":"post-121668","1":"product","2":"type-product","3":"status-publish","4":"has-post-thumbnail","6":"product_brand-wp-all-import","7":"product_cat-administracion-wordpress-plugins","8":"product_cat-plugins","9":"product_cat-wordpress-plugins","10":"product_tag-wp-all-import","11":"member-discount","12":"discount-restricted","14":"first","15":"instock","16":"sale","17":"downloadable","18":"virtual","19":"sold-individually","20":"purchasable","21":"product-type-simple"},"_links":{"self":[{"href":"https:\/\/gpl-love.com\/es\/wp-json\/wp\/v2\/product\/121668","targetHints":{"allow":["GET"]}}],"collection":[{"href":"https:\/\/gpl-love.com\/es\/wp-json\/wp\/v2\/product"}],"about":[{"href":"https:\/\/gpl-love.com\/es\/wp-json\/wp\/v2\/types\/product"}],"replies":[{"embeddable":true,"href":"https:\/\/gpl-love.com\/es\/wp-json\/wp\/v2\/comments?post=121668"}],"wp:featuredmedia":[{"embeddable":true,"href":"https:\/\/gpl-love.com\/es\/wp-json\/wp\/v2\/media\/168371"}],"wp:attachment":[{"href":"https:\/\/gpl-love.com\/es\/wp-json\/wp\/v2\/media?parent=121668"}],"wp:term":[{"taxonomy":"product_brand","embeddable":true,"href":"https:\/\/gpl-love.com\/es\/wp-json\/wp\/v2\/product_brand?post=121668"},{"taxonomy":"product_cat","embeddable":true,"href":"https:\/\/gpl-love.com\/es\/wp-json\/wp\/v2\/product_cat?post=121668"},{"taxonomy":"product_tag","embeddable":true,"href":"https:\/\/gpl-love.com\/es\/wp-json\/wp\/v2\/product_tag?post=121668"}],"curies":[{"name":"wp","href":"https:\/\/api.w.org\/{rel}","templated":true}]}}