{"id":121666,"date":"2026-04-08T00:00:00","date_gmt":"2026-04-08T05:00:00","guid":{"rendered":"https:\/\/gpl-love.com\/es\/producto\/wp-all-import-pro\/"},"modified":"2026-04-08T17:16:21","modified_gmt":"2026-04-08T22:16:21","slug":"wp-all-import-pro","status":"publish","type":"product","link":"https:\/\/gpl-love.com\/es\/producto\/wp-all-import-pro\/","title":{"rendered":"WP All Import Pro 5.0.6"},"content":{"rendered":"<h3>WP All Import Pro Caracteristicas<\/h3>\n<p>El complemento WP All Import Pro es un complemento WordPress extremadamente resistente y formidable, que ofrece una soluci\u00f3n excepcionalmente potente para la tarea de importar datos a su sitio web. Con la utilizaci\u00f3n de este notable complemento, est\u00e1 facultado para importar los archivos de CSV, XML y Excel en su sitio de WordPress, todo sin necesitar ninguna habilidad de codificaci\u00f3n. Curiosamente, este complemento est\u00e1 dotado de una extensa gama de caracter\u00edsticas avanzadas, que abarca la capacidad de importar campos personalizados, im\u00e1genes e incluso productos de WooCommerce completos. En particular, WP All Import Pro es compatible con la programaci\u00f3n y es capaz de importar autom\u00e1ticamente datos de acuerdo con un horario predeterminado, lo que lo hace exquisitamente adecuado para proyectos de importaci\u00f3n de datos grandiosos de una gran magnitud. A la luz de estas capacidades extraordinarias, queda muy claro que WP All Import Pro es un complemento indispensable que no debe ser pasado por alto por ninguna persona que busque importar datos a su sitio de WordPress de manera expedita y con notable facilidad.<\/p>\n<ul>\n<li>Capacidad para importar cualquier archivo XML o CSV en WordPress<\/li>\n<li>Importaci\u00f3n automatizada de datos como productos, publicaciones y p\u00e1ginas<\/li>\n<li>Soporte para campos y taxonom\u00edas personalizados<\/li>\n<li>Funciones de mapeo potentes para que coincidan con los campos de datos del archivo de importaci\u00f3n a WordPress<\/li>\n<li>Integraciones con plataformas populares de comercio electr\u00f3nico como WooCommerce y descargas digitales f\u00e1ciles<\/li>\n<li>Opciones de programaci\u00f3n robustas para importaciones automatizadas<\/li>\n<li>Capacidad para actualizar los datos existentes dentro de WordPress con los nuevos datos importados<\/li>\n<li>Documentaci\u00f3n integral y apoyo de los desarrolladores.<\/li>\n<\/ul>\n","protected":false},"excerpt":{"rendered":"<p>WP All Import Pro, un complemento robusto de WordPress, ofrece a los usuarios la notable capacidad de importar diversas formas de datos en sus sitios web. Ya sea productos, clientes o cualquier otra forma de contenido, este software altamente intuitivo posee la capacidad de manejarlo todo de manera eficiente. Con herramientas de mapeo avanzadas y procesos de importaci\u00f3n automatizados, WP All Import Pro sirve como una soluci\u00f3n ideal para las personas que buscan optimizar las estrategias de gesti\u00f3n de datos de su sitio web. Adem\u00e1s, los usuarios pueden encontrar la tranquilidad al saber que este complemento est\u00e1 respaldado por un equipo de soporte receptivo y una pr\u00f3spera comunidad de otros usuarios que est\u00e1n disponibles para proporcionar orientaci\u00f3n y asistencia. Por lo tanto, no hay necesidad de retrasar m\u00e1s. \u00a1Tome medidas hoy y adquiera WP All Import Pro, lo que le permite embarcarse en el viaje de importar sus datos con la habilidad y la experiencia de un verdadero profesional!<\/p>\n","protected":false},"featured_media":168369,"comment_status":"open","ping_status":"open","template":"","meta":[],"product_brand":[2340],"product_cat":[1212,1206,1211],"product_tag":[1436],"class_list":{"0":"post-121666","1":"product","2":"type-product","3":"status-publish","4":"has-post-thumbnail","6":"product_brand-wp-all-import","7":"product_cat-administracion-wordpress-plugins","8":"product_cat-plugins","9":"product_cat-wordpress-plugins","10":"product_tag-wp-all-import","11":"member-discount","12":"discount-restricted","14":"first","15":"instock","16":"sale","17":"downloadable","18":"virtual","19":"sold-individually","20":"purchasable","21":"product-type-simple"},"_links":{"self":[{"href":"https:\/\/gpl-love.com\/es\/wp-json\/wp\/v2\/product\/121666","targetHints":{"allow":["GET"]}}],"collection":[{"href":"https:\/\/gpl-love.com\/es\/wp-json\/wp\/v2\/product"}],"about":[{"href":"https:\/\/gpl-love.com\/es\/wp-json\/wp\/v2\/types\/product"}],"replies":[{"embeddable":true,"href":"https:\/\/gpl-love.com\/es\/wp-json\/wp\/v2\/comments?post=121666"}],"wp:featuredmedia":[{"embeddable":true,"href":"https:\/\/gpl-love.com\/es\/wp-json\/wp\/v2\/media\/168369"}],"wp:attachment":[{"href":"https:\/\/gpl-love.com\/es\/wp-json\/wp\/v2\/media?parent=121666"}],"wp:term":[{"taxonomy":"product_brand","embeddable":true,"href":"https:\/\/gpl-love.com\/es\/wp-json\/wp\/v2\/product_brand?post=121666"},{"taxonomy":"product_cat","embeddable":true,"href":"https:\/\/gpl-love.com\/es\/wp-json\/wp\/v2\/product_cat?post=121666"},{"taxonomy":"product_tag","embeddable":true,"href":"https:\/\/gpl-love.com\/es\/wp-json\/wp\/v2\/product_tag?post=121666"}],"curies":[{"name":"wp","href":"https:\/\/api.w.org\/{rel}","templated":true}]}}