{"id":121664,"date":"2025-12-15T00:00:00","date_gmt":"2025-12-15T05:00:00","guid":{"rendered":"https:\/\/gpl-love.com\/es\/producto\/wp-all-export-pro-premium\/"},"modified":"2026-03-09T08:27:46","modified_gmt":"2026-03-09T13:27:46","slug":"wp-all-export-pro-premium","status":"publish","type":"product","link":"https:\/\/gpl-love.com\/es\/producto\/wp-all-export-pro-premium\/","title":{"rendered":"WP All Export Pro 1.9.15"},"content":{"rendered":"<h3>WP All Export Pro Caracteristicas<\/h3>\n<p>WP All Export Pro es una herramienta incre\u00edblemente potente y robusta que ofrece a los usuarios la conveniencia de exportar datos sin esfuerzo directamente desde su sitio web de WordPress. Este notable complemento cuenta con una amplia gama de caracter\u00edsticas, lo que permite a los usuarios administrar efectivamente la exportaci\u00f3n de datos y optimizar el proceso de exportaci\u00f3n de datos a una variedad de formatos de archivo que incluyen CSV, Excel, XML y JSON. WP All Export Pro va m\u00e1s all\u00e1 ofreciendo a los usuarios la capacidad de programar exportaciones autom\u00e1ticas, aplicar filtros para exportar exclusivamente datos espec\u00edficos e incluso implementar formateo personalizado. Este complemento excepcional es particularmente adecuado para los propietarios de sitios web que necesitan exportaci\u00f3n de datos regularmente, como las personas diligentes detr\u00e1s de las tiendas de comercio electr\u00f3nico, blogueros y profesionales de marketing. Al utilizar WP All Export Pro, los usuarios pueden simplificar el intrincado proceso de transferencia de datos, en \u00faltima instancia ahorr\u00e1ndose tiempo y esfuerzo valiosos.<\/p>\n<ul>\n<li>Exportar datos de WordPress en una variedad de formatos que incluyen CSV, Excel, XML y JSON<\/li>\n<li>Automatice sus exportaciones con opciones de programaci\u00f3n avanzada<\/li>\n<li>Personalizar sus plantillas para incluir campos de datos espec\u00edficos y formateo<\/li>\n<li>Filtrar y ordenar f\u00e1cilmente sus datos antes de exportar<\/li>\n<li>Exportar tipos de publicaciones personalizadas y campos personalizados<\/li>\n<li>Integrarse con herramientas de terceros como Zapier y Dropbox<\/li>\n<li>Obtenga soporte prioritario y actualizaciones con una suscripci\u00f3n a Pro License<\/li>\n<li>Compatible con las instalaciones de WordPress Multisite.<\/li>\n<\/ul>\n","protected":false},"excerpt":{"rendered":"<p>WP All Export Pro es un complemento incre\u00edblemente robusto y altamente eficiente que otorga a los usuarios de WordPress la notable capacidad de exportar sin esfuerzo una extensa gama de datos de su sitio web en una variedad de formatos de archivo que incluyen, entre otros, CSV, Excel y XML. Al integrar a la perfecci\u00f3n una funcionalidad de arrastrar y soltar de manera incre\u00edblemente f\u00e1cil de usar e intuitiva junto con una impresionante gama de opciones de filtrado avanzadas, WP All Export Pro se establece f\u00e1cilmente como la soluci\u00f3n por excelencia incluso para las tareas de exportaci\u00f3n de datos m\u00e1s intrincadas e intrincadas. Ya sea que su objetivo abarque la extracci\u00f3n de la informaci\u00f3n pertinente del cliente, los detalles meticulosos del producto o cualquier otro tipo de datos, WP All Export Pro sirve como la herramienta indispensable e invaluable que simplifica y expedita todo el proceso, preservando efectivamente una cantidad considerable de tiempo y tiempo. Recursos sustanciales en el camino. En consecuencia, es evidente que WP All Export Pro representa una necesidad absoluta y una imprescindible absoluta para cualquier persona que cuenta con la propiedad de un sitio de WordPress y que realmente deseen optimizar y optimizar su respectivo proceso de exportaci\u00f3n de datos.<\/p>\n","protected":false},"featured_media":168366,"comment_status":"open","ping_status":"open","template":"","meta":[],"product_brand":[2340],"product_cat":[1212,1206,1211],"product_tag":[1436],"class_list":{"0":"post-121664","1":"product","2":"type-product","3":"status-publish","4":"has-post-thumbnail","6":"product_brand-wp-all-import","7":"product_cat-administracion-wordpress-plugins","8":"product_cat-plugins","9":"product_cat-wordpress-plugins","10":"product_tag-wp-all-import","11":"member-discount","12":"discount-restricted","14":"first","15":"instock","16":"sale","17":"downloadable","18":"virtual","19":"sold-individually","20":"purchasable","21":"product-type-simple"},"_links":{"self":[{"href":"https:\/\/gpl-love.com\/es\/wp-json\/wp\/v2\/product\/121664","targetHints":{"allow":["GET"]}}],"collection":[{"href":"https:\/\/gpl-love.com\/es\/wp-json\/wp\/v2\/product"}],"about":[{"href":"https:\/\/gpl-love.com\/es\/wp-json\/wp\/v2\/types\/product"}],"replies":[{"embeddable":true,"href":"https:\/\/gpl-love.com\/es\/wp-json\/wp\/v2\/comments?post=121664"}],"wp:featuredmedia":[{"embeddable":true,"href":"https:\/\/gpl-love.com\/es\/wp-json\/wp\/v2\/media\/168366"}],"wp:attachment":[{"href":"https:\/\/gpl-love.com\/es\/wp-json\/wp\/v2\/media?parent=121664"}],"wp:term":[{"taxonomy":"product_brand","embeddable":true,"href":"https:\/\/gpl-love.com\/es\/wp-json\/wp\/v2\/product_brand?post=121664"},{"taxonomy":"product_cat","embeddable":true,"href":"https:\/\/gpl-love.com\/es\/wp-json\/wp\/v2\/product_cat?post=121664"},{"taxonomy":"product_tag","embeddable":true,"href":"https:\/\/gpl-love.com\/es\/wp-json\/wp\/v2\/product_tag?post=121664"}],"curies":[{"name":"wp","href":"https:\/\/api.w.org\/{rel}","templated":true}]}}