{"id":121662,"date":"2025-12-04T00:00:00","date_gmt":"2025-12-04T05:00:00","guid":{"rendered":"https:\/\/gpl-love.com\/es\/?post_type=product&#038;p=121662"},"modified":"2026-03-09T08:27:41","modified_gmt":"2026-03-09T13:27:41","slug":"wp-301-redirects-pro","status":"publish","type":"product","link":"https:\/\/gpl-love.com\/es\/producto\/wp-301-redirects-pro\/","title":{"rendered":"WP 301 Redirects Pro 6.25"},"content":{"rendered":"<h3>WP 301 Redirects Pro Caracteristicas<\/h3>\n<p>WP 301 Redirects Pro es una herramienta altamente eficiente y efectiva que sirve para redirigir sus URL antiguas a las nuevas, asegurando as\u00ed una experiencia de usuario perfecta y evitando la ocurrencia de enlaces muertos. Esta herramienta excepcional cuenta con una interfaz notablemente f\u00e1cil de usar, que facilita la creaci\u00f3n r\u00e1pida y la gesti\u00f3n de m\u00faltiples redireccionamientos en una cantidad de tiempo significativamente reducida. En particular, este ingenioso complemento demuestra ser particularmente beneficioso para los propietarios de sitios web que se encuentran en el proceso de cambio de marca, embarcarse en una migraci\u00f3n de dominio o incluso realizar una reestructuraci\u00f3n completa de su sitio web. Adem\u00e1s, es importante resaltar el hecho de que este complemento tambi\u00e9n est\u00e1 dotado de una gran cantidad de caracter\u00edsticas de seguimiento e informes, que sirven para capacitarlo con la capacidad de monitorear meticulosamente el rendimiento de sus redirecciones y hacer los ajustes necesarios en consecuencia. Con todos estos atributos extraordinarios combinados, WP 301 Redirects Pro surge como una necesidad absoluta para los propietarios de sitios web que albergan un deseo genuino de defender y nutrir la destreza de SEO de su sitio web, mejoran la experiencia general del usuario que ofrece y, en \u00faltima instancia, retiene el invaluable invaluable flujo de tr\u00e1fico que atrae constantemente.<\/p>\n<ul>\n<li>Cree y administre f\u00e1cilmente las reglas de redirecci\u00f3n para su sitio de WordPress.<\/li>\n<li>Redirige r\u00e1pidamente las URL viejas a las nuevas para una experiencia de usuario perfecta.<\/li>\n<li>Obtenga un mejor control sobre el SEO de su sitio evitando los enlaces rotos y manteniendo la equidad de enlaces.<\/li>\n<li>Use comodines y expresiones regulares para crear reglas de redirecci\u00f3n m\u00e1s complejas.<\/li>\n<li>Acceda a registros detallados de toda la actividad de redirecci\u00f3n para la resoluci\u00f3n de problemas y fines de optimizaci\u00f3n.<\/li>\n<li>Personalice el mensaje de redirecci\u00f3n que se muestra a los usuarios cuando se active una redirecci\u00f3n.<\/li>\n<li>Elija redirigir ambas p\u00e1ginas y publicaciones, o tipos espec\u00edficos de contenido.<\/li>\n<li>Compatible con las instalaciones de WordPress Multisite.<\/li>\n<\/ul>\n","protected":false},"excerpt":{"rendered":"<p>WP 301 Redirects Pro, una herramienta muy robusta, presenta a los usuarios la capacidad sin esfuerzo para redirigir p\u00e1ginas web dentro de su sitio web de WordPress. Este complemento permite la redirecci\u00f3n r\u00e1pida y eficiente del tr\u00e1fico, ya sea desde p\u00e1ginas obsoletas hasta las m\u00e1s nuevas o la remediaci\u00f3n de enlaces rotos. Gracias a su interfaz f\u00e1cil de usar y su extensa variedad de caracter\u00edsticas avanzadas, las personas de todas las aptitudes t\u00e9cnicas pueden utilizar f\u00e1cilmente esta notable herramienta. Independientemente de si se encuentra supervisando una plataforma de comercio electr\u00f3nico en expansi\u00f3n o un blog personal m\u00e1s modesto, WP 301 Redirects Pro es sin duda la soluci\u00f3n final para mantener una funcionalidad \u00f3ptima del sitio web.<\/p>\n","protected":false},"featured_media":168363,"comment_status":"open","ping_status":"open","template":"","meta":[],"product_brand":[2400],"product_cat":[1206,1360,1211],"product_tag":[1714],"class_list":{"0":"post-121662","1":"product","2":"type-product","3":"status-publish","4":"has-post-thumbnail","6":"product_brand-web-factory","7":"product_cat-plugins","8":"product_cat-seo","9":"product_cat-wordpress-plugins","10":"product_tag-web-factory","11":"member-discount","12":"discount-restricted","14":"first","15":"instock","16":"sale","17":"downloadable","18":"virtual","19":"sold-individually","20":"purchasable","21":"product-type-simple"},"_links":{"self":[{"href":"https:\/\/gpl-love.com\/es\/wp-json\/wp\/v2\/product\/121662","targetHints":{"allow":["GET"]}}],"collection":[{"href":"https:\/\/gpl-love.com\/es\/wp-json\/wp\/v2\/product"}],"about":[{"href":"https:\/\/gpl-love.com\/es\/wp-json\/wp\/v2\/types\/product"}],"replies":[{"embeddable":true,"href":"https:\/\/gpl-love.com\/es\/wp-json\/wp\/v2\/comments?post=121662"}],"wp:featuredmedia":[{"embeddable":true,"href":"https:\/\/gpl-love.com\/es\/wp-json\/wp\/v2\/media\/168363"}],"wp:attachment":[{"href":"https:\/\/gpl-love.com\/es\/wp-json\/wp\/v2\/media?parent=121662"}],"wp:term":[{"taxonomy":"product_brand","embeddable":true,"href":"https:\/\/gpl-love.com\/es\/wp-json\/wp\/v2\/product_brand?post=121662"},{"taxonomy":"product_cat","embeddable":true,"href":"https:\/\/gpl-love.com\/es\/wp-json\/wp\/v2\/product_cat?post=121662"},{"taxonomy":"product_tag","embeddable":true,"href":"https:\/\/gpl-love.com\/es\/wp-json\/wp\/v2\/product_tag?post=121662"}],"curies":[{"name":"wp","href":"https:\/\/api.w.org\/{rel}","templated":true}]}}