{"id":121660,"date":"2025-04-16T00:00:00","date_gmt":"2025-04-16T05:00:00","guid":{"rendered":"https:\/\/gpl-love.com\/es\/producto\/wordpress-store-locator\/"},"modified":"2026-03-09T08:27:34","modified_gmt":"2026-03-09T13:27:34","slug":"wordpress-store-locator","status":"publish","type":"product","link":"https:\/\/gpl-love.com\/es\/producto\/wordpress-store-locator\/","title":{"rendered":"WordPress Store Locator 2.2.7"},"content":{"rendered":"<h3>WordPress Store Locator Caracteristicas<\/h3>\n<p>El localizador de la tienda de WordPress sirve como un medio muy conveniente y eficaz para que las empresas exhiban sus ubicaciones de tiendas en sus sitios web. Al utilizar esta herramienta, los clientes pueden identificar r\u00e1pidamente la tienda m\u00e1s cercana a su paradero actual, aumentando as\u00ed el tr\u00e1fico peatonal y reforzando las ventas. Repleto de mapas, filtros y opciones de b\u00fasqueda personalizables que se pueden adaptar para adaptarse a los requisitos \u00fanicos de cualquier negocio, este complemento realmente no deja piedra sin mover. Adem\u00e1s, la naturaleza f\u00e1cil de usar del localizador de la tienda de WordPress evita la necesidad de cualquier competencia de codificaci\u00f3n, lo que permite a los propietarios de sitios web integrarlo sin problemas en sus sitios preexistentes. Dada su funcionalidad inquebrantable y sus caracter\u00edsticas notables, esta herramienta indudablemente representa un activo indispensable para cualquier negocio que se esfuerce por mejorar su presencia en l\u00ednea y atraer a una clientela m\u00e1s grande a sus establecimientos f\u00edsicos.<\/p>\n<ul>\n<li>Integraci\u00f3n f\u00e1cil con cualquier sitio web de WordPress<\/li>\n<li>Agregue r\u00e1pidamente la funcionalidad de ubicaci\u00f3n de la tienda a su sitio web<\/li>\n<li>Dise\u00f1o de mapa y marcador personalizables<\/li>\n<li>Administrar y actualizar f\u00e1cilmente las ubicaciones de la tienda<\/li>\n<li>Dise\u00f1o receptivo para usuarios m\u00f3viles y de escritorio<\/li>\n<li>Funci\u00f3n de b\u00fasqueda integrada para encontrar ubicaciones de almacenes basadas en la proximidad o los criterios de b\u00fasqueda<\/li>\n<li>Panel de control administrativo f\u00e1cil de usar para administrar las ubicaciones de las tiendas<\/li>\n<li>M\u00faltiples tipos de mapas disponibles, incluyendo hoja de ruta, terreno e h\u00edbrido<\/li>\n<li>Opci\u00f3n para mostrar una lista de ubicaciones de tiendas junto con el mapa<\/li>\n<li>Compatible con temas y complementos populares de WordPress<\/li>\n<li>Se integra con Google Maps para obtener informaci\u00f3n precisa de ubicaci\u00f3n<\/li>\n<\/ul>\n","protected":false},"excerpt":{"rendered":"<p>El localizador de la tienda de WordPress es un complemento inmensamente robusto que le otorga la capacidad sin esfuerzo para incorporar un localizador de tiendas en su sitio web de WordPress. Al utilizar este complemento ingenioso, puede mostrar efectivamente un mapa integral que abarca todas las ubicaciones de sus tiendas, proporcionando as\u00ed a su clientela estimada los medios expeditos para determinar r\u00e1pidamente la tienda m\u00e1s cercana a sus parientes actuales. Este complemento notablemente vers\u00e1til es completamente susceptible de personalizaci\u00f3n y cuenta con una experiencia de usuario perfecta, lo que lo convierte en una soluci\u00f3n ejemplar adaptada para satisfacer las diversas necesidades de las empresas que abarcan toda la gama de tama\u00f1os. Ya sea que preside una diminuta boutique local o un extenso conglomerado de establecimientos minoristas, el localizador de la tienda de WordPress emerge como un recurso incomparable, facilitando h\u00e1bilmente la atracci\u00f3n de clientes nuevos y catalizando el crecimiento de las ventas exponentes.<\/p>\n","protected":false},"featured_media":168357,"comment_status":"open","ping_status":"open","template":"","meta":[],"product_brand":[2339],"product_cat":[1212,1206,1211],"product_tag":[1256],"class_list":{"0":"post-121660","1":"product","2":"type-product","3":"status-publish","4":"has-post-thumbnail","6":"product_brand-codecanyon","7":"product_cat-administracion-wordpress-plugins","8":"product_cat-plugins","9":"product_cat-wordpress-plugins","10":"product_tag-codecanyon","11":"member-discount","12":"discount-restricted","14":"first","15":"instock","16":"sale","17":"downloadable","18":"virtual","19":"sold-individually","20":"purchasable","21":"product-type-simple"},"_links":{"self":[{"href":"https:\/\/gpl-love.com\/es\/wp-json\/wp\/v2\/product\/121660","targetHints":{"allow":["GET"]}}],"collection":[{"href":"https:\/\/gpl-love.com\/es\/wp-json\/wp\/v2\/product"}],"about":[{"href":"https:\/\/gpl-love.com\/es\/wp-json\/wp\/v2\/types\/product"}],"replies":[{"embeddable":true,"href":"https:\/\/gpl-love.com\/es\/wp-json\/wp\/v2\/comments?post=121660"}],"wp:featuredmedia":[{"embeddable":true,"href":"https:\/\/gpl-love.com\/es\/wp-json\/wp\/v2\/media\/168357"}],"wp:attachment":[{"href":"https:\/\/gpl-love.com\/es\/wp-json\/wp\/v2\/media?parent=121660"}],"wp:term":[{"taxonomy":"product_brand","embeddable":true,"href":"https:\/\/gpl-love.com\/es\/wp-json\/wp\/v2\/product_brand?post=121660"},{"taxonomy":"product_cat","embeddable":true,"href":"https:\/\/gpl-love.com\/es\/wp-json\/wp\/v2\/product_cat?post=121660"},{"taxonomy":"product_tag","embeddable":true,"href":"https:\/\/gpl-love.com\/es\/wp-json\/wp\/v2\/product_tag?post=121660"}],"curies":[{"name":"wp","href":"https:\/\/api.w.org\/{rel}","templated":true}]}}