{"id":121658,"date":"2021-07-10T00:00:00","date_gmt":"2021-07-10T05:00:00","guid":{"rendered":"https:\/\/gpl-love.com\/es\/producto\/wordpress-pro-event-calendar\/"},"modified":"2026-03-09T08:27:28","modified_gmt":"2026-03-09T13:27:28","slug":"wordpress-pro-event-calendar","status":"publish","type":"product","link":"https:\/\/gpl-love.com\/es\/producto\/wordpress-pro-event-calendar\/","title":{"rendered":"WordPress Pro Event Calendar 3.2.7"},"content":{"rendered":"<h3>WordPress Pro Event Calendar Caracteristicas<\/h3>\n<p>El calendario de eventos de WordPress Pro es un complemento incre\u00edblemente robusto que ofrece una funcionalidad incomparable en el \u00e1mbito de la creaci\u00f3n y gesti\u00f3n de eventos para su sitio web. Al utilizar su interfaz de usuario intuitiva y su extensa gama de caracter\u00edsticas personalizables, tiene la capacidad de establecer sin esfuerzo un calendario de eventos que se alinee sin problemas con su marca y estilo distintivos. Este complemento excepcional permite la inclusi\u00f3n de campos a medida, opciones de RSVP, as\u00ed como detalles de eventos completos, como la fecha, la hora y la ubicaci\u00f3n especificadas. Adem\u00e1s, posee la capacidad de incrustar a la perfecci\u00f3n su calendario meticulosamente elaborado en cualquier p\u00e1gina o publicaci\u00f3n situada en su sitio web. Este complemento en particular demuestra ser una soluci\u00f3n impecable para una variedad de entidades, incluidas empresas, organizaciones o cualquier persona que est\u00e9 interesada en controlar y supervisar efectivamente los eventos que se producen en su sitio web de WordPress. En consecuencia, con la utilizaci\u00f3n del calendario de eventos de WordPress Pro, puede optimizar sus intrincados esfuerzos de planificaci\u00f3n de eventos, al tiempo que garantiza que sus valiosos visitantes permanezcan bien informados con respecto a cualquier evento de inter\u00e9s.<\/p>\n<ul>\n<li>Pantalla de calendario totalmente receptivo en cualquier dispositivo<\/li>\n<li>Se pueden agregar un n\u00famero ilimitado de eventos<\/li>\n<li>Opci\u00f3n para crear eventos recurrentes con intervalos personalizables<\/li>\n<li>Manejo f\u00e1cil de eventos con funcionalidad de arrastre y ca\u00edda<\/li>\n<li>Integraci\u00f3n con Google Maps para informaci\u00f3n de ubicaci\u00f3n e instrucciones<\/li>\n<li>Opci\u00f3n de vender boletos directamente a trav\u00e9s del calendario con WooCommerce Integration<\/li>\n<li>M\u00faltiples vistas calendario personalizables que incluyen mensajes, semanales y agenda<\/li>\n<li>Capacidad para establecer recordatorios de eventos para los usuarios<\/li>\n<li>Etiquetas de eventos personalizables y codificaci\u00f3n de colores para una f\u00e1cil identificaci\u00f3n<\/li>\n<li>Soporte para m\u00faltiples idiomas y zonas horarias.<\/li>\n<\/ul>\n","protected":false},"excerpt":{"rendered":"<p>El calendario de eventos de WordPress Pro es un complemento excepcionalmente robusto y formidable que le otorga la capacidad de crear y manejar de manera efectiva m\u00faltiples eventos en su sitio web. Al ofrecer una gran cantidad de opciones personalizables, este complemento permite la exhibici\u00f3n sin esfuerzo de los intrincados detalles de eventos, como detalles, fechas, tiempos y ubicaciones. Adem\u00e1s, facilita la venta de boletos y el registro de asistentes. Este complemento se integra perfectamente con su sitio de WordPress, otorgando una interfaz de usuario simplificada que optimiza la gesti\u00f3n de eventos y cultiva una experiencia de usuario perfecta para sus asistentes. Independientemente de si se encuentra embarcando en la organizaci\u00f3n de una modesta reuni\u00f3n de peque\u00f1as empresas o una conferencia a gran escala en expansi\u00f3n, el calendario de eventos de WordPress Pro est\u00e1 equipado con todas las herramientas esenciales necesarias para garantizar que su evento florezca y alcance el pin\u00e1culo del \u00e9xito.<\/p>\n","protected":false},"featured_media":168353,"comment_status":"open","ping_status":"open","template":"","meta":[],"product_brand":[2339],"product_cat":[1214,1206,1211],"product_tag":[1256],"class_list":{"0":"post-121658","1":"product","2":"type-product","3":"status-publish","4":"has-post-thumbnail","6":"product_brand-codecanyon","7":"product_cat-personalizacion","8":"product_cat-plugins","9":"product_cat-wordpress-plugins","10":"product_tag-codecanyon","11":"member-discount","12":"discount-restricted","14":"first","15":"instock","16":"sale","17":"downloadable","18":"virtual","19":"sold-individually","20":"purchasable","21":"product-type-simple"},"_links":{"self":[{"href":"https:\/\/gpl-love.com\/es\/wp-json\/wp\/v2\/product\/121658","targetHints":{"allow":["GET"]}}],"collection":[{"href":"https:\/\/gpl-love.com\/es\/wp-json\/wp\/v2\/product"}],"about":[{"href":"https:\/\/gpl-love.com\/es\/wp-json\/wp\/v2\/types\/product"}],"replies":[{"embeddable":true,"href":"https:\/\/gpl-love.com\/es\/wp-json\/wp\/v2\/comments?post=121658"}],"wp:featuredmedia":[{"embeddable":true,"href":"https:\/\/gpl-love.com\/es\/wp-json\/wp\/v2\/media\/168353"}],"wp:attachment":[{"href":"https:\/\/gpl-love.com\/es\/wp-json\/wp\/v2\/media?parent=121658"}],"wp:term":[{"taxonomy":"product_brand","embeddable":true,"href":"https:\/\/gpl-love.com\/es\/wp-json\/wp\/v2\/product_brand?post=121658"},{"taxonomy":"product_cat","embeddable":true,"href":"https:\/\/gpl-love.com\/es\/wp-json\/wp\/v2\/product_cat?post=121658"},{"taxonomy":"product_tag","embeddable":true,"href":"https:\/\/gpl-love.com\/es\/wp-json\/wp\/v2\/product_tag?post=121658"}],"curies":[{"name":"wp","href":"https:\/\/api.w.org\/{rel}","templated":true}]}}