{"id":121656,"date":"2023-04-19T00:00:00","date_gmt":"2023-04-19T05:00:00","guid":{"rendered":"https:\/\/gpl-love.com\/es\/producto\/wordpress-gdpr-y-ccpa\/"},"modified":"2026-03-09T08:27:20","modified_gmt":"2026-03-09T13:27:20","slug":"wordpress-gdpr-y-ccpa","status":"publish","type":"product","link":"https:\/\/gpl-love.com\/es\/producto\/wordpress-gdpr-y-ccpa\/","title":{"rendered":"WordPress GDPR y CCPA 1.9.31"},"content":{"rendered":"<h3>WordPress GDPR y CCPA Caracteristicas<\/h3>\n<p>El complemento de WordPress GDPR y CCPA se ha desarrollado meticulosamente para garantizar una adherencia inquebrantable a la Regulaci\u00f3n General de Protecci\u00f3n de Datos (GDPR) y la Ley de Privacidad del Consumidor de California (CCPA), que abarca una extensa gama de caracter\u00edsticas sofisticadas. Estas caracter\u00edsticas abarcan elementos esenciales, como obtener el consentimiento para el uso de cookies, satisfacer las solicitudes de las personas para acceder a sus datos y su eliminaci\u00f3n, junto con brindar a los visitantes del sitio web la oportunidad de optar por no participar. La potencia inherente del complemento se encuentra en su interfaz intuitiva y la capacidad de adaptar su configuraci\u00f3n para adaptarse a las preferencias individuales, proporcionando as\u00ed una soluci\u00f3n impecablemente integrada para los propietarios del sitio web que desean reforzar sus datos de privacidad y seguridad. Al generar sin problemas una pol\u00edtica de privacidad y proporcionar documentaci\u00f3n meticulosa para demostrar el cumplimiento, este complemento formidable fomenta efectivamente la confianza entre los clientes y preserva una presencia en l\u00ednea \u00e9tica y transparente.<\/p>\n<ul>\n<li>Garantiza el cumplimiento de las regulaciones GDPR y CCPA para sitios web de WordPress<\/li>\n<li>Proporciona avisos de consentimiento personalizables para los visitantes del sitio web<\/li>\n<li>Permite a los usuarios administrar y eliminar f\u00e1cilmente los datos a pedido<\/li>\n<li>Bloquea autom\u00e1ticamente las cookies hasta que se otorgue el consentimiento<\/li>\n<li>Ofrece control granular sobre las opciones de recopilaci\u00f3n y procesamiento de datos<\/li>\n<li>Ofrece la notificaci\u00f3n de incumplimiento de datos robusta y las funciones de informes<\/li>\n<li>Ayuda a las empresas a evitar fuertes sanciones por incumplimiento de las regulaciones de privacidad<\/li>\n<li>Se puede personalizar para industrias espec\u00edficas o necesidades de usuario<\/li>\n<li>Proporciona un tablero f\u00e1cil de usar para monitorear el cumplimiento y la administraci\u00f3n de solicitudes de datos<\/li>\n<li>Actualizado regularmente para adaptarse a regulaciones cambiantes y amenazas de seguridad<\/li>\n<\/ul>\n","protected":false},"excerpt":{"rendered":"<p>El complemento de WordPress GDPR y CCPA tiene el prop\u00f3sito de garantizar que su sitio web permanezca cumpliendo con las regulaciones de privacidad al ofrecer una multitud de caracter\u00edsticas esenciales, incluidas, entre otros, las casillas de verificaci\u00f3n de exclusi\u00f3n\/exclusi\u00f3n, disposiciones para manejar el acceso a los datos y las solicitudes de deleci\u00f3n , avisos de consentimiento de cookies y una gran cantidad de otras capacidades. En virtud de su simplicidad en la configuraci\u00f3n, as\u00ed como su alto nivel de personalizaci\u00f3n, este complemento garantiza que se cumplan los requisitos \u00fanicos de su sitio web, salvaguardando as\u00ed la seguridad de los datos relacionados con sus valiosos usuarios.<\/p>\n","protected":false},"featured_media":168347,"comment_status":"open","ping_status":"open","template":"","meta":[],"product_brand":[2339],"product_cat":[1212,1206,1211],"product_tag":[1256],"class_list":{"0":"post-121656","1":"product","2":"type-product","3":"status-publish","4":"has-post-thumbnail","6":"product_brand-codecanyon","7":"product_cat-administracion-wordpress-plugins","8":"product_cat-plugins","9":"product_cat-wordpress-plugins","10":"product_tag-codecanyon","11":"member-discount","12":"discount-restricted","14":"first","15":"instock","16":"sale","17":"downloadable","18":"virtual","19":"sold-individually","20":"purchasable","21":"product-type-simple"},"_links":{"self":[{"href":"https:\/\/gpl-love.com\/es\/wp-json\/wp\/v2\/product\/121656","targetHints":{"allow":["GET"]}}],"collection":[{"href":"https:\/\/gpl-love.com\/es\/wp-json\/wp\/v2\/product"}],"about":[{"href":"https:\/\/gpl-love.com\/es\/wp-json\/wp\/v2\/types\/product"}],"replies":[{"embeddable":true,"href":"https:\/\/gpl-love.com\/es\/wp-json\/wp\/v2\/comments?post=121656"}],"wp:featuredmedia":[{"embeddable":true,"href":"https:\/\/gpl-love.com\/es\/wp-json\/wp\/v2\/media\/168347"}],"wp:attachment":[{"href":"https:\/\/gpl-love.com\/es\/wp-json\/wp\/v2\/media?parent=121656"}],"wp:term":[{"taxonomy":"product_brand","embeddable":true,"href":"https:\/\/gpl-love.com\/es\/wp-json\/wp\/v2\/product_brand?post=121656"},{"taxonomy":"product_cat","embeddable":true,"href":"https:\/\/gpl-love.com\/es\/wp-json\/wp\/v2\/product_cat?post=121656"},{"taxonomy":"product_tag","embeddable":true,"href":"https:\/\/gpl-love.com\/es\/wp-json\/wp\/v2\/product_tag?post=121656"}],"curies":[{"name":"wp","href":"https:\/\/api.w.org\/{rel}","templated":true}]}}