{"id":121654,"date":"2026-04-21T00:00:00","date_gmt":"2026-04-21T05:00:00","guid":{"rendered":"https:\/\/gpl-love.com\/es\/producto\/wordpress-automatic-plugin\/"},"modified":"2026-04-21T11:16:33","modified_gmt":"2026-04-21T16:16:33","slug":"wordpress-automatic-plugin","status":"publish","type":"product","link":"https:\/\/gpl-love.com\/es\/producto\/wordpress-automatic-plugin\/","title":{"rendered":"WordPress Automatic Plugin 3.133.0"},"content":{"rendered":"<h3>WordPress Automatic Plugin Caracteristicas<\/h3>\n<p>El complemento autom\u00e1tico de WordPress, reconocido por sus capacidades formidables, es una herramienta de inmensa potencia que optimiza efectivamente la ardua tarea de la creaci\u00f3n de contenido en los sitios web de WordPress. Al aprovechar las capacidades de este complemento, a los usuarios se les otorga la capacidad de generar y difundir publicaciones y art\u00edculos en sus sitios web, con el beneficio adicional de eliminar la necesidad de una intervenci\u00f3n manual. Una caracter\u00edstica sorprendente de este complemento se encuentra en su amplia gama de fuentes de contenido que admite f\u00e1cilmente, que abarca los gustos de RSS Feeds, YouTube, Vimeo y una multitud de otras plataformas. Adem\u00e1s, a los usuarios se les otorga acceso a una gran cantidad de caracter\u00edsticas, lo que les permite adaptar su contenido a sus especificaciones exactas, asegurando su singularidad y relevancia para su audiencia exigente. Como una ventaja adicional, el complemento autom\u00e1tico de WordPress implementa actualizaciones autom\u00e1ticas y extiende el soporte para m\u00faltiples idiomas, lo que es un activo invaluable para cualquier propietario de sitios web de WordPress exigente que busque acelerar y mejorar sus esfuerzos de creaci\u00f3n de contenido.<\/p>\n<ul>\n<li>Publique autom\u00e1ticamente el contenido en su sitio web de WordPress<\/li>\n<li>Admite m\u00faltiples fuentes de contenido, incluidas las alimentos RSS y las redes sociales<\/li>\n<li>Viene con Spinner de art\u00edculo incorporado para evitar errores de contenido duplicados<\/li>\n<li>Programar publicaciones autom\u00e1ticas en momentos o intervalos espec\u00edficos<\/li>\n<li>Elija categor\u00edas y etiquetas para cada publicaci\u00f3n<\/li>\n<li>Opci\u00f3n para agregar autom\u00e1ticamente una imagen destacada a cada publicaci\u00f3n<\/li>\n<li>Puede excluir palabras clave o frases espec\u00edficas de fuentes de contenido<\/li>\n<li>Acorta autom\u00e1ticamente las URL con integraci\u00f3n bitly<\/li>\n<li>Interfaz f\u00e1cil de usar con una configuraci\u00f3n m\u00ednima requerida<\/li>\n<li>Equipo de apoyo activo para ayudar con cualquier problema o pregunta.<\/li>\n<\/ul>\n","protected":false},"excerpt":{"rendered":"<p>El complemento autom\u00e1tico de WordPress, una herramienta muy potente para optimizar su presencia en l\u00ednea, ofrece una variedad de caracter\u00edsticas que pueden mejorar enormemente su sitio de WordPress. Su interfaz f\u00e1cil de usar permite una automatizaci\u00f3n perfecta de la publicaci\u00f3n de contenido, las publicaciones de generaci\u00f3n sin esfuerzo, actualizar y administrar sin problemas sus cuentas de redes sociales, al tiempo que incorpora expertos im\u00e1genes cautivadoras, videos atractivos y enlaces haciendo clic en su contenido. Ideal para blogueros, especialistas en marketing y empresas que buscan maximizar su presencia digital y cautivar efectivamente a su p\u00fablico objetivo, el complemento autom\u00e1tico de WordPress es un activo indispensable.<\/p>\n","protected":false},"featured_media":168341,"comment_status":"open","ping_status":"open","template":"","meta":[],"product_brand":[2339],"product_cat":[1232,1206,1211],"product_tag":[1256],"class_list":{"0":"post-121654","1":"product","2":"type-product","3":"status-publish","4":"has-post-thumbnail","6":"product_brand-codecanyon","7":"product_cat-marketing-wordpress-plugins","8":"product_cat-plugins","9":"product_cat-wordpress-plugins","10":"product_tag-codecanyon","11":"member-discount","12":"discount-restricted","14":"first","15":"instock","16":"sale","17":"downloadable","18":"virtual","19":"sold-individually","20":"purchasable","21":"product-type-simple"},"_links":{"self":[{"href":"https:\/\/gpl-love.com\/es\/wp-json\/wp\/v2\/product\/121654","targetHints":{"allow":["GET"]}}],"collection":[{"href":"https:\/\/gpl-love.com\/es\/wp-json\/wp\/v2\/product"}],"about":[{"href":"https:\/\/gpl-love.com\/es\/wp-json\/wp\/v2\/types\/product"}],"replies":[{"embeddable":true,"href":"https:\/\/gpl-love.com\/es\/wp-json\/wp\/v2\/comments?post=121654"}],"wp:featuredmedia":[{"embeddable":true,"href":"https:\/\/gpl-love.com\/es\/wp-json\/wp\/v2\/media\/168341"}],"wp:attachment":[{"href":"https:\/\/gpl-love.com\/es\/wp-json\/wp\/v2\/media?parent=121654"}],"wp:term":[{"taxonomy":"product_brand","embeddable":true,"href":"https:\/\/gpl-love.com\/es\/wp-json\/wp\/v2\/product_brand?post=121654"},{"taxonomy":"product_cat","embeddable":true,"href":"https:\/\/gpl-love.com\/es\/wp-json\/wp\/v2\/product_cat?post=121654"},{"taxonomy":"product_tag","embeddable":true,"href":"https:\/\/gpl-love.com\/es\/wp-json\/wp\/v2\/product_tag?post=121654"}],"curies":[{"name":"wp","href":"https:\/\/api.w.org\/{rel}","templated":true}]}}