{"id":121652,"date":"2025-12-25T00:00:00","date_gmt":"2025-12-25T05:00:00","guid":{"rendered":"https:\/\/gpl-love.com\/es\/producto\/wordfence-security-premium\/"},"modified":"2026-03-09T08:27:07","modified_gmt":"2026-03-09T13:27:07","slug":"wordfence-security-premium","status":"publish","type":"product","link":"https:\/\/gpl-love.com\/es\/producto\/wordfence-security-premium\/","title":{"rendered":"Wordfence Security Premium 8.1.4"},"content":{"rendered":"<h3>Wordfence Security Premium Caracteristicas<\/h3>\n<p>WordFence Security Premium, una soluci\u00f3n de seguridad altamente efectiva dise\u00f1ada espec\u00edficamente para sitios web de WordPress, ofrece una amplia gama de medidas de protecci\u00f3n. Al integrar un sistema de firewall avanzado y un esc\u00e1ner de malware sofisticado, este complemento garantiza una defensa \u00f3ptima contra las estrategias en constante evoluci\u00f3n empleadas por piratas inform\u00e1ticos y otras personas nefastas que buscan comprometer la seguridad del sitio web. Adem\u00e1s de estas caracter\u00edsticas fundamentales, Wordfence Security Premium cuenta con una impresionante variedad de funcionalidades complementarias, incluidas las capacidades de monitoreo en tiempo real, la autenticaci\u00f3n de dos factores y la capacidad de bloquear el acceso desde pa\u00edses espec\u00edficos. Estas herramientas invaluables capacitan a los propietarios de sitios web para que salvaguardaran proactivamente sus plataformas en l\u00ednea, evitar posibles violaciones de seguridad y fortalecer sus fortalezas digitales. Adem\u00e1s, la arquitectura sofisticada del complemento abarca un registro de actividades meticulosamente detallado, que ofrece a los administradores del sitio web una supervisi\u00f3n incomparable sobre las interacciones del usuario y facilitan la r\u00e1pida identificaci\u00f3n de cualquier actividad sospechosa o no autorizada. En esencia, queda muy claro que Wordfence Security Premium trasciende el \u00e1mbito de las mejoras opcionales, que emerge como un componente indispensable para cualquier propietario exigente del sitio de WordPress comprometido a mantener los niveles m\u00e1s importantes de seguridad y seguridad.<\/p>\n<ul>\n<li>Medidas de seguridad integrales para sitios web de WordPress<\/li>\n<li>Detecci\u00f3n y prevenci\u00f3n de amenazas avanzadas<\/li>\n<li>Escaneo de seguridad para vulnerabilidades, c\u00f3digo malicioso e infecciones<\/li>\n<li>Protecci\u00f3n de firewall contra intentos de pirateo y ataques DDoS<\/li>\n<li>Monitoreo en tiempo real y alertas para actividades sospechosas<\/li>\n<li>Autenticaci\u00f3n de dos factores para la seguridad de inicio de sesi\u00f3n adicional<\/li>\n<li>Acceso al bloqueo de pa\u00eds y la lista blanca de IP\/lista negra<\/li>\n<li>Escaneos programados y opciones inmediatas de escaneo a pedido<\/li>\n<li>Integraci\u00f3n con servicios de seguridad de terceros populares<\/li>\n<li>Soporte para m\u00faltiples sitios web y redes de varios sitios<\/li>\n<\/ul>\n","protected":false},"excerpt":{"rendered":"<p>Wordfence Security Premium, una soluci\u00f3n de seguridad que lo abarca meticulosamente para sitios web de WordPress, sirve como un complemento extremadamente robusto que proporciona medidas de protecci\u00f3n incomparables contra una variedad de amenazas mal\u00e9volas que incluyen malware, esfuerzos de pirater\u00eda y varias otras formas de actividad maliciosa. Este complemento extraordinario cuenta con una multitud de caracter\u00edsticas de vanguardia, como la protecci\u00f3n de firewall altamente efectiva, el mecanismo de defensa de amenazas en tiempo real sin igual y los escaneos de malware meticulosamente completos. Wordfence Security Premium no solo fortifica efectivamente las defensas de su sitio web, sino que tambi\u00e9n garantiza la seguridad y el bienestar de sus estimados visitantes. Adem\u00e1s, esta soluci\u00f3n de seguridad excepcional es m\u00e1s all\u00e1 al ofrecer funcionalidades avanzadas como la autenticaci\u00f3n de dos factores altamente segura, la funci\u00f3n de bloqueo de pa\u00edses indispensable y la capacidad esencial de auditor\u00eda de contrase\u00f1as, llevando as\u00ed la seguridad a un escal\u00f3n completamente nuevo.<\/p>\n","protected":false},"featured_media":168337,"comment_status":"open","ping_status":"open","template":"","meta":[],"product_brand":[2609],"product_cat":[1206,1579,1211],"product_tag":[1490],"class_list":{"0":"post-121652","1":"product","2":"type-product","3":"status-publish","4":"has-post-thumbnail","6":"product_brand-wordfence","7":"product_cat-plugins","8":"product_cat-rendimiento","9":"product_cat-wordpress-plugins","10":"product_tag-wordfence","11":"member-discount","12":"discount-restricted","14":"first","15":"instock","16":"sale","17":"downloadable","18":"virtual","19":"sold-individually","20":"purchasable","21":"product-type-simple"},"_links":{"self":[{"href":"https:\/\/gpl-love.com\/es\/wp-json\/wp\/v2\/product\/121652","targetHints":{"allow":["GET"]}}],"collection":[{"href":"https:\/\/gpl-love.com\/es\/wp-json\/wp\/v2\/product"}],"about":[{"href":"https:\/\/gpl-love.com\/es\/wp-json\/wp\/v2\/types\/product"}],"replies":[{"embeddable":true,"href":"https:\/\/gpl-love.com\/es\/wp-json\/wp\/v2\/comments?post=121652"}],"wp:featuredmedia":[{"embeddable":true,"href":"https:\/\/gpl-love.com\/es\/wp-json\/wp\/v2\/media\/168337"}],"wp:attachment":[{"href":"https:\/\/gpl-love.com\/es\/wp-json\/wp\/v2\/media?parent=121652"}],"wp:term":[{"taxonomy":"product_brand","embeddable":true,"href":"https:\/\/gpl-love.com\/es\/wp-json\/wp\/v2\/product_brand?post=121652"},{"taxonomy":"product_cat","embeddable":true,"href":"https:\/\/gpl-love.com\/es\/wp-json\/wp\/v2\/product_cat?post=121652"},{"taxonomy":"product_tag","embeddable":true,"href":"https:\/\/gpl-love.com\/es\/wp-json\/wp\/v2\/product_tag?post=121652"}],"curies":[{"name":"wp","href":"https:\/\/api.w.org\/{rel}","templated":true}]}}