{"id":121650,"date":"2021-02-09T00:00:00","date_gmt":"2021-02-09T05:00:00","guid":{"rendered":"https:\/\/gpl-love.com\/es\/producto\/woomail-woocommerce-email-customizer\/"},"modified":"2026-03-09T08:26:53","modified_gmt":"2026-03-09T13:26:53","slug":"woomail-woocommerce-email-customizer","status":"publish","type":"product","link":"https:\/\/gpl-love.com\/es\/producto\/woomail-woocommerce-email-customizer\/","title":{"rendered":"WooMail WooCommerce Email Customizer 3.0.34"},"content":{"rendered":"<h3>WooMail WooCommerce Email Customizer Caracteristicas<\/h3>\n<p>WooMail WooCommerce Correo electr\u00f3nico Customizer es una herramienta inmensamente poderosa que le brinda la capacidad de personalizar y adaptar completamente sus plantillas de correo electr\u00f3nico de WooCommerce para alinearse perfectamente con el aspecto \u00fanico de su marca. Con la utilizaci\u00f3n de Woomail, tiene la incre\u00edble oportunidad de crear y construir correos electr\u00f3nicos visualmente impresionantes que seguramente cautivar\u00e1n e impresionar\u00e1n a sus estimados clientes, lo que finalmente conduce a un aumento sustancial en sus ingresos por ventas. La naturaleza f\u00e1cil de usar de este complemento excepcional se ve reforzada por la inclusi\u00f3n de un constructor de correos electr\u00f3nicos de arrastrar y soltar notablemente intuitivo, que le permite incorporar sin esfuerzo su logotipo, im\u00e1genes y texto en sus correos electr\u00f3nicos meticulosamente dise\u00f1ados. Adem\u00e1s, posee la libertad de personalizar ampliamente los colores y fuentes utilizados en sus correos electr\u00f3nicos, asegurando una alineaci\u00f3n perfecta con el estilo y la est\u00e9tica distintiva de su marca. Woomail tambi\u00e9n proporciona una variedad diversa de plantillas predise\u00f1adas para su conveniencia, sirviendo como un punto de partida excepcional para su viaje creativo, o alternativamente, tiene la opci\u00f3n de comenzar su proceso de dise\u00f1o desde cero, proporcion\u00e1ndole posibilidades ilimitadas. Al aprovechar las capacidades extraordinarias de Woomail, sin duda tendr\u00e1 la capacidad de forjar y cultivar una identidad de marca que irradia profesionalismo, permiti\u00e9ndole diferenciarse sin esfuerzo de sus competidores e indudablemente fomentando la lealtad y el compromiso de los clientes duraderos.<\/p>\n<ul>\n<li>Plantillas de correo electr\u00f3nico personalizables para la tienda WooCommerce<\/li>\n<li>Posibilidades de dise\u00f1o ilimitadas con editor de arrastre y ca\u00edda<\/li>\n<li>Interfaz intuitiva para una f\u00e1cil personalizaci\u00f3n<\/li>\n<li>Dise\u00f1os sensibles a los dispositivos m\u00f3viles<\/li>\n<li>Actualizar correos electr\u00f3nicos para la confirmaci\u00f3n de pedidos, env\u00edo y m\u00e1s<\/li>\n<li>Agregue mensajes de marketing o ofertas de vientos cruzados a correos electr\u00f3nicos<\/li>\n<li>Integraci\u00f3n con las principales herramientas de marketing por correo electr\u00f3nico<\/li>\n<li>Control completo sobre la marca de correo electr\u00f3nico y la mensajer\u00eda<\/li>\n<li>No se requieren habilidades de codificaci\u00f3n para la personalizaci\u00f3n<\/li>\n<li>Actualizaciones y soporte regulares de los desarrolladores<\/li>\n<\/ul>\n","protected":false},"excerpt":{"rendered":"<p>Woomail, una herramienta excepcional dise\u00f1ada espec\u00edficamente para WooCommerce, permite a los usuarios adaptar plantillas de correo electr\u00f3nico personalizadas y altamente sofisticadas para sus escaparates virtuales. Este ingenioso complemento cuenta con una interfaz incre\u00edblemente intuitiva junto con una gran cantidad de opciones de personalizaci\u00f3n, lo que permite a los usuarios crear y modificar sin esfuerzo plantillas de correo electr\u00f3nico para diversos fines, incluidas la confirmaci\u00f3n del pedido, las notificaciones de env\u00edo e incluso los recordatorios de carros abandonados. Lo que distingue a Woomail es su capacidad de respuesta impecable, lo que garantiza que sus correos electr\u00f3nicos meticulosamente seleccionados parezcan perfectos y visualmente atractivos en todos los dispositivos. Adem\u00e1s, esta ingeniosa herramienta ofrece una amplia gama de plantillas predise\u00f1adas y un conveniente editor de arrastrar y soltar, lo que hace que la creaci\u00f3n de impresionantes campa\u00f1as de correo electr\u00f3nico sea una tarea sin esfuerzo, incluso para aquellos desprovistos de experiencia en codificaci\u00f3n. Experimente un aumento sin precedentes en la participaci\u00f3n del cliente y eleve la visibilidad de su marca con el inigualable Woomail.<\/p>\n","protected":false},"featured_media":168326,"comment_status":"open","ping_status":"open","template":"","meta":[],"product_brand":[2339],"product_cat":[1207,1429,1206],"product_tag":[1256],"class_list":{"0":"post-121650","1":"product","2":"type-product","3":"status-publish","4":"has-post-thumbnail","6":"product_brand-codecanyon","7":"product_cat-comercio-electronico-plugins","8":"product_cat-formas-comercio-electronico-plugins","9":"product_cat-plugins","10":"product_tag-codecanyon","11":"member-discount","12":"discount-restricted","14":"first","15":"instock","16":"sale","17":"downloadable","18":"virtual","19":"sold-individually","20":"purchasable","21":"product-type-simple"},"_links":{"self":[{"href":"https:\/\/gpl-love.com\/es\/wp-json\/wp\/v2\/product\/121650","targetHints":{"allow":["GET"]}}],"collection":[{"href":"https:\/\/gpl-love.com\/es\/wp-json\/wp\/v2\/product"}],"about":[{"href":"https:\/\/gpl-love.com\/es\/wp-json\/wp\/v2\/types\/product"}],"replies":[{"embeddable":true,"href":"https:\/\/gpl-love.com\/es\/wp-json\/wp\/v2\/comments?post=121650"}],"wp:featuredmedia":[{"embeddable":true,"href":"https:\/\/gpl-love.com\/es\/wp-json\/wp\/v2\/media\/168326"}],"wp:attachment":[{"href":"https:\/\/gpl-love.com\/es\/wp-json\/wp\/v2\/media?parent=121650"}],"wp:term":[{"taxonomy":"product_brand","embeddable":true,"href":"https:\/\/gpl-love.com\/es\/wp-json\/wp\/v2\/product_brand?post=121650"},{"taxonomy":"product_cat","embeddable":true,"href":"https:\/\/gpl-love.com\/es\/wp-json\/wp\/v2\/product_cat?post=121650"},{"taxonomy":"product_tag","embeddable":true,"href":"https:\/\/gpl-love.com\/es\/wp-json\/wp\/v2\/product_tag?post=121650"}],"curies":[{"name":"wp","href":"https:\/\/api.w.org\/{rel}","templated":true}]}}