{"id":121648,"date":"2026-03-13T00:00:00","date_gmt":"2026-03-13T05:00:00","guid":{"rendered":"https:\/\/gpl-love.com\/es\/producto\/woolentor-pro-woocommerce-page-builder-elementor-addon\/"},"modified":"2026-03-30T11:16:14","modified_gmt":"2026-03-30T16:16:14","slug":"woolentor-pro-woocommerce-page-builder-elementor-addon","status":"publish","type":"product","link":"https:\/\/gpl-love.com\/es\/producto\/woolentor-pro-woocommerce-page-builder-elementor-addon\/","title":{"rendered":"ShopLentor Pro (WooLentor) 2.7.9"},"content":{"rendered":"<h3>ShopLentor Pro (WooLentor) Caracteristicas<\/h3>\n<p>El complemento Shoplentor Pro, desarrollado por Woolentor, es una herramienta incre\u00edblemente robusta que mejora significativamente la funcionalidad de la plataforma WooCommerce ampliamente utilizada. Este complemento en particular ofrece a los usuarios una amplia gama de opciones de personalizaci\u00f3n, lo que les permite crear tiendas en l\u00ednea que est\u00e1n hechas a medida para sus necesidades espec\u00edficas y \u00fanicas. Una de las caracter\u00edsticas destacadas de Shoplentor Pro es su funcionalidad excepcionalmente f\u00e1cil de arrastrar y soltar, que permite a los usuarios agregar, eliminar y reorganizar elementos en sus p\u00e1ginas de tiendas en l\u00ednea sin la necesidad de poseer un amplio conocimiento de codificaci\u00f3n. Adem\u00e1s, este poderoso complemento tambi\u00e9n cuenta con varias caracter\u00edsticas avanzadas, incluidas, entre otros, la vista r\u00e1pida de productos muy conveniente, la lista de deseos, la comparaci\u00f3n y las opciones de filtro, todas las cuales sirven para mejorar la experiencia general de navegaci\u00f3n y compra para los clientes. En esencia, el complemento Shoplentor Pro sirve como una herramienta incre\u00edblemente vers\u00e1til y f\u00e1cil de usar, ayudando efectivamente a las empresas a construir tiendas en l\u00ednea que no solo son distintivas sino tambi\u00e9n cautivadoras, lo que les permite destacar realmente en medio de un mercado ferozmente competitivo.<\/p>\n<ul>\n<li>Shoplentor Pro es un complemento poderoso para WooCommerce que mejora la experiencia de compra en su sitio web.<\/li>\n<li>Con Shoplentor Pro, puede personalizar sus p\u00e1ginas de productos y crear plantillas personalizadas para exhibir sus productos de la mejor manera posible.<\/li>\n<li>El complemento tambi\u00e9n le permite agregar varios widgets y c\u00f3digos cortos para resaltar ciertos productos, categor\u00edas o promociones.<\/li>\n<li>Shoplentor Pro ofrece una interfaz f\u00e1cil de usar que facilita el uso y personalizaci\u00f3n independientemente de sus habilidades t\u00e9cnicas.<\/li>\n<li>El complemento es totalmente compatible con la \u00faltima versi\u00f3n de WooCommerce y funciona sin problemas con todos los principales temas de WordPress.<\/li>\n<li>Shoplentor Pro viene con m\u00faltiples plantillas y fuentes predise\u00f1adas para elegir, lo que le permite crear p\u00e1ginas de productos \u00fanicas y impresionantes.<\/li>\n<li>El complemento tambi\u00e9n incluye varias caracter\u00edsticas \u00fatiles, como un control deslizante de productos, productos relacionados, opciones de acciones de productos y m\u00e1s.<\/li>\n<li>Con Shoplentor Pro, puede mejorar las tasas de conversi\u00f3n de su sitio web, aumentar las ventas y proporcionar una mejor experiencia de compra en general para sus clientes.<\/li>\n<\/ul>\n","protected":false},"excerpt":{"rendered":"<p>Shoplentor Pro (Woolentor) es un complemento excepcionalmente robusto que expande y amplifica de manera efectiva la funcionalidad del complemento WooCommerce extremadamente popular dise\u00f1ado espec\u00edficamente para sitios web de WordPress. Al integrar Shoplentor Pro en su tienda en l\u00ednea, puede adaptar y refinar sin esfuerzo su espacio minorista virtual para atender de manera m\u00e1s efectiva las preferencias y requisitos \u00fanicos y en evoluci\u00f3n de su clientela exigente. Este complemento incre\u00edblemente vers\u00e1til ofrece una amplia gama de caracter\u00edsticas de vanguardia, como filtros de productos avanzados meticulosamente elaborados para facilitar las experiencias de navegaci\u00f3n perfecta e intuitiva, pesta\u00f1as de productos personalizables que lo capacitan para presentar informaci\u00f3n detallada y pertinente de una manera est\u00e9ticamente agradable, e innovador. Tablas de comparaci\u00f3n que permiten a los consumidores tomar decisiones de compra bien informadas. Adem\u00e1s, Shoplentor Pro lo empodera para dise\u00f1ar p\u00e1ginas de productos impresionantes y totalmente receptivas que cautivan e involucren a su p\u00fablico objetivo, supervisen y administran efectivamente los procesos de cumplimiento y env\u00edo de su pedido con la m\u00e1xima facilidad y eficiencia, y mucho m\u00e1s. Independientemente de si opera una empresa a peque\u00f1a escala o un emporio de comercio electr\u00f3nico expansivo, Shoplentor Pro sirve como la mejor panacea para elevar y elevar sus esfuerzos comerciales virtuales, lo que los hace verdaderamente incomparables en su apelaci\u00f3n de uso de usuarios e inmersivos.<\/p>\n","protected":false},"featured_media":168325,"comment_status":"open","ping_status":"open","template":"","meta":[],"product_brand":[2339],"product_cat":[1207,1248,1206],"product_tag":[1256],"class_list":{"0":"post-121648","1":"product","2":"type-product","3":"status-publish","4":"has-post-thumbnail","6":"product_brand-codecanyon","7":"product_cat-comercio-electronico-plugins","8":"product_cat-personalizacion-comercio-electronico-plugins","9":"product_cat-plugins","10":"product_tag-codecanyon","11":"member-discount","12":"discount-restricted","14":"first","15":"instock","16":"sale","17":"downloadable","18":"virtual","19":"sold-individually","20":"purchasable","21":"product-type-simple"},"_links":{"self":[{"href":"https:\/\/gpl-love.com\/es\/wp-json\/wp\/v2\/product\/121648","targetHints":{"allow":["GET"]}}],"collection":[{"href":"https:\/\/gpl-love.com\/es\/wp-json\/wp\/v2\/product"}],"about":[{"href":"https:\/\/gpl-love.com\/es\/wp-json\/wp\/v2\/types\/product"}],"replies":[{"embeddable":true,"href":"https:\/\/gpl-love.com\/es\/wp-json\/wp\/v2\/comments?post=121648"}],"wp:featuredmedia":[{"embeddable":true,"href":"https:\/\/gpl-love.com\/es\/wp-json\/wp\/v2\/media\/168325"}],"wp:attachment":[{"href":"https:\/\/gpl-love.com\/es\/wp-json\/wp\/v2\/media?parent=121648"}],"wp:term":[{"taxonomy":"product_brand","embeddable":true,"href":"https:\/\/gpl-love.com\/es\/wp-json\/wp\/v2\/product_brand?post=121648"},{"taxonomy":"product_cat","embeddable":true,"href":"https:\/\/gpl-love.com\/es\/wp-json\/wp\/v2\/product_cat?post=121648"},{"taxonomy":"product_tag","embeddable":true,"href":"https:\/\/gpl-love.com\/es\/wp-json\/wp\/v2\/product_tag?post=121648"}],"curies":[{"name":"wp","href":"https:\/\/api.w.org\/{rel}","templated":true}]}}