{"id":121646,"date":"2025-04-05T00:00:00","date_gmt":"2025-04-05T05:00:00","guid":{"rendered":"https:\/\/gpl-love.com\/es\/producto\/woolementor-pro\/"},"modified":"2026-03-09T08:26:51","modified_gmt":"2026-03-09T13:26:51","slug":"woolementor-pro","status":"publish","type":"product","link":"https:\/\/gpl-love.com\/es\/producto\/woolementor-pro\/","title":{"rendered":"CoDesigner Pro (Woolementor) 4.7.6"},"content":{"rendered":"<h3>CoDesigner Pro (Woolementor) Caracteristicas<\/h3>\n<p>CodeSigner Pro, desarrollado por Woolementor, es una herramienta de dise\u00f1o muy robusta y muy robusta que optimiza el intrincado proceso de elaboraci\u00f3n de dise\u00f1os personalizados para su sitio web de WordPress. Esta herramienta excepcional revoluciona la creaci\u00f3n de dise\u00f1os cautivadores a trav\u00e9s de su interfaz de arrastrar y soltar f\u00e1cilmente de usar, lo que hace que cualquier dominio de la codificaci\u00f3n sea redundante. Ofrece un extenso repertorio de elementos de dise\u00f1o, que van desde plantillas predise\u00f1adas, widgets, bloques, todos los cuales pueden adaptarse sin esfuerzo para satisfacer sus requisitos individuales. CodeSigner Pro se integra perfectamente con el complemento Woolementor, otorgando as\u00ed acceso a opciones de personalizaci\u00f3n avanzada para su tienda WooCommerce. Con su interfaz intuitivamente navegable, CodeSigner Pro le brinda la oportunidad de fabricar dise\u00f1os visualmente llamativos que distinguen a su sitio web de los competidores, reforzando en \u00faltima instancia la participaci\u00f3n del usuario y amplificar las tasas de conversi\u00f3n.<\/p>\n<ul>\n<li>Herramienta de dise\u00f1o web revolucionaria para WordPress<\/li>\n<li>Permite la creaci\u00f3n de sitios web intuitiva y totalmente personalizable<\/li>\n<li>Integrado con lana, lo que permite una integraci\u00f3n de comercio electr\u00f3nico sin problemas<\/li>\n<li>Potente funcionalidad de arrastrar y soltar para una f\u00e1cil creaci\u00f3n de dise\u00f1o<\/li>\n<li>M\u00e1s de 50 plantillas predise\u00f1adas para elegir, o crear las suyas desde cero<\/li>\n<li>Caracter\u00edsticas avanzadas como opciones de desplazamiento y animaci\u00f3n de paralaje<\/li>\n<li>El dise\u00f1o receptivo garantiza que su sitio se vea muy bien en cualquier dispositivo<\/li>\n<li>No se requiere conocimiento de codificaci\u00f3n<\/li>\n<li>Actualizaciones y soporte regulares para la mejora y asistencia continuas<\/li>\n<\/ul>\n","protected":false},"excerpt":{"rendered":"<p>Introducir el notable y altamente avanzado Codesigner Pro, una herramienta de dise\u00f1o de vanguardia que redefine el concepto de dise\u00f1o de sitio web f\u00e1cil y eficiente. Este software excepcional, impulsado por el reconocido lana, ofrece una amplia gama de herramientas y caracter\u00edsticas indispensables, lo que le permite crear dise\u00f1os impresionantes sin esfuerzo para su sitio web. A trav\u00e9s de la utilizaci\u00f3n de un editor de arrastrar y soltar inmensamente potente, posee la capacidad de adaptar y personalizar sus dise\u00f1os sin esfuerzo, imbuyendo as\u00ed con una esencia distintiva e inconfundible que resuena con su marca. Adem\u00e1s, CodeSigner Pro le otorga una extensa gama de componentes de dise\u00f1o, que abarca una variedad de secciones, plantillas y gr\u00e1ficos prefabricados, facilitando as\u00ed la creaci\u00f3n expedita e indolora de sus dise\u00f1os. Las maravillas de este software no dejan all\u00ed, ya que se integra sin problemas con WooCommerce, lo que lo permite engendrar sin esfuerzo sitios web de comercio electr\u00f3nico convincentes y potentes. \u00a1No retrase m\u00e1s, adquiere CodeSigner Pro hoy y sum\u00e9rgase en un \u00e1mbito completamente novedoso de dise\u00f1o de sitios web!<\/p>\n","protected":false},"featured_media":168324,"comment_status":"open","ping_status":"open","template":"","meta":[],"product_brand":[2607],"product_cat":[1207,1248,1206],"product_tag":[1487],"class_list":{"0":"post-121646","1":"product","2":"type-product","3":"status-publish","4":"has-post-thumbnail","6":"product_brand-woolementor","7":"product_cat-comercio-electronico-plugins","8":"product_cat-personalizacion-comercio-electronico-plugins","9":"product_cat-plugins","10":"product_tag-woolementor","11":"member-discount","12":"discount-restricted","14":"first","15":"instock","16":"sale","17":"downloadable","18":"virtual","19":"sold-individually","20":"purchasable","21":"product-type-simple"},"_links":{"self":[{"href":"https:\/\/gpl-love.com\/es\/wp-json\/wp\/v2\/product\/121646","targetHints":{"allow":["GET"]}}],"collection":[{"href":"https:\/\/gpl-love.com\/es\/wp-json\/wp\/v2\/product"}],"about":[{"href":"https:\/\/gpl-love.com\/es\/wp-json\/wp\/v2\/types\/product"}],"replies":[{"embeddable":true,"href":"https:\/\/gpl-love.com\/es\/wp-json\/wp\/v2\/comments?post=121646"}],"wp:featuredmedia":[{"embeddable":true,"href":"https:\/\/gpl-love.com\/es\/wp-json\/wp\/v2\/media\/168324"}],"wp:attachment":[{"href":"https:\/\/gpl-love.com\/es\/wp-json\/wp\/v2\/media?parent=121646"}],"wp:term":[{"taxonomy":"product_brand","embeddable":true,"href":"https:\/\/gpl-love.com\/es\/wp-json\/wp\/v2\/product_brand?post=121646"},{"taxonomy":"product_cat","embeddable":true,"href":"https:\/\/gpl-love.com\/es\/wp-json\/wp\/v2\/product_cat?post=121646"},{"taxonomy":"product_tag","embeddable":true,"href":"https:\/\/gpl-love.com\/es\/wp-json\/wp\/v2\/product_tag?post=121646"}],"curies":[{"name":"wp","href":"https:\/\/api.w.org\/{rel}","templated":true}]}}