{"id":121644,"date":"2024-11-17T00:00:00","date_gmt":"2024-11-17T05:00:00","guid":{"rendered":"https:\/\/gpl-love.com\/es\/producto\/woofunnels-order-bumps\/"},"modified":"2026-03-09T08:26:50","modified_gmt":"2026-03-09T13:26:50","slug":"woofunnels-order-bumps","status":"publish","type":"product","link":"https:\/\/gpl-love.com\/es\/producto\/woofunnels-order-bumps\/","title":{"rendered":"WooFunnels Order Bumps 1.24.1"},"content":{"rendered":"<h3>WooFunnels Order Bumps Caracteristicas<\/h3>\n<p>Los baches de pedidos de Woofunnels, una herramienta indispensable para cualquier propietario de negocios en l\u00ednea con el objetivo de mejorar su valor de orden medio, demuestra ser una soluci\u00f3n innovadora que permite la provisi\u00f3n de productos o servicios complementarios como una actualizaci\u00f3n opcional durante el procedimiento de pago. Al adoptar este enfoque, uno logra a los clientes atractivos para comprar m\u00e1s, generando mayores ingresos. Con la ayuda de los baches de orden de Woofunnels, la creaci\u00f3n y personalizaci\u00f3n del golpe de orden ofrece interfaz armoniosamente con la p\u00e1gina de pago existente se vuelve factible sin esfuerzo. Adem\u00e1s, esta herramienta eficaz no requiere competencia de codificaci\u00f3n, lo que la hace f\u00e1cil de usar. Ergo, si uno opera un emporio de comercio electr\u00f3nico o participa en el \u00e1mbito del marketing, la soluci\u00f3n incomparable de los baches de pedidos de Woofunnels sirve como el instrumento ideal para reforzar las ventas de uno y impulsar su empresa a alturas sin precedentes.<\/p>\n<ul>\n<li>Aumenta los ingresos al revelar productos adicionales durante el pago<\/li>\n<li>Aumenta el valor promedio de pedido al sugerir complementos relevantes para los clientes<\/li>\n<li>Plantillas de baches de pedido f\u00e1ciles de configurar y totalmente personalizables<\/li>\n<li>Compatible con todas las principales pasarelas de pago y plataformas de comercio electr\u00f3nico<\/li>\n<li>Proporciona an\u00e1lisis e informes detallados para rastrear el \u00e9xito de sus golpes de pedido<\/li>\n<li>Ofrece una experiencia de pago sin costuras y sin problemas para sus clientes<\/li>\n<li>Le ayuda a mantenerse a la vanguardia de su competencia aumentando el valor de por vida del cliente.<\/li>\n<\/ul>\n","protected":false},"excerpt":{"rendered":"<p>Los baches de pedidos de Woofunnels, una herramienta de venta adicional inmensamente potente, sirve al prop\u00f3sito de aumentar las ventas presentando a los clientes productos complementarios o pertinentes durante el proceso de pago. Cuenta con una amplia gama de opciones de personalizaci\u00f3n, lo que le permite a las ofertas atractivas de moda que resuenan profundamente con su clientela y las convencer de manera efectiva para agregar una gran cantidad de art\u00edculos adicionales a sus carritos de compras. Adem\u00e1s, esta invaluable herramienta se integra perfectamente con WooCommerce y admite numerosas pasarelas de pago, lo que lo convierte en un activo indispensable para cualquier tienda en l\u00ednea que busque elevar sus ingresos. Abrace el poder de los baches de la orden de Woofunnels y presencie un aumento sustancial en sus ganancias financieras.<\/p>\n","protected":false},"featured_media":168323,"comment_status":"open","ping_status":"open","template":"","meta":[],"product_brand":[2606],"product_cat":[1208,1207,1206],"product_tag":[2274],"class_list":{"0":"post-121644","1":"product","2":"type-product","3":"status-publish","4":"has-post-thumbnail","6":"product_brand-funnelkit","7":"product_cat-administracion","8":"product_cat-comercio-electronico-plugins","9":"product_cat-plugins","10":"product_tag-funnelkit","11":"member-discount","12":"discount-restricted","14":"first","15":"instock","16":"sale","17":"downloadable","18":"virtual","19":"sold-individually","20":"purchasable","21":"product-type-simple"},"_links":{"self":[{"href":"https:\/\/gpl-love.com\/es\/wp-json\/wp\/v2\/product\/121644","targetHints":{"allow":["GET"]}}],"collection":[{"href":"https:\/\/gpl-love.com\/es\/wp-json\/wp\/v2\/product"}],"about":[{"href":"https:\/\/gpl-love.com\/es\/wp-json\/wp\/v2\/types\/product"}],"replies":[{"embeddable":true,"href":"https:\/\/gpl-love.com\/es\/wp-json\/wp\/v2\/comments?post=121644"}],"wp:featuredmedia":[{"embeddable":true,"href":"https:\/\/gpl-love.com\/es\/wp-json\/wp\/v2\/media\/168323"}],"wp:attachment":[{"href":"https:\/\/gpl-love.com\/es\/wp-json\/wp\/v2\/media?parent=121644"}],"wp:term":[{"taxonomy":"product_brand","embeddable":true,"href":"https:\/\/gpl-love.com\/es\/wp-json\/wp\/v2\/product_brand?post=121644"},{"taxonomy":"product_cat","embeddable":true,"href":"https:\/\/gpl-love.com\/es\/wp-json\/wp\/v2\/product_cat?post=121644"},{"taxonomy":"product_tag","embeddable":true,"href":"https:\/\/gpl-love.com\/es\/wp-json\/wp\/v2\/product_tag?post=121644"}],"curies":[{"name":"wp","href":"https:\/\/api.w.org\/{rel}","templated":true}]}}