{"id":121642,"date":"2025-12-12T00:00:00","date_gmt":"2025-12-12T05:00:00","guid":{"rendered":"https:\/\/gpl-love.com\/es\/producto\/woofunnels-aero-checkout-para-woocommerce\/"},"modified":"2026-03-13T17:33:11","modified_gmt":"2026-03-13T22:33:11","slug":"woofunnels-aero-checkout-para-woocommerce","status":"publish","type":"product","link":"https:\/\/gpl-love.com\/es\/producto\/woofunnels-aero-checkout-para-woocommerce\/","title":{"rendered":"WooFunnels Aero Checkout Basic para WooCommerce 3.20.0"},"content":{"rendered":"<h3>WooFunnels Aero Checkout Basic para WooCommerce Caracteristicas<\/h3>\n<p>Woofunnels Aero Checkout Basic para WooCommerce se presenta como una soluci\u00f3n potente, que posee la capacidad de establecer una experiencia de pago sin interrupciones y sin interrupciones para sus estimados clientes. Esta soluci\u00f3n abarca una multitud de caracter\u00edsticas, que incluyen, entre otros, un pago de una p\u00e1gina muy conveniente, res\u00famenes de orden instant\u00e1neo que proporcionan una visi\u00f3n general sucinta de la compra, as\u00ed como la capacidad de iniciar ventajas de un solo clic, optimizando as\u00ed el potencial para aumento de ventas. Las extensas opciones de personalizaci\u00f3n que ofrecen este complemento le permiten alinear sin problemas su p\u00e1gina de pago con su identidad de marca distinta. Adem\u00e1s, este complemento le permite eliminar campos superfluos que pueden resultar extra\u00f1os al proceso de compra, al tiempo que le permite incorporar campos personalizados adaptados para recopilar informaci\u00f3n complementaria de su clientela. Adem\u00e1s, esta soluci\u00f3n integral se integra perfectamente con las famosas pasarelas de pago y los estimados proveedores de env\u00edo, simplificando y automatizando todo el proceso transaccional. En \u00faltima instancia, el objetivo general de Woofunnels Aero Checkout Basic para WooCommerce radica en simplificar las complejidades del proceso de pago, mejorando en consecuencia la probabilidad de conversiones exitosas y aumentar los ingresos generados por su estimada tienda en l\u00ednea.<\/p>\n<ul>\n<li>Proceso de pago simplificado para clientes<\/li>\n<li>Mayores tasas de conversi\u00f3n debido a un pago m\u00e1s f\u00e1cil<\/li>\n<li>P\u00e1ginas de pago personalizables para coincidir con la marca de la tienda<\/li>\n<li>Acepta m\u00faltiples opciones de pago que incluyen PayPal y Stripe<\/li>\n<li>Admite ventajas y ventas de un solo clic para aumentar los ingresos<\/li>\n<li>Se integra con las populares plataformas de marketing por correo electr\u00f3nico y CRM<\/li>\n<li>Responsable m\u00f3vil para un pago sin costuras en todos los dispositivos<\/li>\n<li>Instalaci\u00f3n y configuraci\u00f3n r\u00e1pida y f\u00e1cil sin necesidad de codificaci\u00f3n<\/li>\n<li>GDPR y PCI cumplen con las transacciones seguras y la protecci\u00f3n de datos<\/li>\n<li>Actualizado regularmente con nuevas caracter\u00edsticas y mejoras.<\/li>\n<\/ul>\n","protected":false},"excerpt":{"rendered":"<p>Woofunnels Aero Checkout Basic es un complemento extremadamente robusto desarrollado espec\u00edficamente para la plataforma WooCommerce, lo que permite a los usuarios crear un flujo de pago sin esfuerzo que sea perfecto y optimizado, creando as\u00ed una experiencia sin fricci\u00f3n para sus clientes valiosos. Este notable complemento cuenta con una amplia gama de caracter\u00edsticas potentes junto con sus herramientas de dise\u00f1o altamente intuitivas, equipando as\u00ed a los usuarios con el arsenal necesario para optimizar las conversiones y amplificar sus ventas en l\u00ednea. Adem\u00e1s, este complemento ofrece una comodidad incomparable al proporcionar a los usuarios la capacidad de adaptar sin esfuerzo sus p\u00e1ginas de pago para satisfacer sus requisitos espec\u00edficos, integrarse sin problemas con las pasarelas de pago populares y, en \u00faltima instancia, ofrecer una experiencia de pago incomparable que carece de ninguna situaci\u00f3n innecesaria. Independientemente de si usted es una empresa a peque\u00f1a escala o un minorista en l\u00ednea colosal, Woofunnels Aero Checkout Basic es una herramienta indispensable que garantiza optimizar su proceso de pago, lo que posteriormente refuerza sus m\u00e1rgenes de ganancia.<\/p>\n","protected":false},"featured_media":168322,"comment_status":"open","ping_status":"open","template":"","meta":[],"product_brand":[2606],"product_cat":[1208,1207,1206],"product_tag":[2274],"class_list":{"0":"post-121642","1":"product","2":"type-product","3":"status-publish","4":"has-post-thumbnail","6":"product_brand-funnelkit","7":"product_cat-administracion","8":"product_cat-comercio-electronico-plugins","9":"product_cat-plugins","10":"product_tag-funnelkit","11":"member-discount","12":"discount-restricted","14":"first","15":"instock","16":"sale","17":"downloadable","18":"virtual","19":"sold-individually","20":"purchasable","21":"product-type-simple"},"_links":{"self":[{"href":"https:\/\/gpl-love.com\/es\/wp-json\/wp\/v2\/product\/121642","targetHints":{"allow":["GET"]}}],"collection":[{"href":"https:\/\/gpl-love.com\/es\/wp-json\/wp\/v2\/product"}],"about":[{"href":"https:\/\/gpl-love.com\/es\/wp-json\/wp\/v2\/types\/product"}],"replies":[{"embeddable":true,"href":"https:\/\/gpl-love.com\/es\/wp-json\/wp\/v2\/comments?post=121642"}],"wp:featuredmedia":[{"embeddable":true,"href":"https:\/\/gpl-love.com\/es\/wp-json\/wp\/v2\/media\/168322"}],"wp:attachment":[{"href":"https:\/\/gpl-love.com\/es\/wp-json\/wp\/v2\/media?parent=121642"}],"wp:term":[{"taxonomy":"product_brand","embeddable":true,"href":"https:\/\/gpl-love.com\/es\/wp-json\/wp\/v2\/product_brand?post=121642"},{"taxonomy":"product_cat","embeddable":true,"href":"https:\/\/gpl-love.com\/es\/wp-json\/wp\/v2\/product_cat?post=121642"},{"taxonomy":"product_tag","embeddable":true,"href":"https:\/\/gpl-love.com\/es\/wp-json\/wp\/v2\/product_tag?post=121642"}],"curies":[{"name":"wp","href":"https:\/\/api.w.org\/{rel}","templated":true}]}}