{"id":121640,"date":"2026-03-02T00:00:00","date_gmt":"2026-03-02T05:00:00","guid":{"rendered":"https:\/\/gpl-love.com\/es\/producto\/woodmart-responsive-woocommerce-wordpress-theme\/"},"modified":"2026-03-13T17:33:09","modified_gmt":"2026-03-13T22:33:09","slug":"woodmart-responsive-woocommerce-wordpress-theme","status":"publish","type":"product","link":"https:\/\/gpl-love.com\/es\/producto\/woodmart-responsive-woocommerce-wordpress-theme\/","title":{"rendered":"WoodMart Responsive WooCommerce WordPress Theme 8.4.1"},"content":{"rendered":"<h3>WoodMart Responsive WooCommerce WordPress Theme Caracteristicas<\/h3>\n<p>El tema de WordPress de Woodmart Responsive WooCommerce es un tema de WordPress de comercio electr\u00f3nico altamente adaptable y elegante que ha sido dise\u00f1ado espec\u00edficamente para empresas que buscan establecer una tienda en l\u00ednea pr\u00f3spera. Este tema extraordinario abarca una gran cantidad de caracter\u00edsticas notables, como un dise\u00f1o totalmente receptivo, una multitud de dise\u00f1os de p\u00e1gina de inicio para elegir, opciones de personalizaci\u00f3n robustas, as\u00ed como un constructor de p\u00e1ginas de arrastre intuitivo que simplifica el proceso de crear un visual. Sitio web impresionante. Con la ayuda de Woodmart, los propietarios de sitios web pueden vender sin esfuerzo sus productos en l\u00ednea, curar a los cat\u00e1logos de productos cautivadores y administrar efectivamente pedidos y pagos. Adem\u00e1s, este tema excepcional se integra perfectamente con WooCommerce, que resulta ser una de las plataformas de comercio electr\u00f3nico m\u00e1s aclamadas en Internet, lo que facilita el establecimiento r\u00e1pido y eficiente de una tienda en l\u00ednea. Independientemente de si usted es un ne\u00f3fito o un minorista en l\u00ednea experimentado, Woodmart sin duda sirve como una opci\u00f3n impecable para cualquier persona que se esfuerce por establecer una tienda en l\u00ednea pulida y centrada en el usuario.<\/p>\n<ul>\n<li>Tema de WordPress de WooCommerce de alta calidad<\/li>\n<li>Dise\u00f1o totalmente receptivo para garantizar la compatibilidad m\u00f3vil<\/li>\n<li>Dise\u00f1o limpio y moderno con opciones de color ilimitadas<\/li>\n<li>Compatible con todos los principales navegadores para una experiencia de usuario perfecta<\/li>\n<li>Potente panel de administraci\u00f3n para personalizar el dise\u00f1o y la funcionalidad de su sitio<\/li>\n<li>Vista r\u00e1pida y funcionalidad de la lista de deseos para mayor comodidad<\/li>\n<li>M\u00faltiples dise\u00f1os de productos y tipos de publicaci\u00f3n personalizados para opciones de visualizaci\u00f3n vers\u00e1tiles<\/li>\n<li>Documentaci\u00f3n extensa y soporte dedicado para garantizar una configuraci\u00f3n y uso sin problemas<\/li>\n<li>M\u00faltiples estilos de encabezado y dise\u00f1os para opciones de personalizaci\u00f3n adicionales<\/li>\n<li>Integraci\u00f3n con complementos populares como Slider Revolution y Forma de contacto &#8211;<\/li>\n<\/ul>\n","protected":false},"excerpt":{"rendered":"<p>Prep\u00e1rese para ingresar un reino completamente nuevo de compras en l\u00ednea y sum\u00e9rjase en el exquisito reino del tema de WordPress de Woodmart Responsive WooCommerce. Este tema excepcional y de primer nivel le presenta un dise\u00f1o visualmente impresionante y altamente receptivo que se ajusta y se ajusta sin esfuerzo a cualquier tama\u00f1o o dispositivo de pantalla, lo que garantiza una experiencia de compra incomparable y verdaderamente \u00f3ptima para sus estimados clientes. Completo con una amplia gama de opciones de personalizaci\u00f3n y una interfaz incre\u00edblemente f\u00e1cil de usar, elaborar una tienda en l\u00ednea \u00fanica y personalizada que refleje perfectamente la identidad \u00fanica de su marca nunca ha sido m\u00e1s f\u00e1cil. Adem\u00e1s, con su notable y perfecta integraci\u00f3n con la poderosa plataforma de WooCommerce, Woodmart le permite administrar sin esfuerzo y eficientemente todos los aspectos de sus productos, pedidos y pagos. Entonces, \u00bfpor qu\u00e9 esperar por m\u00e1s tiempo? Eleve sus cifras de ventas y lleve su compromiso de clientes a alturas nuevas y sin precedentes adoptando el extraordinario potencial de Woodmart hoy.<\/p>\n","protected":false},"featured_media":168318,"comment_status":"open","ping_status":"open","template":"","meta":[],"product_brand":[2337],"product_cat":[1263,1264,1237],"product_tag":[1391],"class_list":{"0":"post-121640","1":"product","2":"type-product","3":"status-publish","4":"has-post-thumbnail","6":"product_brand-themeforest","7":"product_cat-comercio-electronico-temas","8":"product_cat-negocio","9":"product_cat-temas","10":"product_tag-themeforest","11":"member-discount","12":"discount-restricted","14":"first","15":"instock","16":"sale","17":"downloadable","18":"virtual","19":"sold-individually","20":"purchasable","21":"product-type-simple"},"_links":{"self":[{"href":"https:\/\/gpl-love.com\/es\/wp-json\/wp\/v2\/product\/121640","targetHints":{"allow":["GET"]}}],"collection":[{"href":"https:\/\/gpl-love.com\/es\/wp-json\/wp\/v2\/product"}],"about":[{"href":"https:\/\/gpl-love.com\/es\/wp-json\/wp\/v2\/types\/product"}],"replies":[{"embeddable":true,"href":"https:\/\/gpl-love.com\/es\/wp-json\/wp\/v2\/comments?post=121640"}],"wp:featuredmedia":[{"embeddable":true,"href":"https:\/\/gpl-love.com\/es\/wp-json\/wp\/v2\/media\/168318"}],"wp:attachment":[{"href":"https:\/\/gpl-love.com\/es\/wp-json\/wp\/v2\/media?parent=121640"}],"wp:term":[{"taxonomy":"product_brand","embeddable":true,"href":"https:\/\/gpl-love.com\/es\/wp-json\/wp\/v2\/product_brand?post=121640"},{"taxonomy":"product_cat","embeddable":true,"href":"https:\/\/gpl-love.com\/es\/wp-json\/wp\/v2\/product_cat?post=121640"},{"taxonomy":"product_tag","embeddable":true,"href":"https:\/\/gpl-love.com\/es\/wp-json\/wp\/v2\/product_tag?post=121640"}],"curies":[{"name":"wp","href":"https:\/\/api.w.org\/{rel}","templated":true}]}}