{"id":121638,"date":"2026-04-18T00:00:00","date_gmt":"2026-04-18T05:00:00","guid":{"rendered":"https:\/\/gpl-love.com\/es\/producto\/woocommerce-zapier\/"},"modified":"2026-04-18T17:16:52","modified_gmt":"2026-04-18T22:16:52","slug":"woocommerce-zapier","status":"publish","type":"product","link":"https:\/\/gpl-love.com\/es\/producto\/woocommerce-zapier\/","title":{"rendered":"WooCommerce Zapier 2.20.0"},"content":{"rendered":"<h3>WooCommerce Zapier Caracteristicas<\/h3>\n<p>WooCommerce Zapier, una herramienta de integraci\u00f3n incre\u00edblemente robusta, sirve como un conducto que cierra de manera efectiva la brecha entre su tienda en l\u00ednea y una impresionante biblioteca de m\u00e1s de 2,000 aplicaciones y servicios. A trav\u00e9s de la utilizaci\u00f3n de este notable complemento, posee la capacidad incomparable para mecanizar sus flujos de trabajo y optimizar sus procesos comerciales, transfiriendo datos sin esfuerzo entre WooCommerce y una innumerable otras plataformas de una manera automatizada. Esto abarca una extensa gama de tareas que ahora se pueden ejecutar con la mayor facilidad, incluida la creaci\u00f3n de \u00f3rdenes novedosas, la sincronizaci\u00f3n de la informaci\u00f3n del cliente y la actualizaci\u00f3n de los niveles de inventario. La gran amplitud de las posibilidades ofrecidas por WooCommerce Zapier es realmente ilimitada, lo que le permite aumentar su productividad y fomentar el crecimiento exponencial de su empresa, todo sin la agitaci\u00f3n de la entrada de la entrada de datos manuales. Independientemente de si preside un establecimiento diminuto a peque\u00f1a escala o una entidad ilustre que opera en el pin\u00e1culo de los estratos corporativos, la adquisici\u00f3n de esta herramienta de integraci\u00f3n indispensable es un imperativo absoluto para cualquier persona que busque la optimizaci\u00f3n de la eficacia operativa de su tienda en l\u00ednea.<\/p>\n<ul>\n<li>Conecte su tienda WooCommerce a m\u00e1s de 2,000 aplicaciones a trav\u00e9s de Zapier<\/li>\n<li>Automatiza a la perfecci\u00f3n los flujos de trabajo entre WooCommerce y otras aplicaciones<\/li>\n<li>Le ahorra tiempo y esfuerzo reduciendo la entrada de datos manuales y las tareas repetitivas<\/li>\n<li>Le permite automatizar sus procesos de ventas, marketing y servicio al cliente<\/li>\n<li>Proporciona una amplia gama de opciones de integraci\u00f3n, que incluyen marketing por correo electr\u00f3nico, CRM, contabilidad y m\u00e1s<\/li>\n<li>Le permite crear flujos de trabajo personalizados que coincidan con sus necesidades comerciales \u00fanicas<\/li>\n<li>Ofrece una interfaz f\u00e1cil de usar que facilita la configuraci\u00f3n y administra sus integraciones Zapier<\/li>\n<li>Aumenta la productividad y la eficiencia de su tienda al racionalizar sus flujos de trabajo<\/li>\n<li>Proporciona actualizaciones de datos en tiempo real y sincronizaci\u00f3n entre su tienda WooCommerce y otras aplicaciones<\/li>\n<li>Ofrece informes y an\u00e1lisis robustos para ayudarlo a rastrear su rendimiento de ventas y marketing.<\/li>\n<\/ul>\n","protected":false},"excerpt":{"rendered":"<p>WooCommerce Zapier, una herramienta de integraci\u00f3n robusta, ofrece la oportunidad de establecer una conexi\u00f3n entre su tienda WooCommerce y una gran cantidad de otras aplicaciones y servicios. Al utilizar Zapier, tiene la capacidad de automatizar su flujo de trabajo, lo que resulta en un tiempo ahorrado y la creaci\u00f3n de flujos de trabajo personalizados entre WooCommerce y varias aplicaciones como Google Sheets, Slack, MailChimp y muchos m\u00e1s. Ya sea que su objetivo sea optimizar el procesamiento de pedidos, mejorar la gesti\u00f3n de inventario u optimizar la gesti\u00f3n de la relaci\u00f3n con el cliente, WooCommerce Zapier simplifica el proceso de generar potentes automatizaciones sin requerir ninguna experiencia de codificaci\u00f3n. En consecuencia, al utilizar WooCommerce Zapier, puede racionalizar sus operaciones de comercio electr\u00f3nico, lo que le permite priorizar la expansi\u00f3n de su negocio.<\/p>\n","protected":false},"featured_media":168316,"comment_status":"open","ping_status":"open","template":"","meta":[],"product_brand":[2344],"product_cat":[1208,1207,1206],"product_tag":[1423],"class_list":{"0":"post-121638","1":"product","2":"type-product","3":"status-publish","4":"has-post-thumbnail","6":"product_brand-woocommerce","7":"product_cat-administracion","8":"product_cat-comercio-electronico-plugins","9":"product_cat-plugins","10":"product_tag-woocommerce","11":"member-discount","12":"discount-restricted","14":"first","15":"instock","16":"sale","17":"downloadable","18":"virtual","19":"sold-individually","20":"purchasable","21":"product-type-simple"},"_links":{"self":[{"href":"https:\/\/gpl-love.com\/es\/wp-json\/wp\/v2\/product\/121638","targetHints":{"allow":["GET"]}}],"collection":[{"href":"https:\/\/gpl-love.com\/es\/wp-json\/wp\/v2\/product"}],"about":[{"href":"https:\/\/gpl-love.com\/es\/wp-json\/wp\/v2\/types\/product"}],"replies":[{"embeddable":true,"href":"https:\/\/gpl-love.com\/es\/wp-json\/wp\/v2\/comments?post=121638"}],"wp:featuredmedia":[{"embeddable":true,"href":"https:\/\/gpl-love.com\/es\/wp-json\/wp\/v2\/media\/168316"}],"wp:attachment":[{"href":"https:\/\/gpl-love.com\/es\/wp-json\/wp\/v2\/media?parent=121638"}],"wp:term":[{"taxonomy":"product_brand","embeddable":true,"href":"https:\/\/gpl-love.com\/es\/wp-json\/wp\/v2\/product_brand?post=121638"},{"taxonomy":"product_cat","embeddable":true,"href":"https:\/\/gpl-love.com\/es\/wp-json\/wp\/v2\/product_cat?post=121638"},{"taxonomy":"product_tag","embeddable":true,"href":"https:\/\/gpl-love.com\/es\/wp-json\/wp\/v2\/product_tag?post=121638"}],"curies":[{"name":"wp","href":"https:\/\/api.w.org\/{rel}","templated":true}]}}