{"id":121636,"date":"2026-03-18T00:00:00","date_gmt":"2026-03-18T05:00:00","guid":{"rendered":"https:\/\/gpl-love.com\/es\/producto\/woocommerce-wishlists\/"},"modified":"2026-03-18T23:16:37","modified_gmt":"2026-03-19T04:16:37","slug":"woocommerce-wishlists","status":"publish","type":"product","link":"https:\/\/gpl-love.com\/es\/producto\/woocommerce-wishlists\/","title":{"rendered":"WooCommerce Wishlists 2.3.14"},"content":{"rendered":"<h3>WooCommerce Wishlists Caracteristicas<\/h3>\n<p>Las listas de deseos de WooCommerce, un complemento muy potente, presenta la capacidad de que los clientes creen y administren efectivamente listas de deseos en su escaparate virtual. Este complemento cuenta con una interfaz simplificada y f\u00e1cil de usar, que facilita la adici\u00f3n sin esfuerzo, la eliminaci\u00f3n y la organizaci\u00f3n de art\u00edculos dentro de la lista de deseos de un cliente. Por medio de la opci\u00f3n de compartir estas listas de deseos a trav\u00e9s de plataformas de redes sociales y correo electr\u00f3nico, las personas pueden difundir sin esfuerzo sus productos deseados entre sus conocidos y seres queridos. En consecuencia, esta caracter\u00edstica sirve para aumentar las ventas y la retenci\u00f3n de clientes, ya que los clientes pueden revisar convenientemente su lista de deseos y finalizar su transacci\u00f3n en una coyuntura posterior. Adem\u00e1s, este complemento proporciona alternativas de personalizaci\u00f3n avanzadas, como la aptitud para generar m\u00faltiples listas de deseos, establecer una lista de deseos predeterminada y permitir a los clientes agregar anotaciones a sus art\u00edculos deseados. En esencia, las listas de deseos de WooCommerce se destacan como un complemento indispensable para cualquier emporio basado en la web que busque refinar la experiencia del cliente y refuerza las cifras de ventas.<\/p>\n<ul>\n<li>Crear y administrar f\u00e1cilmente listas de deseos para su tienda WooCommerce<\/li>\n<li>Permitir a los clientes ahorrar y compartir sus productos favoritos con amigos y familiares.<\/li>\n<li>Aumentar la participaci\u00f3n y la lealtad del cliente al proporcionar una experiencia de compra personalizada<\/li>\n<li>Configuraci\u00f3n de lista de deseos personalizable para adaptarse a las necesidades de su tienda<\/li>\n<li>Rastrear y analizar la actividad de la lista de deseos para obtener informaci\u00f3n valiosa<\/li>\n<li>Alentar a los clientes a devolver y realizar compras enviando notificaciones y recordatorios oportunos<\/li>\n<li>Aumentar las tasas de conversi\u00f3n destacando productos populares y de tendencia en listas de deseos<\/li>\n<li>Integre a la perfecci\u00f3n con las populares herramientas de marketing por correo electr\u00f3nico para promociones y ofertas espec\u00edficas.<\/li>\n<\/ul>\n","protected":false},"excerpt":{"rendered":"<p>Las listas de deseos de WooCommerce sirven como una herramienta excepcionalmente potente, capacitando a los clientes para generar, supervisar y distribuir sus listas de deseos meticulosamente seleccionadas. Su notable eficacia lo hace particularmente ventajoso que los comerciantes digitales albergan aspiraciones de aumentar el compromiso y reforzar las cifras de ventas al inculcar un mayor sentido de personalizaci\u00f3n dentro de su interfaz de compra. Este ingenioso complemento facilita la adici\u00f3n perfecta de productos codiciados a las listas de deseos de los clientes, modificaciones posteriores y intercambio f\u00e1cil con conocidos y parientes. Adem\u00e1s, cuenta con una variedad de sofisticadas opciones de personalizaci\u00f3n, lo que lo permite a adaptar impecablemente el atractivo est\u00e9tico de su p\u00e1gina de la lista de deseos para alinearse sin problemas con su identidad de marca, que van desde dise\u00f1os meticulosamente dise\u00f1ados, una paleta diversa de tonos vibrantes, para elegir elementos tiploqueos. Por lo tanto, esta notable herramienta surge como la soluci\u00f3n por excelencia para cualquier empresa de comercio electr\u00f3nico que anhela elevar la experiencia general del cliente y dirigir sus esfuerzos comerciales hacia un cenit de \u00e9xito sin precedentes.<\/p>\n","protected":false},"featured_media":168311,"comment_status":"open","ping_status":"open","template":"","meta":[],"product_brand":[2344],"product_cat":[1208,1207,1206],"product_tag":[1423],"class_list":{"0":"post-121636","1":"product","2":"type-product","3":"status-publish","4":"has-post-thumbnail","6":"product_brand-woocommerce","7":"product_cat-administracion","8":"product_cat-comercio-electronico-plugins","9":"product_cat-plugins","10":"product_tag-woocommerce","11":"member-discount","12":"discount-restricted","14":"first","15":"instock","16":"sale","17":"downloadable","18":"virtual","19":"sold-individually","20":"purchasable","21":"product-type-simple"},"_links":{"self":[{"href":"https:\/\/gpl-love.com\/es\/wp-json\/wp\/v2\/product\/121636","targetHints":{"allow":["GET"]}}],"collection":[{"href":"https:\/\/gpl-love.com\/es\/wp-json\/wp\/v2\/product"}],"about":[{"href":"https:\/\/gpl-love.com\/es\/wp-json\/wp\/v2\/types\/product"}],"replies":[{"embeddable":true,"href":"https:\/\/gpl-love.com\/es\/wp-json\/wp\/v2\/comments?post=121636"}],"wp:featuredmedia":[{"embeddable":true,"href":"https:\/\/gpl-love.com\/es\/wp-json\/wp\/v2\/media\/168311"}],"wp:attachment":[{"href":"https:\/\/gpl-love.com\/es\/wp-json\/wp\/v2\/media?parent=121636"}],"wp:term":[{"taxonomy":"product_brand","embeddable":true,"href":"https:\/\/gpl-love.com\/es\/wp-json\/wp\/v2\/product_brand?post=121636"},{"taxonomy":"product_cat","embeddable":true,"href":"https:\/\/gpl-love.com\/es\/wp-json\/wp\/v2\/product_cat?post=121636"},{"taxonomy":"product_tag","embeddable":true,"href":"https:\/\/gpl-love.com\/es\/wp-json\/wp\/v2\/product_tag?post=121636"}],"curies":[{"name":"wp","href":"https:\/\/api.w.org\/{rel}","templated":true}]}}