{"id":121634,"date":"2025-05-01T00:00:00","date_gmt":"2025-05-01T05:00:00","guid":{"rendered":"https:\/\/gpl-love.com\/es\/producto\/woocommerce-waitlist\/"},"modified":"2026-03-09T08:26:27","modified_gmt":"2026-03-09T13:26:27","slug":"woocommerce-waitlist","status":"publish","type":"product","link":"https:\/\/gpl-love.com\/es\/producto\/woocommerce-waitlist\/","title":{"rendered":"WooCommerce Waitlist 2.5.0"},"content":{"rendered":"<h3>WooCommerce Waitlist Caracteristicas<\/h3>\n<p>El complemento WooCommerce Waitlist es una herramienta excepcional para los propietarios de tiendas en l\u00ednea que buscan manejar y supervisar de manera efectiva las listas de espera de los clientes para productos que actualmente no est\u00e1n disponibles. Al implementar este complemento, se vuelve sin esfuerzo para los clientes inscribirse en una lista de espera para su codiciado producto, mientras que los propietarios de tiendas est\u00e1n equipados con la capacidad de monitorear y administrar estas listas de espera. Con la integraci\u00f3n de la lista de espera de WooCommerce, a los clientes se les otorga el privilegio de recibir notificaciones r\u00e1pidas sobre la disponibilidad eventual del producto, lo que brinda a los propietarios de tiendas una mayor comprensi\u00f3n de la demanda de los clientes para su mercanc\u00eda. \u00a1Sin lugar a dudas, este complemento es una necesidad absoluta para cualquier establecimiento de comercio electr\u00f3nico que aspira a elevar la satisfacci\u00f3n del cliente y aumentar las ventas!<\/p>\n<ul>\n<li>Permite a los clientes registrarse para obtener una lista de espera para productos de inicio o pr\u00f3xima<\/li>\n<li>Env\u00eda notificaciones autom\u00e1ticas a los clientes cuando el producto est\u00e1 disponible<\/li>\n<li>Se integra a la perfecci\u00f3n con WooCommerce, manteniendo todos los datos y pedidos del cliente en un solo lugar<\/li>\n<li>F\u00e1cil de configurar y personalizar para adaptarse a su marca<\/li>\n<li>Puede ayudar a aumentar la participaci\u00f3n y la lealtad del cliente manteni\u00e9ndolos informados sobre la disponibilidad del producto<\/li>\n<li>Excelente manera de medir la demanda de nuevos productos antes de que sean lanzados<\/li>\n<li>Se puede utilizar para pedidos anticipados, lo que permite a los clientes reservar productos antes de que est\u00e9n oficialmente a la venta<\/li>\n<li>Ayuda a reducir la frustraci\u00f3n y las quejas de los clientes interesados \u200b\u200ben sus productos, pero que no pueden comprarlos de inmediato.<\/li>\n<\/ul>\n","protected":false},"excerpt":{"rendered":"<p>El complemento WooCommerce Waillist es una herramienta incre\u00edblemente robusta y eficiente dise\u00f1ada para ayudar a administrar efectivamente la demanda de los clientes de productos que actualmente est\u00e1n agotados. Al capturar perfectamente posibles clientes potenciales, este complemento permite a los usuarios suscribirse a una lista de espera espec\u00edficamente adaptada a productos fuera de existencia, notific\u00e1ndoles posteriormente por correo electr\u00f3nico una vez que los art\u00edculos codiciados se reponen y est\u00e1n disponibles una vez m\u00e1s. Demostrando su simplicidad y efectividad, esta herramienta indispensable sirve como un m\u00e9todo a prueba de fallas para garantizar que ninguna venta potencial se deslice a trav\u00e9s de las grietas, al tiempo que fomenta la satisfacci\u00f3n del cliente simult\u00e1neamente al informarles de inmediato cu\u00e1ndo sus productos deseados est\u00e1n listos para la compra. Con su compatibilidad perfecta con todos los temas de WooCommerce, el complemento de la lista de espera de WooCommerce definitivamente gana su lugar como un activo esencial para cualquier propietario de la tienda de comercio electr\u00f3nico m\u00e1s exigente.<\/p>\n","protected":false},"featured_media":168306,"comment_status":"open","ping_status":"open","template":"","meta":[],"product_brand":[2344],"product_cat":[1208,1207,1206],"product_tag":[1423],"class_list":{"0":"post-121634","1":"product","2":"type-product","3":"status-publish","4":"has-post-thumbnail","6":"product_brand-woocommerce","7":"product_cat-administracion","8":"product_cat-comercio-electronico-plugins","9":"product_cat-plugins","10":"product_tag-woocommerce","11":"member-discount","12":"discount-restricted","14":"first","15":"instock","16":"sale","17":"downloadable","18":"virtual","19":"sold-individually","20":"purchasable","21":"product-type-simple"},"_links":{"self":[{"href":"https:\/\/gpl-love.com\/es\/wp-json\/wp\/v2\/product\/121634","targetHints":{"allow":["GET"]}}],"collection":[{"href":"https:\/\/gpl-love.com\/es\/wp-json\/wp\/v2\/product"}],"about":[{"href":"https:\/\/gpl-love.com\/es\/wp-json\/wp\/v2\/types\/product"}],"replies":[{"embeddable":true,"href":"https:\/\/gpl-love.com\/es\/wp-json\/wp\/v2\/comments?post=121634"}],"wp:featuredmedia":[{"embeddable":true,"href":"https:\/\/gpl-love.com\/es\/wp-json\/wp\/v2\/media\/168306"}],"wp:attachment":[{"href":"https:\/\/gpl-love.com\/es\/wp-json\/wp\/v2\/media?parent=121634"}],"wp:term":[{"taxonomy":"product_brand","embeddable":true,"href":"https:\/\/gpl-love.com\/es\/wp-json\/wp\/v2\/product_brand?post=121634"},{"taxonomy":"product_cat","embeddable":true,"href":"https:\/\/gpl-love.com\/es\/wp-json\/wp\/v2\/product_cat?post=121634"},{"taxonomy":"product_tag","embeddable":true,"href":"https:\/\/gpl-love.com\/es\/wp-json\/wp\/v2\/product_tag?post=121634"}],"curies":[{"name":"wp","href":"https:\/\/api.w.org\/{rel}","templated":true}]}}