{"id":121632,"date":"2021-02-09T00:00:00","date_gmt":"2021-02-09T05:00:00","guid":{"rendered":"https:\/\/gpl-love.com\/es\/producto\/woocommerce-usa-epay\/"},"modified":"2026-03-09T08:26:17","modified_gmt":"2026-03-09T13:26:17","slug":"woocommerce-usa-epay","status":"publish","type":"product","link":"https:\/\/gpl-love.com\/es\/producto\/woocommerce-usa-epay\/","title":{"rendered":"WooCommerce USA ePay 2.1.7"},"content":{"rendered":"<h3>WooCommerce USA ePay Caracteristicas<\/h3>\n<p>WooCommerce USA Epay, un complemento de pasarela de pago dise\u00f1ado espec\u00edficamente para sitios web de comercio electr\u00f3nico que utiliza la plataforma WooCommerce, sirve como un medio eficiente para que las empresas en l\u00ednea acepten f\u00e1cilmente pagos de sus clientes dentro de los Estados Unidos. Al aprovechar este complemento, estas empresas obtienen acceso a un sistema de procesamiento de pagos seguro y confiable que garantiza la seguridad y la confiabilidad de sus transacciones financieras. Aprovechando WooCommerce USA Epay, los comerciantes pueden integrar sin problemas sus tiendas en l\u00ednea con una amplia gama de m\u00e9todos de pago que abarcan tarjetas de cr\u00e9dito, tarjetas de d\u00e9bito y verificaciones electr\u00f3nicas. Este complemento no solo cuenta con una interfaz f\u00e1cil de usar que facilita la configuraci\u00f3n sin esfuerzo y la supervisi\u00f3n de las opciones de pago, sino que tambi\u00e9n sirve como una herramienta indispensable para cualquier negocio en l\u00ednea que se esfuerce por proporcionar a sus clientes una experiencia de pago impecablemente fluida y sin problemas.<\/p>\n<ul>\n<li>Permite a los clientes consultar de forma segura y f\u00e1cilmente con sus tarjetas de cr\u00e9dito o d\u00e9bito.<\/li>\n<li>Se integra a la perfecci\u00f3n con su tienda en l\u00ednea de WooCommerce<\/li>\n<li>Admite varios tipos de pago que incluyen Visa, MasterCard, Discover y American Express<\/li>\n<li>Ofrece caracter\u00edsticas avanzadas de protecci\u00f3n y seguridad de fraude<\/li>\n<li>Proporciona actualizaciones autom\u00e1ticas de pagos y informes de transacciones<\/li>\n<li>No hay tarifas mensuales o costos de configuraci\u00f3n<\/li>\n<li>Pasarela de pago que cumple con PCI<\/li>\n<li>Ofrece soporte multi-monedas<\/li>\n<li>Permite a los clientes ahorrar su informaci\u00f3n de pago para futuras compras<\/li>\n<li>Proporciona un procesamiento de pago r\u00e1pido y eficiente con velocidades de transacci\u00f3n r\u00e1pidas.<\/li>\n<\/ul>\n","protected":false},"excerpt":{"rendered":"<p>WooCommerce USA Epay sirve como una soluci\u00f3n de pasarela de pago impecable, meticulosamente elaborada para asimilarse sin problemas con su tienda de WooCommerce. Al utilizar esta soluci\u00f3n, sus estimados clientes reciben el privilegio de realizar pagos seguros y convenientes a trav\u00e9s de tarjetas de cr\u00e9dito o d\u00e9bito, junto con billeteras digitales como Apple Pay y Google Pay. Adem\u00e1s, la Epay de WooCommerce de WooCommerce multifac\u00e9tica muestra mecanismos de detecci\u00f3n y protecci\u00f3n de fraude de vanguardia, salvaguardando diligentemente sus transacciones con la m\u00e1xima certeza. Con un proceso de configuraci\u00f3n f\u00e1cil de usar y la capacidad de adaptar las opciones de pago a sus requisitos espec\u00edficos, WooCommerce USA Epay, sin duda, reina suprema como la pasarela de pago por excelencia para cualquier minorista en l\u00ednea exigente.<\/p>\n","protected":false},"featured_media":168298,"comment_status":"open","ping_status":"open","template":"","meta":[],"product_brand":[2344],"product_cat":[1207,1426,1206],"product_tag":[1423],"class_list":{"0":"post-121632","1":"product","2":"type-product","3":"status-publish","4":"has-post-thumbnail","6":"product_brand-woocommerce","7":"product_cat-comercio-electronico-plugins","8":"product_cat-pago-comercio-electronico-plugins","9":"product_cat-plugins","10":"product_tag-woocommerce","11":"member-discount","12":"discount-restricted","14":"first","15":"instock","16":"sale","17":"downloadable","18":"virtual","19":"sold-individually","20":"purchasable","21":"product-type-simple"},"_links":{"self":[{"href":"https:\/\/gpl-love.com\/es\/wp-json\/wp\/v2\/product\/121632","targetHints":{"allow":["GET"]}}],"collection":[{"href":"https:\/\/gpl-love.com\/es\/wp-json\/wp\/v2\/product"}],"about":[{"href":"https:\/\/gpl-love.com\/es\/wp-json\/wp\/v2\/types\/product"}],"replies":[{"embeddable":true,"href":"https:\/\/gpl-love.com\/es\/wp-json\/wp\/v2\/comments?post=121632"}],"wp:featuredmedia":[{"embeddable":true,"href":"https:\/\/gpl-love.com\/es\/wp-json\/wp\/v2\/media\/168298"}],"wp:attachment":[{"href":"https:\/\/gpl-love.com\/es\/wp-json\/wp\/v2\/media?parent=121632"}],"wp:term":[{"taxonomy":"product_brand","embeddable":true,"href":"https:\/\/gpl-love.com\/es\/wp-json\/wp\/v2\/product_brand?post=121632"},{"taxonomy":"product_cat","embeddable":true,"href":"https:\/\/gpl-love.com\/es\/wp-json\/wp\/v2\/product_cat?post=121632"},{"taxonomy":"product_tag","embeddable":true,"href":"https:\/\/gpl-love.com\/es\/wp-json\/wp\/v2\/product_tag?post=121632"}],"curies":[{"name":"wp","href":"https:\/\/api.w.org\/{rel}","templated":true}]}}