{"id":121630,"date":"2025-06-16T00:00:00","date_gmt":"2025-06-16T05:00:00","guid":{"rendered":"https:\/\/gpl-love.com\/es\/producto\/woocommerce-url-coupons\/"},"modified":"2026-03-09T08:26:15","modified_gmt":"2026-03-09T13:26:15","slug":"woocommerce-url-coupons","status":"publish","type":"product","link":"https:\/\/gpl-love.com\/es\/producto\/woocommerce-url-coupons\/","title":{"rendered":"WooCommerce URL Coupons 2.16.1"},"content":{"rendered":"<h3>WooCommerce URL Coupons Caracteristicas<\/h3>\n<p>El complemento de cupones de URL de WooCommerce sirve como una herramienta muy ventajosa para los propietarios de tiendas en l\u00ednea, otorg\u00e1ndoles la capacidad de fabricar c\u00f3digos de cup\u00f3n que son \u00fanicos y adaptados a las preferencias y necesidades de su estimada clientela. Mediante este potente instrumento, las empresas pueden producir c\u00f3digos de cup\u00f3n sin esfuerzo, cada uno de los cuales posee su propia URL distintiva. Estos c\u00f3digos se pueden difundir convenientemente entre el p\u00fablico objetivo designado a trav\u00e9s de medios como correo electr\u00f3nico, plataformas de redes sociales u otros canales de marketing. Significativamente, este complemento proporciona a los propietarios de tiendas la invaluable capacidad para analizar y analizar meticulosamente la eficacia de sus cupones. Precisamente, pueden monitorear astutamente la cantidad de clics y conversiones, lo que les permite modificar y refinar h\u00e1bilmente sus estrategias de marketing de acuerdo con las ideas obtenidas a trav\u00e9s de estas observaciones. Evidentemente, se ha demostrado que el complemento de cupones de URL de WooCommerce es un recurso indispensable para las empresas, ya que aumenta efectivamente la participaci\u00f3n y la lealtad del cliente al otorgarles una serie de descuentos exclusivos y hechos a medida, enriqueciendo significativamente su experiencia general de compra.<\/p>\n<ul>\n<li>Capacidad para aplicar descuentos a URL espec\u00edficas en su tienda WooCommerce<\/li>\n<li>Proceso de configuraci\u00f3n f\u00e1cil e interfaz f\u00e1cil de usar<\/li>\n<li>Compatible con todas las versiones de WooCommerce<\/li>\n<li>Los descuentos espec\u00edficos ayudan a aumentar las conversiones e impulsar el tr\u00e1fico a p\u00e1ginas espec\u00edficas<\/li>\n<li>Personalizar c\u00f3digos de cup\u00f3n para que coincidan con sus estrategias de marketing y marketing<\/li>\n<li>No se requiere codificaci\u00f3n, por lo que es accesible para todos los niveles de especializaci\u00f3n.<\/li>\n<li>Crea un sentido de exclusividad y urgencia para los clientes que visitan URL espec\u00edficas<\/li>\n<li>Aumenta la lealtad del cliente a trav\u00e9s de descuentos y promociones personalizadas.<\/li>\n<\/ul>\n","protected":false},"excerpt":{"rendered":"<p>Los cupones de la URL de WooCommerce poseen capacidades notables como una herramienta formidable, lo que permite la generaci\u00f3n de c\u00f3digos de cup\u00f3n distintivos dedicados a productos u pedidos particulares. Este complemento le permite elaborar promociones meticulosamente adaptadas para sus estimados clientes a trav\u00e9s de la utilizaci\u00f3n de una URL personalizada que, al acceder, implementa sin esfuerzo el descuento designado durante el proceso de pago. La simplicidad y la facilidad de uso de este complemento no tienen paralelo, ya que efectivamente contribuye a un nivel elevado de participaci\u00f3n del cliente y lealtad firme, amplificando as\u00ed efectivamente sus cifras de ventas. Adem\u00e1s, su compatibilidad perfecta con WooCommerce garantiza una integraci\u00f3n armoniosa con su tienda en l\u00ednea, acentuando as\u00ed m\u00e1s su eficiencia. \u00a1Abrace las ventajas m\u00faltiples que se le otorgan cupones de URL de WooCommerce y comienzan a atraer una base de consumidores m\u00e1s amplia sin demora!<\/p>\n","protected":false},"featured_media":168297,"comment_status":"open","ping_status":"open","template":"","meta":[],"product_brand":[2344],"product_cat":[1207,1225,1206],"product_tag":[1423],"class_list":{"0":"post-121630","1":"product","2":"type-product","3":"status-publish","4":"has-post-thumbnail","6":"product_brand-woocommerce","7":"product_cat-comercio-electronico-plugins","8":"product_cat-marketing","9":"product_cat-plugins","10":"product_tag-woocommerce","11":"member-discount","12":"discount-restricted","14":"first","15":"instock","16":"sale","17":"downloadable","18":"virtual","19":"sold-individually","20":"purchasable","21":"product-type-simple"},"_links":{"self":[{"href":"https:\/\/gpl-love.com\/es\/wp-json\/wp\/v2\/product\/121630","targetHints":{"allow":["GET"]}}],"collection":[{"href":"https:\/\/gpl-love.com\/es\/wp-json\/wp\/v2\/product"}],"about":[{"href":"https:\/\/gpl-love.com\/es\/wp-json\/wp\/v2\/types\/product"}],"replies":[{"embeddable":true,"href":"https:\/\/gpl-love.com\/es\/wp-json\/wp\/v2\/comments?post=121630"}],"wp:featuredmedia":[{"embeddable":true,"href":"https:\/\/gpl-love.com\/es\/wp-json\/wp\/v2\/media\/168297"}],"wp:attachment":[{"href":"https:\/\/gpl-love.com\/es\/wp-json\/wp\/v2\/media?parent=121630"}],"wp:term":[{"taxonomy":"product_brand","embeddable":true,"href":"https:\/\/gpl-love.com\/es\/wp-json\/wp\/v2\/product_brand?post=121630"},{"taxonomy":"product_cat","embeddable":true,"href":"https:\/\/gpl-love.com\/es\/wp-json\/wp\/v2\/product_cat?post=121630"},{"taxonomy":"product_tag","embeddable":true,"href":"https:\/\/gpl-love.com\/es\/wp-json\/wp\/v2\/product_tag?post=121630"}],"curies":[{"name":"wp","href":"https:\/\/api.w.org\/{rel}","templated":true}]}}