{"id":121626,"date":"2026-03-20T00:00:00","date_gmt":"2026-03-20T05:00:00","guid":{"rendered":"https:\/\/gpl-love.com\/es\/producto\/woocommerce-subscriptions\/"},"modified":"2026-03-20T17:16:30","modified_gmt":"2026-03-20T22:16:30","slug":"woocommerce-subscriptions","status":"publish","type":"product","link":"https:\/\/gpl-love.com\/es\/producto\/woocommerce-subscriptions\/","title":{"rendered":"WooCommerce Subscriptions 8.5.0"},"content":{"rendered":"<h3>WooCommerce Subscriptions Caracteristicas<\/h3>\n<p>Las suscripciones de WooCommerce, un complemento innovador, presenta una oportunidad notable para que los clientes se suscriban sin esfuerzo a una amplia gama de productos o servicios ofrecidos en una plataforma de comercio electr\u00f3nico. Esta caracter\u00edstica extraordinaria otorga a los clientes la capacidad de establecer pagos recurrentes autom\u00e1ticos para sus suscripciones deseadas, asegurando as\u00ed que nunca se sorprender\u00e1n de bajo consistir al perder un pago o, lo que es peor, quedarse sin los productos indispensables en los que conf\u00edan. Este complemento, con sus abundantes beneficios, es particularmente ventajoso para las empresas que operan bajo un marco basado en suscripci\u00f3n, que abarca industrias como los servicios de entrega de comidas y los proveedores de contenido digital. La experiencia integral de gesti\u00f3n de suscripci\u00f3n facilitada por las suscripciones de WooCommerce permite a las empresas establecer de manera perfecta y supervisar efectivamente las suscripciones, examinar las fechas de renovaci\u00f3n y el historial de pago sin esfuerzo, e implementar las alteraciones necesarias a los planes de suscripci\u00f3n. No hace falta decir que las suscripciones de WooCommerce es una herramienta extremadamente influyente, capaz de ayudar a las empresas a racionalizar su modelo de suscripci\u00f3n al tiempo que refuerza la retenci\u00f3n de clientes, fomentando la lealtad inquebrantable y aumentando las fuentes de ingresos.<\/p>\n<ul>\n<li>Un complemento para WooCommerce que permite a los comerciantes ofrecer productos y servicios basados \u200b\u200ben suscripci\u00f3n a los clientes.<\/li>\n<li>Gesti\u00f3n f\u00e1cil de suscripciones, incluida la creaci\u00f3n, la renovaci\u00f3n, la cancelaci\u00f3n y el procesamiento de pagos.<\/li>\n<li>Opciones de suscripci\u00f3n personalizables, como frecuencia, per\u00edodos de prueba y precios.<\/li>\n<li>Automatizaci\u00f3n de procesos de suscripci\u00f3n, incluidas notificaciones por correo electr\u00f3nico, carga de tarjetas de cr\u00e9dito y entrega de productos.<\/li>\n<li>Integraci\u00f3n con pasarelas de pago populares y proveedores de env\u00edo.<\/li>\n<li>Informes detallados e ideas sobre ventas de suscripci\u00f3n, ingresos y comportamiento del cliente.<\/li>\n<li>Compatibilidad con una amplia gama de complementos y extensiones para una funcionalidad adicional.<\/li>\n<li>Integraci\u00f3n perfecta con WooCommerce, lo que facilita la configuraci\u00f3n y el uso.<\/li>\n<li>Documentaci\u00f3n y apoyo extenso para ayudar a los comerciantes a aprovechar al m\u00e1ximo sus ofertas de suscripci\u00f3n.<\/li>\n<li>Una soluci\u00f3n probada para las empresas que buscan aumentar sus ingresos recurrentes y su lealtad del cliente.<\/li>\n<\/ul>\n","protected":false},"excerpt":{"rendered":"<p>Las suscripciones de WooCommerce, una herramienta incre\u00edblemente robusta en el \u00e1mbito de las suscripciones de comercio electr\u00f3nico, posee la capacidad excepcional para administrar y supervisar de manera eficiente todos sus planes de suscripci\u00f3n. Esta herramienta incomparable le permite no solo crear y personalizar sus planes de suscripci\u00f3n, sino tambi\u00e9n proporcionar a sus clientes valiosos flexibilidad incomparable cuando se trata de opciones de facturaci\u00f3n. Con su capacidad innata para facilitar sin esfuerzo los pagos recurrentes y agilizar la gesti\u00f3n de suscripci\u00f3n, este impresionante complemento sirve como catalizador para los propietarios de tiendas en l\u00ednea, impulsando sus ingresos recurrentes a nuevas alturas al ofrecer una experiencia de suscripci\u00f3n incomparable a sus estimados clientes. Por lo tanto, es el ep\u00edtome de la perfecci\u00f3n para cualquier tienda en l\u00ednea que aspira a ofrecer una amplia gama de productos de suscripci\u00f3n, ofrecer contenido exclusivo y cautivador, o construir una comunidad pr\u00f3spera centrada en su estimada marca.<\/p>\n","protected":false},"featured_media":168285,"comment_status":"open","ping_status":"open","template":"","meta":[],"product_brand":[2344],"product_cat":[1384,1207,1206],"product_tag":[1423],"class_list":{"0":"post-121626","1":"product","2":"type-product","3":"status-publish","4":"has-post-thumbnail","6":"product_brand-woocommerce","7":"product_cat-afiliacion-comercio-electronico-plugins","8":"product_cat-comercio-electronico-plugins","9":"product_cat-plugins","10":"product_tag-woocommerce","11":"member-discount","12":"discount-restricted","14":"first","15":"instock","16":"sale","17":"downloadable","18":"virtual","19":"sold-individually","20":"purchasable","21":"product-type-simple"},"_links":{"self":[{"href":"https:\/\/gpl-love.com\/es\/wp-json\/wp\/v2\/product\/121626","targetHints":{"allow":["GET"]}}],"collection":[{"href":"https:\/\/gpl-love.com\/es\/wp-json\/wp\/v2\/product"}],"about":[{"href":"https:\/\/gpl-love.com\/es\/wp-json\/wp\/v2\/types\/product"}],"replies":[{"embeddable":true,"href":"https:\/\/gpl-love.com\/es\/wp-json\/wp\/v2\/comments?post=121626"}],"wp:featuredmedia":[{"embeddable":true,"href":"https:\/\/gpl-love.com\/es\/wp-json\/wp\/v2\/media\/168285"}],"wp:attachment":[{"href":"https:\/\/gpl-love.com\/es\/wp-json\/wp\/v2\/media?parent=121626"}],"wp:term":[{"taxonomy":"product_brand","embeddable":true,"href":"https:\/\/gpl-love.com\/es\/wp-json\/wp\/v2\/product_brand?post=121626"},{"taxonomy":"product_cat","embeddable":true,"href":"https:\/\/gpl-love.com\/es\/wp-json\/wp\/v2\/product_cat?post=121626"},{"taxonomy":"product_tag","embeddable":true,"href":"https:\/\/gpl-love.com\/es\/wp-json\/wp\/v2\/product_tag?post=121626"}],"curies":[{"name":"wp","href":"https:\/\/api.w.org\/{rel}","templated":true}]}}