{"id":121624,"date":"2023-05-30T00:00:00","date_gmt":"2023-05-30T05:00:00","guid":{"rendered":"https:\/\/gpl-love.com\/es\/producto\/woocommerce-subscription-downloads\/"},"modified":"2026-03-09T08:25:55","modified_gmt":"2026-03-09T13:25:55","slug":"woocommerce-subscription-downloads","status":"publish","type":"product","link":"https:\/\/gpl-love.com\/es\/producto\/woocommerce-subscription-downloads\/","title":{"rendered":"WooCommerce Subscription Downloads 1.4.1"},"content":{"rendered":"<h3>WooCommerce Subscription Downloads Caracteristicas<\/h3>\n<p>Una herramienta de software que ofrece una variedad de caracter\u00edsticas potentes son las descargas de suscripci\u00f3n de WooCommerce. Esta herramienta est\u00e1 dise\u00f1ada para usarse con la plataforma WooCommerce ampliamente utilizada, y permite a las empresas proporcionar descargas basadas en suscripci\u00f3n a sus clientes. Al utilizar esta herramienta, las empresas pueden crear y administrar sin esfuerzo planes de suscripci\u00f3n, establecer sistemas de pago autom\u00e1ticos y otorgar acceso seguro a archivos descargables para sus clientes suscritos. La gama de caracter\u00edsticas ofrecidas por esta herramienta es extensa, incluida la capacidad de personalizar las opciones de suscripci\u00f3n, automatizar procesos de facturaci\u00f3n y renovaci\u00f3n, proporcionar opciones de precios flexibles y generar informes detallados de suscripci\u00f3n. En conclusi\u00f3n, se puede decir que las descargas de suscripci\u00f3n de WooCommerce son un activo esencial para las empresas que buscan optimizar su estrategia de comercio electr\u00f3nico y aumentar sus ingresos recurrentes a trav\u00e9s de descargas basadas en suscripci\u00f3n.<\/p>\n<ul>\n<li>Integre sin problemas descargas digitales basadas en suscripci\u00f3n en su tienda WooCommerce<\/li>\n<li>Ofrezca a sus clientes acceso recurrente a su contenido o productos con opciones autom\u00e1ticas de facturaci\u00f3n y renovaci\u00f3n<\/li>\n<li>Elija entre una gama de planes de suscripci\u00f3n, incluidas las opciones semanales, mensuales, trimestrales y anuales<\/li>\n<li>Permitir a los suscriptores administrar f\u00e1cilmente su estado de suscripci\u00f3n, cancelar o reactivar en cualquier momento<\/li>\n<li>Entregue autom\u00e1ticamente nuevas descargas a los suscriptores a medida que se agregan a su tienda<\/li>\n<li>Realice un seguimiento de las m\u00e9tricas y los ingresos de suscripci\u00f3n con herramientas de informes y an\u00e1lisis incorporados<\/li>\n<li>Personalice f\u00e1cilmente las opciones y configuraciones de suscripci\u00f3n para que se ajusten a sus necesidades comerciales \u00fanicas<\/li>\n<li>Beneficiarse de seguridad y compatibilidad confiables con la \u00faltima versi\u00f3n de WooCommerce y WordPress<\/li>\n<li>Disfrute de documentaci\u00f3n integral y atenci\u00f3n al cliente receptiva para ayudar a optimizar su negocio basado en suscripci\u00f3n.<\/li>\n<\/ul>\n","protected":false},"excerpt":{"rendered":"<p>Las descargas de suscripci\u00f3n de WooCommerce, un complemento de alta calidad, presenta la oportunidad de participar en la venta de productos digitales a trav\u00e9s de un modelo de negocio basado en suscripci\u00f3n. Al aprovechar las capacidades de esta herramienta robusta, puede establecer pagos recurrentes para su valiosa clientela, otorg\u00e1ndoles acceso exclusivo a una variedad de descargas, que abarcan libros electr\u00f3nicos, m\u00fasica, software y muchos m\u00e1s. Integrando perfectamente con WooCommerce, este complemento proporciona un extenso repertorio de funcionalidades esenciales, facilitando la gesti\u00f3n eficiente de sus suscripciones, el seguimiento diligente de los pagos y la entrega sin esfuerzo de sus preciadas ofertas digitales. Ya sea que opere dentro del dominio del marketing digital, la producci\u00f3n musical o el desarrollo de software, las notables descargas de suscripci\u00f3n de WooCommerce surgen como la soluci\u00f3n por excelencia para la monetizaci\u00f3n efectiva de sus activos digitales, al tiempo que impulsan simult\u00e1neamente la expansi\u00f3n y la prosperidad de su comprensi\u00f3n en l\u00ednea pr\u00f3spera.<\/p>\n","protected":false},"featured_media":168284,"comment_status":"open","ping_status":"open","template":"","meta":[],"product_brand":[2344],"product_cat":[1384,1207,1206],"product_tag":[1423],"class_list":{"0":"post-121624","1":"product","2":"type-product","3":"status-publish","4":"has-post-thumbnail","6":"product_brand-woocommerce","7":"product_cat-afiliacion-comercio-electronico-plugins","8":"product_cat-comercio-electronico-plugins","9":"product_cat-plugins","10":"product_tag-woocommerce","11":"member-discount","12":"discount-restricted","14":"first","15":"instock","16":"sale","17":"downloadable","18":"virtual","19":"sold-individually","20":"purchasable","21":"product-type-simple"},"_links":{"self":[{"href":"https:\/\/gpl-love.com\/es\/wp-json\/wp\/v2\/product\/121624","targetHints":{"allow":["GET"]}}],"collection":[{"href":"https:\/\/gpl-love.com\/es\/wp-json\/wp\/v2\/product"}],"about":[{"href":"https:\/\/gpl-love.com\/es\/wp-json\/wp\/v2\/types\/product"}],"replies":[{"embeddable":true,"href":"https:\/\/gpl-love.com\/es\/wp-json\/wp\/v2\/comments?post=121624"}],"wp:featuredmedia":[{"embeddable":true,"href":"https:\/\/gpl-love.com\/es\/wp-json\/wp\/v2\/media\/168284"}],"wp:attachment":[{"href":"https:\/\/gpl-love.com\/es\/wp-json\/wp\/v2\/media?parent=121624"}],"wp:term":[{"taxonomy":"product_brand","embeddable":true,"href":"https:\/\/gpl-love.com\/es\/wp-json\/wp\/v2\/product_brand?post=121624"},{"taxonomy":"product_cat","embeddable":true,"href":"https:\/\/gpl-love.com\/es\/wp-json\/wp\/v2\/product_cat?post=121624"},{"taxonomy":"product_tag","embeddable":true,"href":"https:\/\/gpl-love.com\/es\/wp-json\/wp\/v2\/product_tag?post=121624"}],"curies":[{"name":"wp","href":"https:\/\/api.w.org\/{rel}","templated":true}]}}