{"id":121622,"date":"2025-11-17T00:00:00","date_gmt":"2025-11-17T05:00:00","guid":{"rendered":"https:\/\/gpl-love.com\/es\/producto\/woocommerce-store-catalog-pdf-download\/"},"modified":"2026-03-09T08:25:49","modified_gmt":"2026-03-09T13:25:49","slug":"woocommerce-store-catalog-pdf-download","status":"publish","type":"product","link":"https:\/\/gpl-love.com\/es\/producto\/woocommerce-store-catalog-pdf-download\/","title":{"rendered":"WooCommerce Store Catalog PDF Download 2.4.0"},"content":{"rendered":"<h3>WooCommerce Store Catalog PDF Download Caracteristicas<\/h3>\n<p>La descarga de Cat\u00e1logo de Cat\u00e1logo de la Tienda WooCommerce es una herramienta extremadamente valiosa que resulta ventajosa para las empresas que desean aumentar la interactividad y la facilidad de uso de sus tiendas en l\u00ednea. Este software en particular facilita la descarga conveniente de un cat\u00e1logo PDF integral que abarca toda la mercanc\u00eda disponible dentro de su tienda WooCommerce, lo que brinda a los clientes la facilidad de leer dicho cat\u00e1logo en un entorno fuera de l\u00ednea. En consecuencia, esta herramienta optimiza de manera efectiva los esfuerzos promocionales de las empresas, lo que les permite dirigirse de manera efectiva a los posibles clientes que exhiben una preferencia por las pr\u00e1cticas tradicionales de compra fuera de l\u00ednea. Al aprovechar las capacidades de la descarga de Cat\u00e1logo de Cat\u00e1logo de la Tienda WooCommerce, las empresas pueden organizar sin esfuerzo sus productos y categor\u00edas, facilitando as\u00ed la navegaci\u00f3n sin esfuerzo para su clientela. Adem\u00e1s, este software permite a las empresas proporcionar a sus clientes cat\u00e1logos elegantes y presentados profesionalmente, que pueden imprimirse o guardar sin esfuerzo para referencia futura. En consecuencia, respaldamos de todo coraz\u00f3n la utilizaci\u00f3n de este software para aquellas empresas que buscan enriquecer sus tiendas en l\u00ednea y fomentar una mayor accesibilidad de sus productos para los clientes.<\/p>\n<ul>\n<li>Genere y descargue instant\u00e1neamente una versi\u00f3n PDF de su cat\u00e1logo de la tienda WooCommerce<\/li>\n<li>Personalice su cat\u00e1logo PDF con el logotipo de su tienda y las im\u00e1genes de productos<\/li>\n<li>Incluya descripciones de productos, precios y variaciones en su cat\u00e1logo PDF<\/li>\n<li>Ahorre tiempo evitando la necesidad de crear manualmente un cat\u00e1logo o contratar a un dise\u00f1ador<\/li>\n<li>El formato port\u00e1til permite compartir f\u00e1cilmente con clientes y otras partes interesadas<\/li>\n<li>Mayor accesibilidad para los clientes que prefieren la navegaci\u00f3n fuera de l\u00ednea o tienen velocidades lentas de Internet<\/li>\n<li>No se requiere una codificaci\u00f3n o experiencia t\u00e9cnica, simplemente instale el complemento y comience a generar cat\u00e1logos PDF<\/li>\n<li>Compatible con todo tipo de tiendas y productos de WooCommerce<\/li>\n<li>Actualizaciones regulares y atenci\u00f3n al cliente disponibles para garantizar un funcionamiento sin problemas y satisfacci\u00f3n del cliente.<\/li>\n<\/ul>\n","protected":false},"excerpt":{"rendered":"<p>La descarga de Cat\u00e1logo de Cat\u00e1logo de la Tienda WooCommerce es un complemento excepcional que se ha creado meticulosamente para ayudar a los propietarios de las tiendas en l\u00ednea en el proceso de generar cat\u00e1logos PDF que abarcan su amplia gama de productos. Al emplear este complemento encomiable, a las personas se les otorga la capacidad de transformar sin esfuerzo su tienda WooCommerce en un cat\u00e1logo visualmente cautivador que los clientes pueden leer convenientemente incluso sin acceso a Internet. En particular, esta notable herramienta cuenta con una variedad de opciones de personalizaci\u00f3n avanzada, lo que brinda a los usuarios la oportunidad de adaptar sus dise\u00f1os de cat\u00e1logo de una manera que se alinea impecablemente con su marca. Adem\u00e1s, la naturaleza f\u00e1cil de usar de este complemento lo hace notablemente simple operar, lo que permite a los usuarios generar r\u00e1pidamente sus cat\u00e1logos y elevar su tienda de comercio electr\u00f3nico a alturas sin precedentes. Por lo tanto, le imploro que aproveche la oportunidad de experimentar la descarga de PDF de cat\u00e1logo de la tienda WooCommerce hoy, ya que est\u00e1 garantizado que brinda a sus clientes una experiencia de compra que est\u00e9 imbuida de una conveniencia y eficiencia incomparables.<\/p>\n","protected":false},"featured_media":168280,"comment_status":"open","ping_status":"open","template":"","meta":[],"product_brand":[2344],"product_cat":[1208,1207,1206],"product_tag":[1423],"class_list":{"0":"post-121622","1":"product","2":"type-product","3":"status-publish","4":"has-post-thumbnail","6":"product_brand-woocommerce","7":"product_cat-administracion","8":"product_cat-comercio-electronico-plugins","9":"product_cat-plugins","10":"product_tag-woocommerce","11":"member-discount","12":"discount-restricted","14":"first","15":"instock","16":"sale","17":"downloadable","18":"virtual","19":"sold-individually","20":"purchasable","21":"product-type-simple"},"_links":{"self":[{"href":"https:\/\/gpl-love.com\/es\/wp-json\/wp\/v2\/product\/121622","targetHints":{"allow":["GET"]}}],"collection":[{"href":"https:\/\/gpl-love.com\/es\/wp-json\/wp\/v2\/product"}],"about":[{"href":"https:\/\/gpl-love.com\/es\/wp-json\/wp\/v2\/types\/product"}],"replies":[{"embeddable":true,"href":"https:\/\/gpl-love.com\/es\/wp-json\/wp\/v2\/comments?post=121622"}],"wp:featuredmedia":[{"embeddable":true,"href":"https:\/\/gpl-love.com\/es\/wp-json\/wp\/v2\/media\/168280"}],"wp:attachment":[{"href":"https:\/\/gpl-love.com\/es\/wp-json\/wp\/v2\/media?parent=121622"}],"wp:term":[{"taxonomy":"product_brand","embeddable":true,"href":"https:\/\/gpl-love.com\/es\/wp-json\/wp\/v2\/product_brand?post=121622"},{"taxonomy":"product_cat","embeddable":true,"href":"https:\/\/gpl-love.com\/es\/wp-json\/wp\/v2\/product_cat?post=121622"},{"taxonomy":"product_tag","embeddable":true,"href":"https:\/\/gpl-love.com\/es\/wp-json\/wp\/v2\/product_tag?post=121622"}],"curies":[{"name":"wp","href":"https:\/\/api.w.org\/{rel}","templated":true}]}}