{"id":121620,"date":"2025-12-28T00:00:00","date_gmt":"2025-12-28T05:00:00","guid":{"rendered":"https:\/\/gpl-love.com\/es\/producto\/woocommerce-social-login-wordpress-plugin\/"},"modified":"2026-03-09T08:25:37","modified_gmt":"2026-03-09T13:25:37","slug":"woocommerce-social-login-wordpress-plugin","status":"publish","type":"product","link":"https:\/\/gpl-love.com\/es\/producto\/woocommerce-social-login-wordpress-plugin\/","title":{"rendered":"WooCommerce Social Login &#8211; WordPress Plugin 2.8.7"},"content":{"rendered":"<h3>WooCommerce Social Login &#8211; WordPress Plugin Caracteristicas<\/h3>\n<p>WooCommerce Social Login se presenta como un complemento robusto de WordPress que optimiza efectivamente el proceso de inicio de sesi\u00f3n para las tiendas en l\u00ednea habilitadas para WooCommerce. Al implementar este complemento, a los clientes se les otorga la conveniencia de utilizar sus cuentas de redes sociales, incluidas, entre otros, Facebook, Twitter, Google, LinkedIn y varias otras plataformas, para autenticarse al acceder a las tiendas en l\u00ednea. En consecuencia, esto disminuye la necesidad de crear manualmente distintas cuentas para cada sitio web visitado, no solo economizar el tiempo sino tambi\u00e9n mitigar los peligros potenciales asociados con las credenciales de inicio de sesi\u00f3n olvidadas. Adem\u00e1s, este complemento cuenta con un nivel de personalizaci\u00f3n encomiable, otorgando a los propietarios de tiendas la prerrogativa para discernir qu\u00e9 plataformas sociales se exhiben, donde se colocan los botones de inicio de sesi\u00f3n sociales y c\u00f3mo los datos de los clientes se gestionan de manera efectiva. En \u00faltima instancia, el inicio de sesi\u00f3n social de WooCommerce es una soluci\u00f3n eficaz y f\u00e1cil de usar que mejora significativamente la experiencia del usuario dentro del \u00e1mbito de su tienda en l\u00ednea.<\/p>\n<ul>\n<li>F\u00e1cil integraci\u00f3n de la funcionalidad de inicio de sesi\u00f3n social para su tienda WooCommerce<\/li>\n<li>Admite una variedad de plataformas de redes sociales que incluyen Facebook, Twitter, Google y LinkedIn<\/li>\n<li>Relimina el proceso de pago para los clientes, lo que lleva a tasas de conversi\u00f3n potencialmente m\u00e1s altas<\/li>\n<li>Elimina la necesidad de que los clientes recuerden otro conjunto de credenciales de inicio de sesi\u00f3n<\/li>\n<li>Dise\u00f1o de botones de inicio de sesi\u00f3n personalizable, que permite una integraci\u00f3n perfecta con la est\u00e9tica general de su sitio web<\/li>\n<li>Permite la creaci\u00f3n autom\u00e1tica de cuentas de usuario a partir de perfiles de redes sociales, reduciendo la cantidad de entrada de datos manuales requeridos<\/li>\n<li>Proporciona an\u00e1lisis detallados en los que las plataformas de redes sociales est\u00e1n impulsando la mayor participaci\u00f3n del cliente<\/li>\n<li>Admite traducciones de varios idiomas, perfecto para tiendas globales de comercio electr\u00f3nico<\/li>\n<li>Asequible y f\u00e1cil de instalar sin configuraci\u00f3n compleja que se requiere.<\/li>\n<\/ul>\n","protected":false},"excerpt":{"rendered":"<p>WooCommerce Social Login, un complemento especialmente dise\u00f1ado que atiende a los sitios web de WordPress, otorga a los clientes la conveniencia de firmar sin esfuerzo a trav\u00e9s de sus cuentas de redes sociales preexistentes, evit\u00e1ndoles as\u00ed la ardua tarea de generar una cuenta nueva y cometer otro nombre de usuario y contrase\u00f1a m\u00e1s memoria. El complemento extiende su soporte a una gran cantidad de plataformas de redes sociales, que abarca a los gustos de Facebook, Google, Twitter e Instagram. Despu\u00e9s de un inicio de sesi\u00f3n exitoso, los clientes est\u00e1n facultados para completar las compras de manera r\u00e1pida y sin esfuerzo en su tienda WooCommerce. Tal caracter\u00edstica allana el camino para un proceso de pago optimizado y optimizado, que finalmente culmin\u00f3 en un aumento sustancial en las ventas para su estimado negocio.<\/p>\n","protected":false},"featured_media":168272,"comment_status":"open","ping_status":"open","template":"","meta":[],"product_brand":[2339],"product_cat":[1207,1206,1431],"product_tag":[1256],"class_list":{"0":"post-121620","1":"product","2":"type-product","3":"status-publish","4":"has-post-thumbnail","6":"product_brand-codecanyon","7":"product_cat-comercio-electronico-plugins","8":"product_cat-plugins","9":"product_cat-social-comercio-electronico-plugins","10":"product_tag-codecanyon","11":"member-discount","12":"discount-restricted","14":"first","15":"instock","16":"sale","17":"downloadable","18":"virtual","19":"sold-individually","20":"purchasable","21":"product-type-simple"},"_links":{"self":[{"href":"https:\/\/gpl-love.com\/es\/wp-json\/wp\/v2\/product\/121620","targetHints":{"allow":["GET"]}}],"collection":[{"href":"https:\/\/gpl-love.com\/es\/wp-json\/wp\/v2\/product"}],"about":[{"href":"https:\/\/gpl-love.com\/es\/wp-json\/wp\/v2\/types\/product"}],"replies":[{"embeddable":true,"href":"https:\/\/gpl-love.com\/es\/wp-json\/wp\/v2\/comments?post=121620"}],"wp:featuredmedia":[{"embeddable":true,"href":"https:\/\/gpl-love.com\/es\/wp-json\/wp\/v2\/media\/168272"}],"wp:attachment":[{"href":"https:\/\/gpl-love.com\/es\/wp-json\/wp\/v2\/media?parent=121620"}],"wp:term":[{"taxonomy":"product_brand","embeddable":true,"href":"https:\/\/gpl-love.com\/es\/wp-json\/wp\/v2\/product_brand?post=121620"},{"taxonomy":"product_cat","embeddable":true,"href":"https:\/\/gpl-love.com\/es\/wp-json\/wp\/v2\/product_cat?post=121620"},{"taxonomy":"product_tag","embeddable":true,"href":"https:\/\/gpl-love.com\/es\/wp-json\/wp\/v2\/product_tag?post=121620"}],"curies":[{"name":"wp","href":"https:\/\/api.w.org\/{rel}","templated":true}]}}