{"id":121618,"date":"2025-12-18T00:00:00","date_gmt":"2025-12-18T05:00:00","guid":{"rendered":"https:\/\/gpl-love.com\/es\/producto\/woocommerce-social-login\/"},"modified":"2026-03-09T08:25:36","modified_gmt":"2026-03-09T13:25:36","slug":"woocommerce-social-login","status":"publish","type":"product","link":"https:\/\/gpl-love.com\/es\/producto\/woocommerce-social-login\/","title":{"rendered":"WooCommerce Social Login 2.18.0"},"content":{"rendered":"<h3>WooCommerce Social Login Caracteristicas<\/h3>\n<p>WooCommerce Social Login, un complemento notable, ofrece a los clientes una experiencia de inicio de sesi\u00f3n perfecta en su tienda en l\u00ednea al permitirles usar sus cuentas de redes sociales. Extiende su apoyo a una amplia gama de plataformas de redes sociales como Facebook, Twitter, Google, Yahoo y LinkedIn. Al aprovechar el inicio de sesi\u00f3n social de WooCommerce, los clientes pueden establecer sin esfuerzo una cuenta e iniciar sesi\u00f3n sin esfuerzo en su tienda sin el inconveniente de memorizar un nombre de usuario y contrase\u00f1a separados. Esto no solo acelera el procedimiento de inicio de sesi\u00f3n para los clientes, sino que tambi\u00e9n mejora la participaci\u00f3n del cliente, lo que finalmente resulta en ventas elevadas. Adem\u00e1s, este complemento excepcional le proporciona datos invaluables del cliente que se pueden utilizar para mejorar sus estrategias de marketing e impulsar las conversiones. Gracias a su configuraci\u00f3n e integraci\u00f3n sin esfuerzo con WooCommerce, el estimado complemento de inicio de sesi\u00f3n social de WooCommerce es una herramienta indispensable para cualquier tienda en l\u00ednea que aspira a mejorar su experiencia del cliente y amplificar las ventas.<\/p>\n<ul>\n<li>Integraci\u00f3n f\u00e1cil con plataformas de redes sociales como Facebook, Google, Twitter, Amazon y m\u00e1s.<\/li>\n<li>Permite a los clientes registrarse e iniciar sesi\u00f3n en su tienda en l\u00ednea r\u00e1pida y f\u00e1cilmente.<\/li>\n<li>La autenticaci\u00f3n segura del usuario con los detalles de la cuenta de redes sociales.<\/li>\n<li>Opci\u00f3n para mostrar los botones de inicio de sesi\u00f3n sociales en la p\u00e1gina de inicio de sesi\u00f3n de mi cuenta o la p\u00e1gina de pago.<\/li>\n<li>Aumenta las tasas de conversi\u00f3n y la participaci\u00f3n del cliente.<\/li>\n<li>Permite a los usuarios recuperar sus contrase\u00f1as f\u00e1cilmente utilizando los detalles de inicio de sesi\u00f3n de la cuenta de redes sociales.<\/li>\n<li>F\u00e1cil instalaci\u00f3n y configuraci\u00f3n.<\/li>\n<li>Compatible con WooCommerce -5 o versiones posteriores.<\/li>\n<li>Documentaci\u00f3n y soporte extenso disponible.<\/li>\n<\/ul>\n","protected":false},"excerpt":{"rendered":"<p>Si usted es propietario de una tienda en l\u00ednea que busca proporcionar a sus clientes la capacidad de iniciar sesi\u00f3n con sus perfiles de redes sociales, entonces WooCommerce Social Sogin es un complemento absolutamente esencial para usted. Al integrar esta herramienta en su sitio web, puede permitir sin esfuerzo que sus clientes inicien sesi\u00f3n utilizando sus cuentas de Facebook, Twitter, Google o Amazon, eliminando por completo la necesidad de que pasen por un proceso de registro laborioso y lento. Con la implementaci\u00f3n del inicio de sesi\u00f3n social de WooCommerce, sus clientes podr\u00e1n acceder de manera conveniente y r\u00e1pida la informaci\u00f3n de su cuenta, disfrutar de una experiencia de compra perfecta y completar su proceso de pago a un ritmo mucho m\u00e1s r\u00e1pido. El proceso de instalaci\u00f3n para este complemento es bastante sencillo y sin problemas, y lo que es m\u00e1s, le ofrece la opci\u00f3n de personalizar la apariencia de sus botones de inicio de sesi\u00f3n al elegir entre una variedad de estilos de botones y esquemas de color que coinciden perfectamente con el dise\u00f1o general de su sitio web. Entonces, \u00bfpor qu\u00e9 esperar? \u00a1Lleve su tienda en l\u00ednea a nuevas alturas incorporando las incre\u00edbles caracter\u00edsticas de WooCommerce Social Inicie en su sitio web hoy!<\/p>\n","protected":false},"featured_media":168271,"comment_status":"open","ping_status":"open","template":"","meta":[],"product_brand":[2344],"product_cat":[1207,1206,1431],"product_tag":[1423],"class_list":{"0":"post-121618","1":"product","2":"type-product","3":"status-publish","4":"has-post-thumbnail","6":"product_brand-woocommerce","7":"product_cat-comercio-electronico-plugins","8":"product_cat-plugins","9":"product_cat-social-comercio-electronico-plugins","10":"product_tag-woocommerce","11":"member-discount","12":"discount-restricted","14":"first","15":"instock","16":"sale","17":"downloadable","18":"virtual","19":"sold-individually","20":"purchasable","21":"product-type-simple"},"_links":{"self":[{"href":"https:\/\/gpl-love.com\/es\/wp-json\/wp\/v2\/product\/121618","targetHints":{"allow":["GET"]}}],"collection":[{"href":"https:\/\/gpl-love.com\/es\/wp-json\/wp\/v2\/product"}],"about":[{"href":"https:\/\/gpl-love.com\/es\/wp-json\/wp\/v2\/types\/product"}],"replies":[{"embeddable":true,"href":"https:\/\/gpl-love.com\/es\/wp-json\/wp\/v2\/comments?post=121618"}],"wp:featuredmedia":[{"embeddable":true,"href":"https:\/\/gpl-love.com\/es\/wp-json\/wp\/v2\/media\/168271"}],"wp:attachment":[{"href":"https:\/\/gpl-love.com\/es\/wp-json\/wp\/v2\/media?parent=121618"}],"wp:term":[{"taxonomy":"product_brand","embeddable":true,"href":"https:\/\/gpl-love.com\/es\/wp-json\/wp\/v2\/product_brand?post=121618"},{"taxonomy":"product_cat","embeddable":true,"href":"https:\/\/gpl-love.com\/es\/wp-json\/wp\/v2\/product_cat?post=121618"},{"taxonomy":"product_tag","embeddable":true,"href":"https:\/\/gpl-love.com\/es\/wp-json\/wp\/v2\/product_tag?post=121618"}],"curies":[{"name":"wp","href":"https:\/\/api.w.org\/{rel}","templated":true}]}}