{"id":121616,"date":"2026-04-18T00:00:00","date_gmt":"2026-04-18T05:00:00","guid":{"rendered":"https:\/\/gpl-love.com\/es\/producto\/woocommerce-smart-manager-pro\/"},"modified":"2026-04-18T17:16:49","modified_gmt":"2026-04-18T22:16:49","slug":"woocommerce-smart-manager-pro","status":"publish","type":"product","link":"https:\/\/gpl-love.com\/es\/producto\/woocommerce-smart-manager-pro\/","title":{"rendered":"WooCommerce Smart Manager Pro 8.86.0"},"content":{"rendered":"<h3>WooCommerce Smart Manager Pro Caracteristicas<\/h3>\n<p>WooCommerce Smart Manager Pro, una extensi\u00f3n incre\u00edblemente robusta atendida a los minoristas en l\u00ednea que buscan un medio m\u00e1s eficiente para administrar sus productos, se presenta como un activo indispensable. Este complemento notable muestra una interfaz intuitiva que facilita la edici\u00f3n y la actualizaci\u00f3n de los productos a granel sin costuras, permitiendo as\u00ed a los propietarios de tiendas optimizar efectivamente su flujo de trabajo y maximizar su precioso tiempo. A trav\u00e9s de la utilizaci\u00f3n de Smart Manager Pro, los usuarios tienen la oportunidad de modificar sin esfuerzo los detalles del producto, la informaci\u00f3n de precios, los niveles de inventario y mucho m\u00e1s, todo desde la comodidad de una pantalla solitaria, sin la pesada necesidad de navegar a trav\u00e9s de una variedad de p\u00e1ginas dispares . Esta extensi\u00f3n ejemplar tambi\u00e9n cuenta con una variedad de herramientas de b\u00fasqueda y filtrado avanzadas que simplifica el proceso de localizaci\u00f3n y gesti\u00f3n efectiva de productos o categor\u00edas espec\u00edficas. En esencia, WooCommerce Smart Manager Pro es inequ\u00edvocamente una herramienta indispensable que cada minorista en l\u00ednea exigente debe adoptar con entusiasmo para aumentar y elevar su proceso de gesti\u00f3n de productos a alturas sin precedentes.<\/p>\n<ul>\n<li>Maximice su productividad y eficiencia con el complemento WooCommerce Smart Manager Pro<\/li>\n<li>Agilizar la gesti\u00f3n de su comercio electr\u00f3nico con una interfaz intuitiva y f\u00e1cil de usar<\/li>\n<li>Administrar y editar f\u00e1cilmente datos de productos, incluidos precios, niveles de stock, t\u00edtulos y descripciones.<\/li>\n<li>Ahorre tiempo con edici\u00f3n masiva y actualice r\u00e1pidamente m\u00faltiples productos a la vez<\/li>\n<li>Monitorear y cumplir con los pedidos con facilidad, incluidos los n\u00fameros de seguimiento, los estados de env\u00edo e informaci\u00f3n del cliente<\/li>\n<li>Utilice informes detallados y an\u00e1lisis para obtener informaci\u00f3n valiosa sobre el rendimiento de su tienda<\/li>\n<li>Integre con otros complementos populares de WooCommerce para obtener a\u00fan m\u00e1s opciones de funcionalidad y personalizaci\u00f3n<\/li>\n<li>Mantenga su tienda funcionando sin problemas con copias de seguridad automatizadas y programadas, asegurando la seguridad de los datos y la tranquilidad.<\/li>\n<\/ul>\n","protected":false},"excerpt":{"rendered":"<p>WooCommerce Smart Manager Pro es un complemento incre\u00edblemente robusto y altamente eficiente que posee la notable capacidad de elevar su tienda WooCommerce a alturas sin precedentes. Esta herramienta extraordinaria le permite la capacidad de supervisar y controlar sin esfuerzo todos los aspectos de su tienda, incluidos productos, clientes y pedidos, todo desde un tablero singular y notablemente f\u00e1cil de usar. La conveniencia y la efectividad de este complemento se mejoran a\u00fan m\u00e1s por la caracter\u00edstica invaluable de poder ejecutar ediciones, filtros y b\u00fasquedas a gran escala tanto en sus productos como en sus pedidos, lo que le permite administrar el inventario de su tienda con una facilidad incomparable. Adem\u00e1s, el complemento le otorga la capacidad invaluable para modelar campos personalizados, gestionar de manera efectiva las variaciones y actualizar eficientemente los precios a granel. Adem\u00e1s, la inclusi\u00f3n de informes detallados e integrales fortalece a\u00fan m\u00e1s sus capacidades de toma de decisiones al proporcionarle informaci\u00f3n valiosa sobre el rendimiento de su tienda, lo que facilita la formulaci\u00f3n de opciones bien informadas. Con sus caracter\u00edsticas avanzadas y de vanguardia, no puede haber ninguna duda de que Smart Manager Pro es de hecho la herramienta definitiva e indispensable para administrar perfectamente todos los aspectos de su tienda WooCommerce.<\/p>\n","protected":false},"featured_media":168268,"comment_status":"open","ping_status":"open","template":"","meta":[],"product_brand":[2604],"product_cat":[1208,1207,1206],"product_tag":[1378],"class_list":{"0":"post-121616","1":"product","2":"type-product","3":"status-publish","4":"has-post-thumbnail","6":"product_brand-storeapps","7":"product_cat-administracion","8":"product_cat-comercio-electronico-plugins","9":"product_cat-plugins","10":"product_tag-storeapps","11":"member-discount","12":"discount-restricted","14":"first","15":"instock","16":"sale","17":"downloadable","18":"virtual","19":"sold-individually","20":"purchasable","21":"product-type-simple"},"_links":{"self":[{"href":"https:\/\/gpl-love.com\/es\/wp-json\/wp\/v2\/product\/121616","targetHints":{"allow":["GET"]}}],"collection":[{"href":"https:\/\/gpl-love.com\/es\/wp-json\/wp\/v2\/product"}],"about":[{"href":"https:\/\/gpl-love.com\/es\/wp-json\/wp\/v2\/types\/product"}],"replies":[{"embeddable":true,"href":"https:\/\/gpl-love.com\/es\/wp-json\/wp\/v2\/comments?post=121616"}],"wp:featuredmedia":[{"embeddable":true,"href":"https:\/\/gpl-love.com\/es\/wp-json\/wp\/v2\/media\/168268"}],"wp:attachment":[{"href":"https:\/\/gpl-love.com\/es\/wp-json\/wp\/v2\/media?parent=121616"}],"wp:term":[{"taxonomy":"product_brand","embeddable":true,"href":"https:\/\/gpl-love.com\/es\/wp-json\/wp\/v2\/product_brand?post=121616"},{"taxonomy":"product_cat","embeddable":true,"href":"https:\/\/gpl-love.com\/es\/wp-json\/wp\/v2\/product_cat?post=121616"},{"taxonomy":"product_tag","embeddable":true,"href":"https:\/\/gpl-love.com\/es\/wp-json\/wp\/v2\/product_tag?post=121616"}],"curies":[{"name":"wp","href":"https:\/\/api.w.org\/{rel}","templated":true}]}}