{"id":121614,"date":"2026-03-27T00:00:00","date_gmt":"2026-03-27T05:00:00","guid":{"rendered":"https:\/\/gpl-love.com\/es\/producto\/woocommerce-smart-coupons\/"},"modified":"2026-04-04T11:16:19","modified_gmt":"2026-04-04T16:16:19","slug":"woocommerce-smart-coupons","status":"publish","type":"product","link":"https:\/\/gpl-love.com\/es\/producto\/woocommerce-smart-coupons\/","title":{"rendered":"WooCommerce Smart Coupons 9.75.0"},"content":{"rendered":"<h3>WooCommerce Smart Coupons Caracteristicas<\/h3>\n<p>WooCommerce Smart Coupons, una herramienta inmensamente potente, empodera a los minoristas en l\u00ednea al permitirles idear y difundir cupones a sus estimados clientes. A trav\u00e9s de esta plataforma altamente innovadora, las empresas pueden fabricar sin esfuerzo c\u00f3digos de cup\u00f3n incomparados, establecer regulaciones meticulosas relacionadas con el uso de cupones y ofrecer a los clientes generosamente con descuentos atractivos o art\u00edculos complementarios. Adem\u00e1s, los cupones inteligentes otorgan a los usuarios la capacidad de generar sin esfuerzo una multitud de cupones en cupones de importaci\u00f3n o exportaci\u00f3n sin problemas, e invitar cuidadosamente las URL de cupones especialmente adaptadas para categor\u00edas o p\u00e1ginas de productos distintos. En conclusi\u00f3n, este notable complemento es una necesidad absoluta para cada minorista en l\u00ednea exigente que busca vigorizar el entusiasmo de los clientes, cultivar la lealtad inquebrantable del cliente y, en \u00faltima instancia, impulsar cifras de ventas notables.<\/p>\n<ul>\n<li>Creaci\u00f3n y gesti\u00f3n f\u00e1cil de cupones de toda la tienda o espec\u00edficos de productos<\/li>\n<li>Amplia gama de opciones de personalizaci\u00f3n para c\u00f3digos de cup\u00f3n, fechas de vencimiento, restricciones de uso y m\u00e1s<\/li>\n<li>Soporte para m\u00faltiples tipos de descuentos, que incluyen porcentaje, cantidad fija y env\u00edo gratuito<\/li>\n<li>Integraci\u00f3n con plataformas de marketing por correo electr\u00f3nico para automatizar la entrega de cupones y aumentar la participaci\u00f3n del cliente<\/li>\n<li>Opciones flexibles para rastrear el uso de cupones y analizar el comportamiento y las conversiones del cliente<\/li>\n<li>Compatibilidad con una variedad de pasarelas de pago y procesos de pago para una experiencia perfecta al cliente<\/li>\n<li>Aplicaci\u00f3n autom\u00e1tica de cupones a productos relevantes en carros de clientes, reduciendo el abandono del carrito y el aumento de las ventas.<\/li>\n<\/ul>\n","protected":false},"excerpt":{"rendered":"<p>El complemento de cupones Smart WooCommerce es una herramienta extremadamente robusta, lo que permite a los usuarios generar y supervisar los cupones personalizados dentro de su tienda WooCommerce. Este complemento excepcional proporciona la capacidad de crear una variedad de tipos de cupones, que van desde descuentos porcentuales hasta descuentos de cantidad fija e incluso cupones de env\u00edo gratuitos, entre otros. Adem\u00e1s, los usuarios tienen la libertad de establecer restricciones de cup\u00f3n espec\u00edficas, fechas de vencimiento y l\u00edmites de uso, otorg\u00e1ndoles el mayor control sobre la utilizaci\u00f3n de estos cupones. En particular, la inclusi\u00f3n de an\u00e1lisis de an\u00e1lisis e informes integrales permite un seguimiento meticuloso y la evaluaci\u00f3n del rendimiento del cup\u00f3n. Al aprovechar las capacidades de los cupones inteligentes de WooCommerce, las empresas tienen la notable oportunidad de aumentar sus ventas y cultivar la lealtad inquebrantable del cliente, durante toda la implementaci\u00f3n de descuentos y promociones cautivadores.<\/p>\n","protected":false},"featured_media":168267,"comment_status":"open","ping_status":"open","template":"","meta":[],"product_brand":[2344],"product_cat":[1207,1225,1206],"product_tag":[1423],"class_list":{"0":"post-121614","1":"product","2":"type-product","3":"status-publish","4":"has-post-thumbnail","6":"product_brand-woocommerce","7":"product_cat-comercio-electronico-plugins","8":"product_cat-marketing","9":"product_cat-plugins","10":"product_tag-woocommerce","11":"member-discount","12":"discount-restricted","14":"first","15":"instock","16":"sale","17":"downloadable","18":"virtual","19":"sold-individually","20":"purchasable","21":"product-type-simple"},"_links":{"self":[{"href":"https:\/\/gpl-love.com\/es\/wp-json\/wp\/v2\/product\/121614","targetHints":{"allow":["GET"]}}],"collection":[{"href":"https:\/\/gpl-love.com\/es\/wp-json\/wp\/v2\/product"}],"about":[{"href":"https:\/\/gpl-love.com\/es\/wp-json\/wp\/v2\/types\/product"}],"replies":[{"embeddable":true,"href":"https:\/\/gpl-love.com\/es\/wp-json\/wp\/v2\/comments?post=121614"}],"wp:featuredmedia":[{"embeddable":true,"href":"https:\/\/gpl-love.com\/es\/wp-json\/wp\/v2\/media\/168267"}],"wp:attachment":[{"href":"https:\/\/gpl-love.com\/es\/wp-json\/wp\/v2\/media?parent=121614"}],"wp:term":[{"taxonomy":"product_brand","embeddable":true,"href":"https:\/\/gpl-love.com\/es\/wp-json\/wp\/v2\/product_brand?post=121614"},{"taxonomy":"product_cat","embeddable":true,"href":"https:\/\/gpl-love.com\/es\/wp-json\/wp\/v2\/product_cat?post=121614"},{"taxonomy":"product_tag","embeddable":true,"href":"https:\/\/gpl-love.com\/es\/wp-json\/wp\/v2\/product_tag?post=121614"}],"curies":[{"name":"wp","href":"https:\/\/api.w.org\/{rel}","templated":true}]}}