{"id":121612,"date":"2025-06-30T00:00:00","date_gmt":"2025-06-30T05:00:00","guid":{"rendered":"https:\/\/gpl-love.com\/es\/producto\/woocommerce-shipping-tracking\/"},"modified":"2026-03-09T08:25:20","modified_gmt":"2026-03-09T13:25:20","slug":"woocommerce-shipping-tracking","status":"publish","type":"product","link":"https:\/\/gpl-love.com\/es\/producto\/woocommerce-shipping-tracking\/","title":{"rendered":"WooCommerce Shipping Tracking 42.2"},"content":{"rendered":"<h3>WooCommerce Shipping Tracking Caracteristicas<\/h3>\n<p>El seguimiento del env\u00edo de WooCommerce es un complemento incre\u00edblemente robusto y potente, que permite a los propietarios de tiendas en l\u00ednea rastrear sin esfuerzo y administrar eficientemente sus procedimientos de env\u00edo. El complemento est\u00e1 equipado con una interfaz f\u00e1cil de usar que le permite monitorear diligentemente sus env\u00edos en tiempo real, adquirir actualizaciones de estado de env\u00edo de inmediato e incluso enviar notificaciones oportunas a sus estimados clientes. Al aprovechar este notable complemento, se le otorga la capacidad de administrar convenientemente sus operadores de env\u00edo junto con sus c\u00f3digos de seguimiento correspondientes, as\u00ed como adaptar sus p\u00e1ginas de seguimiento para alinearse sin problemas con la marca \u00fanica de su tienda. No solo eso, sino que tambi\u00e9n le proporciona la oportunidad de establecer tarifas de env\u00edo basadas en m\u00e9todos y zonas de env\u00edo divergentes, al tiempo que lo equipa con informes integrales e informativos relacionados con su rendimiento de env\u00edo. En conclusi\u00f3n, el seguimiento de env\u00edo de WooCommerce indudablemente se erige como una herramienta indispensable para cada propietario de la tienda en l\u00ednea exigente que anhela racionalizar su proceso de env\u00edo y fomentar una experiencia del cliente mejorada e incomparable.<\/p>\n<ul>\n<li>Proporciona informaci\u00f3n de seguimiento actualizada para los pedidos de sus clientes<\/li>\n<li>Se integra a la perfecci\u00f3n con WooCommerce, por lo que no hay necesidad de complementos adicionales<\/li>\n<li>Admite los principales transportistas de env\u00edo como USPS, FedEx, UPS, DHL y m\u00e1s<\/li>\n<li>Permite a los clientes rastrear sus pedidos desde la p\u00e1gina de su cuenta<\/li>\n<li>Env\u00eda notificaciones autom\u00e1ticas por correo electr\u00f3nico cuando el estado del pedido cambia o cuando la informaci\u00f3n de seguimiento est\u00e1 disponible<\/li>\n<li>Se puede personalizar con su propia marca y colores para que coincidan con su tienda<\/li>\n<li>Ayuda a reducir las consultas de los clientes sobre el estado del pedido y las actualizaciones de env\u00edo<\/li>\n<li>F\u00e1cil de usar, con configuraci\u00f3n simple y documentaci\u00f3n clara<\/li>\n<li>Incluye apoyo premium de nuestro equipo de expertos<\/li>\n<li>Actualizaciones y mejoras regulares para garantizar la compatibilidad con las \u00faltimas versiones de WooCommerce y transportistas de env\u00edo.<\/li>\n<\/ul>\n","protected":false},"excerpt":{"rendered":"<p>La utilizaci\u00f3n del complemento de seguimiento de env\u00edo de WooCommerce facilita la perfecta provisi\u00f3n de informaci\u00f3n de seguimiento a sus estimados clientes para sus pedidos. A trav\u00e9s de la incorporaci\u00f3n de este notable complemento, es capaz de agregar sin esfuerzo los n\u00fameros de seguimiento a los pedidos, lo que posteriormente permite el env\u00edo automatizado de notificaciones de correo electr\u00f3nico que abarcan enlaces de seguimiento. Adem\u00e1s, la personalizaci\u00f3n de las notificaciones por correo electr\u00f3nico es posible, lo que permite la integraci\u00f3n de la marca \u00fanica de su tienda, asegurando as\u00ed una experiencia de seguimiento coherente y personalizada para sus valiosos clientes. En virtud de integrar el complemento de seguimiento de env\u00edo de WooCommerce, podr\u00e1 mejorar significativamente los niveles de satisfacci\u00f3n del cliente y al mismo tiempo mitigar la frecuencia de las consultas de los clientes.<\/p>\n","protected":false},"featured_media":168260,"comment_status":"open","ping_status":"open","template":"","meta":[],"product_brand":[2339],"product_cat":[1208,1207,1206],"product_tag":[1256],"class_list":{"0":"post-121612","1":"product","2":"type-product","3":"status-publish","4":"has-post-thumbnail","6":"product_brand-codecanyon","7":"product_cat-administracion","8":"product_cat-comercio-electronico-plugins","9":"product_cat-plugins","10":"product_tag-codecanyon","11":"member-discount","12":"discount-restricted","14":"first","15":"instock","16":"sale","17":"downloadable","18":"virtual","19":"sold-individually","20":"purchasable","21":"product-type-simple"},"_links":{"self":[{"href":"https:\/\/gpl-love.com\/es\/wp-json\/wp\/v2\/product\/121612","targetHints":{"allow":["GET"]}}],"collection":[{"href":"https:\/\/gpl-love.com\/es\/wp-json\/wp\/v2\/product"}],"about":[{"href":"https:\/\/gpl-love.com\/es\/wp-json\/wp\/v2\/types\/product"}],"replies":[{"embeddable":true,"href":"https:\/\/gpl-love.com\/es\/wp-json\/wp\/v2\/comments?post=121612"}],"wp:featuredmedia":[{"embeddable":true,"href":"https:\/\/gpl-love.com\/es\/wp-json\/wp\/v2\/media\/168260"}],"wp:attachment":[{"href":"https:\/\/gpl-love.com\/es\/wp-json\/wp\/v2\/media?parent=121612"}],"wp:term":[{"taxonomy":"product_brand","embeddable":true,"href":"https:\/\/gpl-love.com\/es\/wp-json\/wp\/v2\/product_brand?post=121612"},{"taxonomy":"product_cat","embeddable":true,"href":"https:\/\/gpl-love.com\/es\/wp-json\/wp\/v2\/product_cat?post=121612"},{"taxonomy":"product_tag","embeddable":true,"href":"https:\/\/gpl-love.com\/es\/wp-json\/wp\/v2\/product_tag?post=121612"}],"curies":[{"name":"wp","href":"https:\/\/api.w.org\/{rel}","templated":true}]}}