{"id":121610,"date":"2025-08-03T00:00:00","date_gmt":"2025-08-03T05:00:00","guid":{"rendered":"https:\/\/gpl-love.com\/es\/producto\/woocommerce-search-engine\/"},"modified":"2026-03-09T08:25:10","modified_gmt":"2026-03-09T13:25:10","slug":"woocommerce-search-engine","status":"publish","type":"product","link":"https:\/\/gpl-love.com\/es\/producto\/woocommerce-search-engine\/","title":{"rendered":"WooCommerce Search Engine 2.3.2"},"content":{"rendered":"<h3>WooCommerce Search Engine Caracteristicas<\/h3>\n<p>El motor de b\u00fasqueda de WooCommerce, una herramienta revolucionaria ideada para mejorar la funcionalidad de b\u00fasqueda para los clientes de las tiendas en l\u00ednea, cuenta con una variedad de caracter\u00edsticas avanzadas. Este complemento notable no solo acelera el proceso de localizaci\u00f3n de productos para los usuarios, sino que tambi\u00e9n presenta m\u00faltiples opciones de b\u00fasqueda, como b\u00fasqueda de autocompletar, sugerencia de palabras clave y correcci\u00f3n de ortograf\u00eda. Adem\u00e1s, eleva la experiencia del cliente al presentar los resultados de b\u00fasqueda que son pertinentes y precisos. Sin lugar a dudas, el motor de b\u00fasqueda de WooCommerce es un activo indispensable para cualquier minorista en l\u00ednea exigente que se esfuerce por refinar la funcionalidad de b\u00fasqueda de su sitio web y optimice la experiencia general del usuario.<\/p>\n<ul>\n<li>Resultados de b\u00fasqueda r\u00e1pidos y confiables para su tienda WooCommerce<\/li>\n<li>Configuraci\u00f3n de b\u00fasqueda personalizable para satisfacer las necesidades espec\u00edficas de su tienda<\/li>\n<li>Funcionalidad autocompletar para una b\u00fasqueda f\u00e1cil y eficiente<\/li>\n<li>Capacidad para buscar en m\u00faltiples atributos del producto, incluidas etiquetas, categor\u00edas y variaciones de productos<\/li>\n<li>Sugerencias de b\u00fasqueda en tiempo real para ayudar a los usuarios a encontrar lo que est\u00e1n buscando<\/li>\n<li>Navegaci\u00f3n mejorada y experiencia de usuario para clientes que buscan en su tienda<\/li>\n<li>Integraci\u00f3n con su tema y complementos existentes de WooCommerce para una integraci\u00f3n perfecta<\/li>\n<li>Actualizaciones y soporte regulares del proveedor para garantizar la funcionalidad y la optimizaci\u00f3n continuas.<\/li>\n<\/ul>\n","protected":false},"excerpt":{"rendered":"<p>El motor de b\u00fasqueda de WooCommerce, una herramienta incre\u00edblemente potente, tiene el prop\u00f3sito de permitir a los clientes localizar productos r\u00e1pidos y sin esfuerzo dentro de su tienda de WooCommerce. Armado con una gran cantidad de caracter\u00edsticas de b\u00fasqueda avanzadas, que incluyen autocompletar, correcci\u00f3n de hechizos y filtros, los clientes poseen la capacidad de examinar r\u00e1pidamente una extensa gama de productos, finalmente concentr\u00e1ndose en su art\u00edculo deseado. Este motor de b\u00fasqueda no solo ofrece una funcionalidad tan notable, sino que tambi\u00e9n est\u00e1 meticulosamente optimizada para la velocidad, lo que garantiza la provisi\u00f3n de resultados de b\u00fasqueda de rayo que est\u00e1n obligados a cautivar a los clientes, asegurando su regreso y su compromiso continuo. Eleve la experiencia de compra para su estimada clientela y catapulte sus cifras de ventas a alturas sin precedentes incorporando el motor de b\u00fasqueda de WooCommerce en su plataforma.<\/p>\n","protected":false},"featured_media":168254,"comment_status":"open","ping_status":"open","template":"","meta":[],"product_brand":[2339],"product_cat":[1208,1207,1206],"product_tag":[1256],"class_list":{"0":"post-121610","1":"product","2":"type-product","3":"status-publish","4":"has-post-thumbnail","6":"product_brand-codecanyon","7":"product_cat-administracion","8":"product_cat-comercio-electronico-plugins","9":"product_cat-plugins","10":"product_tag-codecanyon","11":"member-discount","12":"discount-restricted","14":"first","15":"instock","16":"sale","17":"downloadable","18":"virtual","19":"sold-individually","20":"purchasable","21":"product-type-simple"},"_links":{"self":[{"href":"https:\/\/gpl-love.com\/es\/wp-json\/wp\/v2\/product\/121610","targetHints":{"allow":["GET"]}}],"collection":[{"href":"https:\/\/gpl-love.com\/es\/wp-json\/wp\/v2\/product"}],"about":[{"href":"https:\/\/gpl-love.com\/es\/wp-json\/wp\/v2\/types\/product"}],"replies":[{"embeddable":true,"href":"https:\/\/gpl-love.com\/es\/wp-json\/wp\/v2\/comments?post=121610"}],"wp:featuredmedia":[{"embeddable":true,"href":"https:\/\/gpl-love.com\/es\/wp-json\/wp\/v2\/media\/168254"}],"wp:attachment":[{"href":"https:\/\/gpl-love.com\/es\/wp-json\/wp\/v2\/media?parent=121610"}],"wp:term":[{"taxonomy":"product_brand","embeddable":true,"href":"https:\/\/gpl-love.com\/es\/wp-json\/wp\/v2\/product_brand?post=121610"},{"taxonomy":"product_cat","embeddable":true,"href":"https:\/\/gpl-love.com\/es\/wp-json\/wp\/v2\/product_cat?post=121610"},{"taxonomy":"product_tag","embeddable":true,"href":"https:\/\/gpl-love.com\/es\/wp-json\/wp\/v2\/product_tag?post=121610"}],"curies":[{"name":"wp","href":"https:\/\/api.w.org\/{rel}","templated":true}]}}