{"id":121606,"date":"2025-11-06T00:00:00","date_gmt":"2025-11-06T05:00:00","guid":{"rendered":"https:\/\/gpl-love.com\/es\/producto\/woocommerce-products-compare\/"},"modified":"2026-04-10T11:33:30","modified_gmt":"2026-04-10T16:33:30","slug":"woocommerce-products-compare","status":"publish","type":"product","link":"https:\/\/gpl-love.com\/es\/producto\/woocommerce-products-compare\/","title":{"rendered":"WooCommerce Products Compare 1.4.3"},"content":{"rendered":"<h3>WooCommerce Products Compare Caracteristicas<\/h3>\n<p>Los productos de WooCommerce comparan el complemento, espec\u00edficamente elaborado para las tiendas en l\u00ednea, tiene como objetivo elevar la experiencia general del cliente al otorgarles la capacidad de comparar y contrastar meticulosamente una gran cantidad de diversos productos que despiertan su inter\u00e9s. Este ingenioso complemento ofrece una interfaz perfectamente navegable, lo que permite a los clientes evaluar y yuxtaponer meticulosamente una variedad de productos, teniendo en cuenta una multitud de atributos distintivos, por ejemplo, precio, dimensiones, variantes de color y otras facetas pivotales. Al aprovechar el poder de este complemento excepcional, los clientes reciben la capacidad invaluable de tomar decisiones de compra bien informadas y juiciosas, catapultando cifras de ventas a alturas sin precedentes y fomentando niveles incomparables de la gratificaci\u00f3n del cliente. Adem\u00e1s, el complemento de comparaci\u00f3n de productos WooCommerce Compare es reconocido por su simplicidad inherente en t\u00e9rminos de instalaci\u00f3n y personalizaci\u00f3n, lo que le convierte en una soluci\u00f3n ejemplar para empresas de comercio electr\u00f3nico que anhela aumentar la destreza funcional de sus escaparates virtuales.<\/p>\n<ul>\n<li>Permite a los clientes comparar m\u00faltiples productos en su tienda WooCommerce<\/li>\n<li>Interfaz simple y f\u00e1cil de usar para comparaciones f\u00e1ciles<\/li>\n<li>Muestra las caracter\u00edsticas clave del producto uno al lado del otro para una f\u00e1cil comparaci\u00f3n<\/li>\n<li>Se puede personalizar f\u00e1cilmente para que coincida con la apariencia de su sitio web<\/li>\n<li>Aumenta la participaci\u00f3n del cliente y el tiempo dedicado a su sitio web<\/li>\n<li>Ayuda a los clientes a tomar decisiones de compra informadas<\/li>\n<li>Admite todos los tipos de productos, incluidos productos variables.<\/li>\n<li>Compatible con la mayor\u00eda de los temas y complementos de WooCommerce<\/li>\n<li>Dise\u00f1o amigable para dispositivos m\u00f3viles para una experiencia perfecta en todos los dispositivos<\/li>\n<li>Ahorra tiempo y mejora la experiencia de compra para sus clientes<\/li>\n<\/ul>\n","protected":false},"excerpt":{"rendered":"<p>Los productos de WooCommerce comparan, una herramienta muy f\u00e1cil de usar, presenta la oportunidad para que los clientes comparen convenientemente m\u00faltiples productos de una manera de lado a lado, lo que facilita su capacidad para tomar decisiones bien informadas cuando se trata de comprar. Al integrar este complemento en su sitio de WooCommerce, los clientes obtienen la capacidad de evaluar y evaluar r\u00e1pidamente factores cruciales como las caracter\u00edsticas del producto, los precios y otros detalles significativos. Esta herramienta excepcionalmente completa cuenta con una variedad de caracter\u00edsticas, incluida una tabla de comparaci\u00f3n totalmente personalizable, carga perfecta basada en AJAX, opciones de filtro vers\u00e1tiles y una abundancia de funcionalidades adicionales. Al incorporar productos de WooCommerce en comparaci\u00f3n con su plataforma de compras en l\u00ednea, puede mejorar significativamente la experiencia general de compra de su estimada clientela y al mismo tiempo impulsar mayores ventas e ingresos.<\/p>\n","protected":false},"featured_media":168237,"comment_status":"open","ping_status":"open","template":"","meta":[],"product_brand":[2344],"product_cat":[1208,1207,1206],"product_tag":[1423],"class_list":{"0":"post-121606","1":"product","2":"type-product","3":"status-publish","4":"has-post-thumbnail","6":"product_brand-woocommerce","7":"product_cat-administracion","8":"product_cat-comercio-electronico-plugins","9":"product_cat-plugins","10":"product_tag-woocommerce","11":"member-discount","12":"discount-restricted","14":"first","15":"instock","16":"sale","17":"downloadable","18":"virtual","19":"sold-individually","20":"purchasable","21":"product-type-simple"},"_links":{"self":[{"href":"https:\/\/gpl-love.com\/es\/wp-json\/wp\/v2\/product\/121606","targetHints":{"allow":["GET"]}}],"collection":[{"href":"https:\/\/gpl-love.com\/es\/wp-json\/wp\/v2\/product"}],"about":[{"href":"https:\/\/gpl-love.com\/es\/wp-json\/wp\/v2\/types\/product"}],"replies":[{"embeddable":true,"href":"https:\/\/gpl-love.com\/es\/wp-json\/wp\/v2\/comments?post=121606"}],"wp:featuredmedia":[{"embeddable":true,"href":"https:\/\/gpl-love.com\/es\/wp-json\/wp\/v2\/media\/168237"}],"wp:attachment":[{"href":"https:\/\/gpl-love.com\/es\/wp-json\/wp\/v2\/media?parent=121606"}],"wp:term":[{"taxonomy":"product_brand","embeddable":true,"href":"https:\/\/gpl-love.com\/es\/wp-json\/wp\/v2\/product_brand?post=121606"},{"taxonomy":"product_cat","embeddable":true,"href":"https:\/\/gpl-love.com\/es\/wp-json\/wp\/v2\/product_cat?post=121606"},{"taxonomy":"product_tag","embeddable":true,"href":"https:\/\/gpl-love.com\/es\/wp-json\/wp\/v2\/product_tag?post=121606"}],"curies":[{"name":"wp","href":"https:\/\/api.w.org\/{rel}","templated":true}]}}